{"id":942,"date":"2024-04-02T00:50:37","date_gmt":"2024-04-02T07:50:37","guid":{"rendered":"https:\/\/caluanieoxidizeusa.com\/?post_type=product&#038;p=942"},"modified":"2025-12-22T17:20:13","modified_gmt":"2025-12-23T00:20:13","slug":"caluanie-muelear-oxidize-100l","status":"publish","type":"product","link":"https:\/\/caluanieoxidizeusa.com\/vi\/san-pham\/caluanie-muelear-oxidize-100l\/","title":{"rendered":"Caluanie Muelear Oxidize 100L"},"content":{"rendered":"<h2 style=\"text-align: center;\">T\u1ed5ng quan<\/h2>\n<p>N\u1ebfu b\u1ea1n \u0111ang t\u00ecm ki\u1ebfm m\u1ed9t ngu\u1ed3n \u0111\u00e1ng tin c\u1eady \u0111\u1ec3 mua Caluanie Muelear Oxidize 100L, b\u1ea1n \u0111\u00e3 \u0111\u1ebfn \u0111\u00fang n\u01a1i. Kh\u00e1m ph\u00e1 s\u1ea3n ph\u1ea9m \u0111\u1ed9c quy\u1ec1n c\u1ee7a ch\u00fang t\u00f4i t\u1ea1i c\u1eeda h\u00e0ng - m\u1ed9t s\u1ea3n ph\u1ea9m h\u00e0ng \u0111\u1ea7u \u0111\u01b0\u1ee3c s\u0103n \u0111\u00f3n v\u00ec nhi\u1ec1u c\u00f4ng d\u1ee5ng. Caluanie Muelear Oxidize n\u1ed5i b\u1eadt l\u00e0 m\u1ed9t h\u1ed7n h\u1ee3p h\u00f3a h\u1ecdc \u0111\u01b0\u1ee3c t\u00f4n s\u00f9ng nh\u1edd nh\u1eefng \u0111\u1eb7c t\u00ednh v\u01b0\u1ee3t tr\u1ed9i c\u1ee7a n\u00f3. <a href=\"https:\/\/en.wikipedia.org\/wiki\/Oxidizing_agent\">s\u1ef1 oxy h\u00f3a<\/a> kh\u1ea3 n\u0103ng.<\/p>\n<p>&nbsp;<\/p>\n<h3>\u0110\u1eb7t h\u00e0ng Caluanie Muelear Oxidize \u2013 S\u1ea3n ph\u1ea9m ch\u1ea5t l\u01b0\u1ee3ng cao cho nhi\u1ec1u \u1ee9ng d\u1ee5ng kh\u00e1c nhau<\/h3>\n<p dir=\"auto\" data-pm-slice=\"1 1 []\">Kh\u00e1m ph\u00e1 s\u1ee9c m\u1ea1nh c\u1ee7a Caluanie Muelear Oxidize 100L \u2013 gi\u1ea3i ph\u00e1p t\u1ed1i \u01b0u cho nhi\u1ec1u \u1ee9ng d\u1ee5ng c\u00f4ng nghi\u1ec7p. \u0110\u1eb7t mua Caluanie Muelear Oxidize s\u1ed1 l\u01b0\u1ee3ng l\u1edbn v\u1edbi gi\u00e1 b\u00e1n bu\u00f4n v\u00e0 giao h\u00e0ng to\u00e0n c\u1ea7u. T\u00ecm <a href=\"https:\/\/caluanieoxidizeusa.com\/vi\/san-pham\/caluanie-muelear-oxidize-100l\/\">Muelear Oxidize \u0111\u1ec3 b\u00e1n<\/a> T\u1ea1i <a href=\"http:\/\/caluanieoxidizeusa.com\/vi\/\" target=\"_blank\" rel=\"noopener noreferrer nofollow\">caluanieoxidizeusa.com<\/a> v\u00e0 n\u00e2ng cao quy tr\u00ecnh c\u1ee7a b\u1ea1n v\u1edbi s\u1ea3n ph\u1ea9m m\u1ea1nh m\u1ebd n\u00e0y.<\/p>\n<h3>\u0110\u1eb7c tr\u01b0ng:<\/h3>\n<p dir=\"auto\" data-pm-slice=\"1 1 []\"><b>Ch\u1ea5t t\u1ea9y v\u1ebft b\u1ea9n m\u1ea1nh m\u1ebd<\/b>: N\u00f3i l\u1eddi t\u1ea1m bi\u1ec7t v\u1edbi nh\u1eefng v\u1ebft b\u1ea9n c\u1ee9ng \u0111\u1ea7u v\u1edbi s\u1ee9c m\u1ea1nh oxy h\u00f3a m\u1ea1nh m\u1ebd c\u1ee7a Caluanie Muelear Oxidize 100L.<\/p>\n<p dir=\"auto\" data-pm-slice=\"1 1 []\"><b>Ch\u1ea5t t\u1ea9y s\u01a1n hi\u1ec7u qu\u1ea3<\/b>:D\u1ec5 d\u00e0ng lo\u1ea1i b\u1ecf c\u00e1c l\u1edbp s\u01a1n b\u1eb1ng dung d\u1ecbch m\u1ea1nh n\u00e0y.<\/p>\n<p dir=\"auto\" data-pm-slice=\"1 1 []\"><b>V\u1eadn chuy\u1ec3n to\u00e0n c\u1ea7u<\/b>:D\u00f9 b\u1ea1n \u1edf b\u1ea5t c\u1ee9 \u0111\u00e2u tr\u00ean th\u1ebf gi\u1edbi, gi\u1edd \u0111\u00e2y b\u1ea1n \u0111\u1ec1u c\u00f3 th\u1ec3 s\u1edf h\u1eefu s\u1ea3n ph\u1ea9m tuy\u1ec7t v\u1eddi n\u00e0y.<\/p>\n<h3>Th\u00f4ng s\u1ed1 k\u1ef9 thu\u1eadt:<\/h3>\n<ul>\n<li dir=\"auto\" data-pm-slice=\"1 1 []\">K\u00edch th\u01b0\u1edbc th\u00f9ng ch\u1ee9a 100L<\/li>\n<li dir=\"auto\" data-pm-slice=\"1 1 []\">C\u00f4ng th\u1ee9c c\u1ea5p c\u00f4ng nghi\u1ec7p<\/li>\n<li dir=\"auto\" data-pm-slice=\"1 1 []\">Ph\u00f9 h\u1ee3p v\u1edbi nhi\u1ec1u b\u1ec1 m\u1eb7t kh\u00e1c nhau<\/li>\n<\/ul>\n<h3>Mua Muelear Oxidize 100L<\/h3>\n<p>Mua Muelear Oxidize 100L, \u0111\u01b0\u1ee3c s\u1ea3n xu\u1ea5t theo ti\u00eau chu\u1ea9n cao nh\u1ea5t, \u0111\u1ea3m b\u1ea3o ch\u1ea5t l\u01b0\u1ee3ng v\u00e0 hi\u1ec7u qu\u1ea3. \u0110\u00e2y l\u00e0 dung m\u00f4i m\u1ea1nh m\u1ebd c\u00f3 th\u1ec3 \u0111\u01b0\u1ee3c s\u1eed d\u1ee5ng cho nhi\u1ec1u m\u1ee5c \u0111\u00edch, bao g\u1ed3m t\u1ea9y s\u01a1n, l\u00e0m s\u1ea1ch kim lo\u1ea1i v\u00e0 nhi\u1ec1u \u1ee9ng d\u1ee5ng c\u00f4ng nghi\u1ec7p kh\u00e1c. C\u00e1c \u0111\u1eb7c t\u00ednh \u0111\u1ed9c \u0111\u00e1o c\u1ee7a n\u00f3 khi\u1ebfn n\u00f3 tr\u1edf th\u00e0nh l\u1ef1a ch\u1ecdn l\u00fd t\u01b0\u1edfng cho c\u00e1c chuy\u00ean gia trong nhi\u1ec1u ng\u00e0nh c\u00f4ng nghi\u1ec7p kh\u00e1c nhau.<\/p>\n<h3><a href=\"https:\/\/caluanieoxidizeusa.com\/vi\/san-pham\/caluanie-muelear-oxidize-100l\/\">Muelear Oxidize \u0111\u01b0\u1ee3c v\u1eadn chuy\u1ec3n tr\u00ean to\u00e0n th\u1ebf gi\u1edbi<\/a><\/h3>\n<p>Ch\u00fang t\u00f4i hi\u1ec3u r\u1eb1ng kh\u00e1ch h\u00e0ng c\u1ee7a ch\u00fang t\u00f4i \u0111\u1ebfn t\u1eeb kh\u1eafp n\u01a1i tr\u00ean th\u1ebf gi\u1edbi, \u0111\u00f3 l\u00e0 l\u00fd do t\u1ea1i sao ch\u00fang t\u00f4i cung c\u1ea5p d\u1ecbch v\u1ee5 v\u1eadn chuy\u1ec3n to\u00e0n c\u1ea7u. D\u00f9 b\u1ea1n \u1edf \u0111\u00e2u, b\u1ea1n c\u0169ng c\u00f3 th\u1ec3 \u0111\u1eb7t mua Caluanie Muelear Oxidize 100L v\u00e0 \u0111\u01b0\u1ee3c giao h\u00e0ng t\u1eadn nh\u00e0. Ch\u00fang t\u00f4i c\u0169ng cung c\u1ea5p t\u00f9y ch\u1ecdn b\u00e1n bu\u00f4n cho nh\u1eefng kh\u00e1ch h\u00e0ng c\u1ea7n s\u1ed1 l\u01b0\u1ee3ng l\u1edbn s\u1ea3n ph\u1ea9m n\u00e0y.<\/p>\n<p>Khi b\u1ea1n <a href=\"https:\/\/caluanieoxidizeusa.com\/vi\/san-pham\/caluanie-muelear-oxidize-100l\/\">mua Caluanie Muelear<\/a> Khi mua s\u1ea3n ph\u1ea9m Oxidize c\u1ee7a ch\u00fang t\u00f4i, b\u1ea1n c\u00f3 th\u1ec3 ho\u00e0n to\u00e0n y\u00ean t\u00e2m r\u1eb1ng m\u00ecnh \u0111ang nh\u1eadn \u0111\u01b0\u1ee3c s\u1ea3n ph\u1ea9m ch\u1ea5t l\u01b0\u1ee3ng cao, \u0111\u00e1p \u1ee9ng nhu c\u1ea7u c\u1ee5 th\u1ec3 c\u1ee7a m\u00ecnh. Giao h\u00e0ng \u0111\u00fang h\u1eb9n, mi\u1ec5n ph\u00ed v\u1eadn chuy\u1ec3n, h\u00f3a ch\u1ea5t ch\u00ednh h\u00e3ng v\u00e0 d\u1ecbch v\u1ee5 h\u1ed7 tr\u1ee3 kh\u00e1ch h\u00e0ng t\u1eadn t\u00e2m l\u00e0 nh\u1eefng g\u00ec b\u1ea1n nh\u1eadn \u0111\u01b0\u1ee3c khi \u0111\u1eb7t h\u00e0ng t\u1eeb ch\u00fang t\u00f4i.<\/p>\n<p>\u0110\u1eb7t h\u00e0ng c\u1ee7a b\u1ea1n cho <a href=\"https:\/\/caluanieoxidizeusa.com\/vi\/san-pham\/caluanie-muelear-oxidize-100l\/\">Caluanie Muelear Oxidize 100Liters<\/a> ngay h\u00f4m nay v\u00e0 tr\u1ea3i nghi\u1ec7m nh\u1eefng l\u1ee3i \u00edch c\u1ee7a s\u1ea3n ph\u1ea9m \u0111\u1eb7c bi\u1ec7t n\u00e0y.<\/p>","protected":false},"excerpt":{"rendered":"<p><a href=\"https:\/\/caluanieoxidizeusa.com\/vi\/san-pham\/caluanie-muelear-oxidize-100l\/\">Caluanie Muelear \u0111\u01b0\u1ee3c v\u1eadn chuy\u1ec3n tr\u00ean to\u00e0n th\u1ebf gi\u1edbi<\/a><\/p>\n<ul>\n<li dir=\"auto\" data-pm-slice=\"1 1 []\"><strong>K\u00edch th\u01b0\u1edbc th\u00f9ng ch\u1ee9a 100L<\/strong><\/li>\n<li dir=\"auto\" data-pm-slice=\"1 1 []\"><strong>C\u00f4ng th\u1ee9c c\u1ea5p c\u00f4ng nghi\u1ec7p<\/strong><\/li>\n<li dir=\"auto\" data-pm-slice=\"1 1 []\"><strong>Ph\u00f9 h\u1ee3p v\u1edbi nhi\u1ec1u b\u1ec1 m\u1eb7t kh\u00e1c nhau<\/strong><\/li>\n<\/ul>","protected":false},"featured_media":943,"comment_status":"open","ping_status":"closed","template":"","meta":{"_et_pb_use_builder":"","_et_pb_old_content":"","_et_gb_content_width":"","_monsterinsights_skip_tracking":false,"_monsterinsights_sitenote_active":false,"_monsterinsights_sitenote_note":"","_monsterinsights_sitenote_category":0},"product_brand":[],"product_cat":[25],"product_tag":[],"class_list":{"0":"post-942","1":"product","2":"type-product","3":"status-publish","4":"has-post-thumbnail","6":"product_cat-chemical","8":"first","9":"instock","10":"sale","11":"shipping-taxable","12":"purchasable","13":"product-type-simple"},"yoast_head":"<!-- This site is optimized with the Yoast SEO Premium plugin v22.3 (Yoast SEO v27.4) - https:\/\/yoast.com\/product\/yoast-seo-premium-wordpress\/ -->\n<title>Caluanie Muelear Oxidize 100L | Caluanie Oxidize USA<\/title>\n<meta name=\"description\" content=\"If you are looking for a reliable source to buy Caluanie Muelear Oxidize 100L, you have come to the right place. Discover our exclusive offering at the\" \/>\n<meta name=\"robots\" content=\"index, follow, max-snippet:-1, max-image-preview:large, max-video-preview:-1\" \/>\n<link rel=\"canonical\" href=\"https:\/\/caluanieoxidizeusa.com\/vi\/san-pham\/caluanie-muelear-oxidize-100l\/\" \/>\n<meta property=\"og:locale\" content=\"vi_VN\" \/>\n<meta property=\"og:type\" content=\"article\" \/>\n<meta property=\"og:title\" content=\"Caluanie Muelear Oxidize 100L\" \/>\n<meta property=\"og:description\" content=\"If you are looking for a reliable source to buy Caluanie Muelear Oxidize 100L, you have come to the right place. Discover our exclusive offering at the\" \/>\n<meta property=\"og:url\" content=\"https:\/\/caluanieoxidizeusa.com\/vi\/san-pham\/caluanie-muelear-oxidize-100l\/\" \/>\n<meta property=\"og:site_name\" content=\"Caluanie Oxidize USA\" \/>\n<meta property=\"article:modified_time\" content=\"2025-12-23T00:20:13+00:00\" \/>\n<meta property=\"og:image\" content=\"https:\/\/caluanieoxidizeusa.com\/wp-content\/uploads\/2024\/04\/caluanie-muelear-100L.webp\" \/>\n\t<meta property=\"og:image:width\" content=\"854\" \/>\n\t<meta property=\"og:image:height\" content=\"854\" \/>\n\t<meta property=\"og:image:type\" content=\"image\/webp\" \/>\n<meta name=\"twitter:card\" content=\"summary_large_image\" \/>\n<meta name=\"twitter:label1\" content=\"\u01af\u1edbc t\u00ednh th\u1eddi gian \u0111\u1ecdc\" \/>\n\t<meta name=\"twitter:data1\" content=\"2 ph\u00fat\" \/>\n<script type=\"application\/ld+json\" class=\"yoast-schema-graph\">{\"@context\":\"https:\\\/\\\/schema.org\",\"@graph\":[{\"@type\":\"WebPage\",\"@id\":\"https:\\\/\\\/caluanieoxidizeusa.com\\\/product\\\/caluanie-muelear-oxidize-100l\\\/\",\"url\":\"https:\\\/\\\/caluanieoxidizeusa.com\\\/product\\\/caluanie-muelear-oxidize-100l\\\/\",\"name\":\"Caluanie Muelear Oxidize 100L | Caluanie Oxidize USA\",\"isPartOf\":{\"@id\":\"https:\\\/\\\/caluanieoxidizeusa.com\\\/#website\"},\"primaryImageOfPage\":{\"@id\":\"https:\\\/\\\/caluanieoxidizeusa.com\\\/product\\\/caluanie-muelear-oxidize-100l\\\/#primaryimage\"},\"image\":{\"@id\":\"https:\\\/\\\/caluanieoxidizeusa.com\\\/product\\\/caluanie-muelear-oxidize-100l\\\/#primaryimage\"},\"thumbnailUrl\":\"https:\\\/\\\/caluanieoxidizeusa.com\\\/wp-content\\\/uploads\\\/2024\\\/04\\\/caluanie-muelear-100L.webp\",\"datePublished\":\"2024-04-02T07:50:37+00:00\",\"dateModified\":\"2025-12-23T00:20:13+00:00\",\"description\":\"If you are looking for a reliable source to buy Caluanie Muelear Oxidize 100L, you have come to the right place. Discover our exclusive offering at the\",\"breadcrumb\":{\"@id\":\"https:\\\/\\\/caluanieoxidizeusa.com\\\/product\\\/caluanie-muelear-oxidize-100l\\\/#breadcrumb\"},\"inLanguage\":\"vi\",\"potentialAction\":[{\"@type\":\"ReadAction\",\"target\":[\"https:\\\/\\\/caluanieoxidizeusa.com\\\/product\\\/caluanie-muelear-oxidize-100l\\\/\"]}]},{\"@type\":\"ImageObject\",\"inLanguage\":\"vi\",\"@id\":\"https:\\\/\\\/caluanieoxidizeusa.com\\\/product\\\/caluanie-muelear-oxidize-100l\\\/#primaryimage\",\"url\":\"https:\\\/\\\/caluanieoxidizeusa.com\\\/wp-content\\\/uploads\\\/2024\\\/04\\\/caluanie-muelear-100L.webp\",\"contentUrl\":\"https:\\\/\\\/caluanieoxidizeusa.com\\\/wp-content\\\/uploads\\\/2024\\\/04\\\/caluanie-muelear-100L.webp\",\"width\":854,\"height\":854,\"caption\":\"Buy Muelear Oxidize 100L\"},{\"@type\":\"BreadcrumbList\",\"@id\":\"https:\\\/\\\/caluanieoxidizeusa.com\\\/product\\\/caluanie-muelear-oxidize-100l\\\/#breadcrumb\",\"itemListElement\":[{\"@type\":\"ListItem\",\"position\":1,\"name\":\"Home\",\"item\":\"https:\\\/\\\/caluanieoxidizeusa.com\\\/\"},{\"@type\":\"ListItem\",\"position\":2,\"name\":\"Chemicals\",\"item\":\"https:\\\/\\\/caluanieoxidizeusa.com\\\/chemicals\\\/\"},{\"@type\":\"ListItem\",\"position\":3,\"name\":\"Caluanie Muelear Oxidize 100L\"}]},{\"@type\":\"WebSite\",\"@id\":\"https:\\\/\\\/caluanieoxidizeusa.com\\\/#website\",\"url\":\"https:\\\/\\\/caluanieoxidizeusa.com\\\/\",\"name\":\"Caluanie Oxidize USA\",\"description\":\"Caluanie Muelear Oxidize\",\"publisher\":{\"@id\":\"https:\\\/\\\/caluanieoxidizeusa.com\\\/#organization\"},\"potentialAction\":[{\"@type\":\"SearchAction\",\"target\":{\"@type\":\"EntryPoint\",\"urlTemplate\":\"https:\\\/\\\/caluanieoxidizeusa.com\\\/?s={search_term_string}\"},\"query-input\":{\"@type\":\"PropertyValueSpecification\",\"valueRequired\":true,\"valueName\":\"search_term_string\"}}],\"inLanguage\":\"vi\"},{\"@type\":\"Organization\",\"@id\":\"https:\\\/\\\/caluanieoxidizeusa.com\\\/#organization\",\"name\":\"Caluanie Oxidize USA\",\"url\":\"https:\\\/\\\/caluanieoxidizeusa.com\\\/\",\"logo\":{\"@type\":\"ImageObject\",\"inLanguage\":\"vi\",\"@id\":\"https:\\\/\\\/caluanieoxidizeusa.com\\\/#\\\/schema\\\/logo\\\/image\\\/\",\"url\":\"https:\\\/\\\/caluanieoxidizeusa.com\\\/wp-content\\\/uploads\\\/2024\\\/03\\\/cropped-image_2024-03-31_081852907.png\",\"contentUrl\":\"https:\\\/\\\/caluanieoxidizeusa.com\\\/wp-content\\\/uploads\\\/2024\\\/03\\\/cropped-image_2024-03-31_081852907.png\",\"width\":1127,\"height\":1118,\"caption\":\"Caluanie Oxidize USA\"},\"image\":{\"@id\":\"https:\\\/\\\/caluanieoxidizeusa.com\\\/#\\\/schema\\\/logo\\\/image\\\/\"}}]}<\/script>\n<!-- \/ Yoast SEO Premium plugin. -->","yoast_head_json":{"title":"Caluanie Muelear Oxidize 100L | Caluanie Oxidize USA","description":"N\u1ebfu b\u1ea1n \u0111ang t\u00ecm ki\u1ebfm m\u1ed9t ngu\u1ed3n \u0111\u00e1ng tin c\u1eady \u0111\u1ec3 mua Caluanie Muelear Oxidize 100L, b\u1ea1n \u0111\u00e3 \u0111\u1ebfn \u0111\u00fang n\u01a1i. Kh\u00e1m ph\u00e1 \u01b0u \u0111\u00e3i \u0111\u1ed9c quy\u1ec1n c\u1ee7a ch\u00fang t\u00f4i t\u1ea1i","robots":{"index":"index","follow":"follow","max-snippet":"max-snippet:-1","max-image-preview":"max-image-preview:large","max-video-preview":"max-video-preview:-1"},"canonical":"https:\/\/caluanieoxidizeusa.com\/vi\/san-pham\/caluanie-muelear-oxidize-100l\/","og_locale":"vi_VN","og_type":"article","og_title":"Caluanie Muelear Oxidize 100L","og_description":"If you are looking for a reliable source to buy Caluanie Muelear Oxidize 100L, you have come to the right place. Discover our exclusive offering at the","og_url":"https:\/\/caluanieoxidizeusa.com\/vi\/san-pham\/caluanie-muelear-oxidize-100l\/","og_site_name":"Caluanie Oxidize USA","article_modified_time":"2025-12-23T00:20:13+00:00","og_image":[{"width":854,"height":854,"url":"https:\/\/caluanieoxidizeusa.com\/wp-content\/uploads\/2024\/04\/caluanie-muelear-100L.webp","type":"image\/webp"}],"twitter_card":"summary_large_image","twitter_misc":{"\u01af\u1edbc t\u00ednh th\u1eddi gian \u0111\u1ecdc":"2 ph\u00fat"},"schema":{"@context":"https:\/\/schema.org","@graph":[{"@type":"WebPage","@id":"https:\/\/caluanieoxidizeusa.com\/product\/caluanie-muelear-oxidize-100l\/","url":"https:\/\/caluanieoxidizeusa.com\/product\/caluanie-muelear-oxidize-100l\/","name":"Caluanie Muelear Oxidize 100L | Caluanie Oxidize USA","isPartOf":{"@id":"https:\/\/caluanieoxidizeusa.com\/#website"},"primaryImageOfPage":{"@id":"https:\/\/caluanieoxidizeusa.com\/product\/caluanie-muelear-oxidize-100l\/#primaryimage"},"image":{"@id":"https:\/\/caluanieoxidizeusa.com\/product\/caluanie-muelear-oxidize-100l\/#primaryimage"},"thumbnailUrl":"https:\/\/caluanieoxidizeusa.com\/wp-content\/uploads\/2024\/04\/caluanie-muelear-100L.webp","datePublished":"2024-04-02T07:50:37+00:00","dateModified":"2025-12-23T00:20:13+00:00","description":"N\u1ebfu b\u1ea1n \u0111ang t\u00ecm ki\u1ebfm m\u1ed9t ngu\u1ed3n \u0111\u00e1ng tin c\u1eady \u0111\u1ec3 mua Caluanie Muelear Oxidize 100L, b\u1ea1n \u0111\u00e3 \u0111\u1ebfn \u0111\u00fang n\u01a1i. Kh\u00e1m ph\u00e1 \u01b0u \u0111\u00e3i \u0111\u1ed9c quy\u1ec1n c\u1ee7a ch\u00fang t\u00f4i t\u1ea1i","breadcrumb":{"@id":"https:\/\/caluanieoxidizeusa.com\/product\/caluanie-muelear-oxidize-100l\/#breadcrumb"},"inLanguage":"vi","potentialAction":[{"@type":"ReadAction","target":["https:\/\/caluanieoxidizeusa.com\/product\/caluanie-muelear-oxidize-100l\/"]}]},{"@type":"ImageObject","inLanguage":"vi","@id":"https:\/\/caluanieoxidizeusa.com\/product\/caluanie-muelear-oxidize-100l\/#primaryimage","url":"https:\/\/caluanieoxidizeusa.com\/wp-content\/uploads\/2024\/04\/caluanie-muelear-100L.webp","contentUrl":"https:\/\/caluanieoxidizeusa.com\/wp-content\/uploads\/2024\/04\/caluanie-muelear-100L.webp","width":854,"height":854,"caption":"Buy Muelear Oxidize 100L"},{"@type":"BreadcrumbList","@id":"https:\/\/caluanieoxidizeusa.com\/product\/caluanie-muelear-oxidize-100l\/#breadcrumb","itemListElement":[{"@type":"ListItem","position":1,"name":"Home","item":"https:\/\/caluanieoxidizeusa.com\/"},{"@type":"ListItem","position":2,"name":"Chemicals","item":"https:\/\/caluanieoxidizeusa.com\/chemicals\/"},{"@type":"ListItem","position":3,"name":"Caluanie Muelear Oxidize 100L"}]},{"@type":"WebSite","@id":"https:\/\/caluanieoxidizeusa.com\/#website","url":"https:\/\/caluanieoxidizeusa.com\/","name":"Caluanie Oxidize USA","description":"Caluanie Muelear Oxidize","publisher":{"@id":"https:\/\/caluanieoxidizeusa.com\/#organization"},"potentialAction":[{"@type":"SearchAction","target":{"@type":"EntryPoint","urlTemplate":"https:\/\/caluanieoxidizeusa.com\/?s={search_term_string}"},"query-input":{"@type":"PropertyValueSpecification","valueRequired":true,"valueName":"search_term_string"}}],"inLanguage":"vi"},{"@type":"Organization","@id":"https:\/\/caluanieoxidizeusa.com\/#organization","name":"Caluanie Oxidize USA","url":"https:\/\/caluanieoxidizeusa.com\/","logo":{"@type":"ImageObject","inLanguage":"vi","@id":"https:\/\/caluanieoxidizeusa.com\/#\/schema\/logo\/image\/","url":"https:\/\/caluanieoxidizeusa.com\/wp-content\/uploads\/2024\/03\/cropped-image_2024-03-31_081852907.png","contentUrl":"https:\/\/caluanieoxidizeusa.com\/wp-content\/uploads\/2024\/03\/cropped-image_2024-03-31_081852907.png","width":1127,"height":1118,"caption":"Caluanie Oxidize USA"},"image":{"@id":"https:\/\/caluanieoxidizeusa.com\/#\/schema\/logo\/image\/"}}]}},"_links":{"self":[{"href":"https:\/\/caluanieoxidizeusa.com\/vi\/wp-json\/wp\/v2\/product\/942","targetHints":{"allow":["GET"]}}],"collection":[{"href":"https:\/\/caluanieoxidizeusa.com\/vi\/wp-json\/wp\/v2\/product"}],"about":[{"href":"https:\/\/caluanieoxidizeusa.com\/vi\/wp-json\/wp\/v2\/types\/product"}],"replies":[{"embeddable":true,"href":"https:\/\/caluanieoxidizeusa.com\/vi\/wp-json\/wp\/v2\/comments?post=942"}],"wp:featuredmedia":[{"embeddable":true,"href":"https:\/\/caluanieoxidizeusa.com\/vi\/wp-json\/wp\/v2\/media\/943"}],"wp:attachment":[{"href":"https:\/\/caluanieoxidizeusa.com\/vi\/wp-json\/wp\/v2\/media?parent=942"}],"wp:term":[{"taxonomy":"product_brand","embeddable":true,"href":"https:\/\/caluanieoxidizeusa.com\/vi\/wp-json\/wp\/v2\/product_brand?post=942"},{"taxonomy":"product_cat","embeddable":true,"href":"https:\/\/caluanieoxidizeusa.com\/vi\/wp-json\/wp\/v2\/product_cat?post=942"},{"taxonomy":"product_tag","embeddable":true,"href":"https:\/\/caluanieoxidizeusa.com\/vi\/wp-json\/wp\/v2\/product_tag?post=942"}],"curies":[{"name":"wp","href":"https:\/\/api.w.org\/{rel}","templated":true}]}}