{"id":934,"date":"2024-04-01T22:21:30","date_gmt":"2024-04-02T05:21:30","guid":{"rendered":"https:\/\/caluanieoxidizeusa.com\/?post_type=product&#038;p=934"},"modified":"2026-01-10T14:07:26","modified_gmt":"2026-01-10T21:07:26","slug":"caluanie-muelear-oxidize-10l","status":"publish","type":"product","link":"https:\/\/caluanieoxidizeusa.com\/vi\/san-pham\/caluanie-muelear-oxidize-10l\/","title":{"rendered":"Caluanie Muelear Oxidize 10L"},"content":{"rendered":"<h2 style=\"text-align: center;\">T\u1ed5ng quan<\/h2>\n<p>Caluanie Muelear Oxidize 10L l\u00e0 gi\u1ea3i ph\u00e1p hi\u1ec7u qu\u1ea3 v\u00e0 s\u1ea3n ph\u1ea9m m\u1ea1nh m\u1ebd \u0111\u01b0\u1ee3c thi\u1ebft k\u1ebf \u0111\u1ec3 \u0111\u00e1p \u1ee9ng nhu c\u1ea7u c\u1ee7a b\u1ea1n v\u00e0 mang l\u1ea1i k\u1ebft qu\u1ea3 tuy\u1ec7t v\u1eddi. V\u1edbi c\u00f4ng th\u1ee9c \u0111\u1ed9c \u0111\u00e1o, s\u1ea3n ph\u1ea9m ho\u00e0n h\u1ea3o cho nhi\u1ec1u \u1ee9ng d\u1ee5ng kh\u00e1c nhau.<\/p>\n<p>Caluanie Muelear Oxidize 10L l\u00e0 m\u1ed9t gi\u1ea3i ph\u00e1p \u0111a n\u0103ng c\u00f3 th\u1ec3 \u0111\u01b0\u1ee3c s\u1eed d\u1ee5ng cho nhi\u1ec1u m\u1ee5c \u0111\u00edch kh\u00e1c nhau. D\u00f9 b\u1ea1n c\u1ea7n s\u1eed d\u1ee5ng cho m\u1ee5c \u0111\u00edch c\u00f4ng nghi\u1ec7p hay d\u1ef1 \u00e1n c\u00e1 nh\u00e2n, s\u1ea3n ph\u1ea9m n\u00e0y \u0111\u1ec1u mang l\u1ea1i hi\u1ec7u su\u1ea5t v\u01b0\u1ee3t tr\u1ed9i. S\u1ea3n ph\u1ea9m n\u1ed5i ti\u1ebfng v\u1edbi ch\u1ea5t l\u01b0\u1ee3ng cao v\u00e0 \u0111\u1ed9 tin c\u1eady, khi\u1ebfn n\u00f3 tr\u1edf th\u00e0nh l\u1ef1a ch\u1ecdn ph\u1ed5 bi\u1ebfn trong gi\u1edbi chuy\u00ean gia.<\/p>\n<p>&nbsp;<\/p>\n<h3>Mua Caluanie Muelear 10L<\/h3>\n<p dir=\"auto\" data-pm-slice=\"1 1 []\">B\u1ea1n \u0111ang mu\u1ed1n mua Caluanie Muelear Oxidize 10L? Kh\u00e1m ph\u00e1 s\u1ea3n ph\u1ea9m ch\u1ea5t l\u01b0\u1ee3ng h\u00e0ng \u0111\u1ea7u <a href=\"https:\/\/caluanieoxidizeusa.com\/vi\/san-pham\/caluanie-muelear-oxidize-10l\/\">Caluanie Muelear \u0111\u1ec3 b\u00e1n<\/a> v\u1edbi m\u1ee9c gi\u00e1 kh\u00f4ng th\u1ec3 c\u1ea1nh tranh h\u01a1n. Mua Caluanie Muelear c\u1ee7a b\u1ea1n t\u1ea1i Hoa K\u1ef3 t\u1eeb <a href=\"http:\/\/caluanieoxidizeusa.com\/vi\/\" target=\"_blank\" rel=\"noopener noreferrer nofollow\">caluanieoxidizeusa.com<\/a> kh\u00f4ng r\u1eafc r\u1ed1i. T\u00ecm nh\u1eefng \u01b0u \u0111\u00e3i t\u1ed1t nh\u1ea5t tr\u00ean <a href=\"https:\/\/caluanieoxidizeusa.com\/vi\/san-pham\/caluanie-muelear-oxidize-10l\/\">h\u00f3a ch\u1ea5t Caluanie Muelear ch\u00ednh h\u00e3ng<\/a>.<\/p>\n<h3>\u0110\u1eb7c tr\u01b0ng:<\/h3>\n<p dir=\"auto\" data-pm-slice=\"1 1 []\"><b>Hi\u1ec7u qu\u1ea3 cao:<\/b> Caluanie Muelear Oxidize 10L l\u00e0 ch\u1ea5t oxy h\u00f3a m\u1ea1nh v\u00e0 hi\u1ec7u qu\u1ea3, ho\u00e0n h\u1ea3o cho nhi\u1ec1u d\u1ef1 \u00e1n kh\u00e1c nhau.<\/p>\n<p dir=\"auto\" data-pm-slice=\"1 1 []\"><b>C\u00f3 th\u1ec3 chi tr\u1ea3:<\/b> \u0110\u1eebng t\u1ed1n k\u00e9m qu\u00e1 nhi\u1ec1u ti\u1ec1n cho m\u1ed9t ch\u1ea5t oxy h\u00f3a ch\u1ea5t l\u01b0\u1ee3ng. Caluanie Muelear Oxidize 10L mang l\u1ea1i k\u1ebft qu\u1ea3 tuy\u1ec7t v\u1eddi v\u1edbi m\u1ee9c gi\u00e1 ph\u1ea3i ch\u0103ng.<\/p>\n<p dir=\"auto\" data-pm-slice=\"1 1 []\"><b>S\u1ea3n xu\u1ea5t t\u1ea1i Hoa K\u1ef3:<\/b> Tin t\u01b0\u1edfng v\u00e0o ch\u1ea5t l\u01b0\u1ee3ng v\u00e0 \u0111\u1ed9 tin c\u1eady c\u1ee7a s\u1ea3n ph\u1ea9m \u0111\u01b0\u1ee3c s\u1ea3n xu\u1ea5t t\u1ea1i Hoa K\u1ef3.<\/p>\n<h3>Th\u00f4ng s\u1ed1 k\u1ef9 thu\u1eadt:<\/h3>\n<ul>\n<li dir=\"auto\" data-pm-slice=\"1 1 []\">K\u00edch th\u01b0\u1edbc th\u00f9ng ch\u1ee9a 10L<\/li>\n<li dir=\"auto\" data-pm-slice=\"1 1 []\">Ch\u1ea5t oxy h\u00f3a m\u1ea1nh<\/li>\n<li dir=\"auto\" data-pm-slice=\"1 1 []\">S\u1ea3n xu\u1ea5t t\u1ea1i Hoa K\u1ef3<\/li>\n<\/ul>\n<h3><a href=\"https:\/\/caluanieoxidizeusa.com\/vi\/san-pham\/caluanie-muelear-oxidize-10l\/\">Caluanie Muelear \u0111\u1ec3 b\u00e1n<\/a><\/h3>\n<p>T\u1ea1i c\u1eeda h\u00e0ng c\u1ee7a ch\u00fang t\u00f4i, ch\u00fang t\u00f4i cung c\u1ea5p Caluanie Muelear v\u1edbi gi\u00e1 c\u1ea3 c\u1ea1nh tranh. Ch\u00fang t\u00f4i hi\u1ec3u t\u1ea7m quan tr\u1ecdng c\u1ee7a vi\u1ec7c ti\u1ebft ki\u1ec7m chi ph\u00ed m\u00e0 kh\u00f4ng \u1ea3nh h\u01b0\u1edfng \u0111\u1ebfn ch\u1ea5t l\u01b0\u1ee3ng. M\u1ee5c ti\u00eau c\u1ee7a ch\u00fang t\u00f4i l\u00e0 mang \u0111\u1ebfn cho kh\u00e1ch h\u00e0ng gi\u00e1 tr\u1ecb t\u1ed1t nh\u1ea5t v\u1edbi s\u1ed1 ti\u1ec1n h\u1ecd b\u1ecf ra.<\/p>\n<p>Khi b\u1ea1n <a href=\"https:\/\/caluanieoxidizeusa.com\/vi\/san-pham\/caluanie-muelear-oxidize-10l\/\">mua Caluanie Muelear<\/a> V\u1edbi ch\u00fang t\u00f4i, b\u1ea1n c\u00f3 th\u1ec3 ho\u00e0n to\u00e0n y\u00ean t\u00e2m r\u1eb1ng b\u1ea1n \u0111ang nh\u1eadn \u0111\u01b0\u1ee3c s\u1ea3n ph\u1ea9m ch\u00ednh h\u00e3ng v\u00e0 nguy\u00ean b\u1ea3n. Ch\u00fang t\u00f4i l\u1ea5y ngu\u1ed3n s\u1ea3n ph\u1ea9m t\u1eeb c\u00e1c nh\u00e0 cung c\u1ea5p uy t\u00edn \u0111\u1ec3 \u0111\u1ea3m b\u1ea3o b\u1ea1n ch\u1ec9 nh\u1eadn \u0111\u01b0\u1ee3c nh\u1eefng s\u1ea3n ph\u1ea9m t\u1ed1t nh\u1ea5t. Ch\u00fang t\u00f4i \u0111\u1ea3m b\u1ea3o s\u1ef1 h\u00e0i l\u00f2ng tuy\u1ec7t \u0111\u1ed1i cho kh\u00e1ch h\u00e0ng khi cung c\u1ea5p cho h\u1ecd <a href=\"https:\/\/caluanieoxidizeusa.com\/vi\/san-pham\/caluanie-muelear-oxidize-10l\/\">Caluanie Muelear ch\u00ednh hi\u1ec7u<\/a>.<\/p>\n<h3>Mua Caluanie Muelear USA<\/h3>\n<p>N\u1ebfu b\u1ea1n \u0111ang \u1edf Hoa K\u1ef3 v\u00e0 mu\u1ed1n <a href=\"https:\/\/caluanieoxidizeusa.com\/vi\/san-pham\/caluanie-muelear-oxidize-10l\/\">mua Caluanie Muelear<\/a>B\u1ea1n \u0111\u00e3 \u0111\u1ebfn \u0111\u00fang n\u01a1i r\u1ed3i. Ch\u00fang t\u00f4i cung c\u1ea5p d\u1ecbch v\u1ee5 \u0111\u1eb7t h\u00e0ng tr\u1ef1c tuy\u1ebfn ti\u1ec7n l\u1ee3i v\u00e0 giao h\u00e0ng nhanh ch\u00f3ng \u0111\u1ec3 \u0111\u1ea3m b\u1ea3o b\u1ea1n nh\u1eadn \u0111\u01b0\u1ee3c s\u1ea3n ph\u1ea9m \u0111\u00fang h\u1eb9n. C\u00e1c t\u00f9y ch\u1ecdn thanh to\u00e1n an to\u00e0n c\u1ee7a ch\u00fang t\u00f4i mang \u0111\u1ebfn s\u1ef1 an t\u00e2m, v\u00e0 \u0111\u1ed9i ng\u0169 h\u1ed7 tr\u1ee3 kh\u00e1ch h\u00e0ng lu\u00f4n s\u1eb5n s\u00e0ng h\u1ed7 tr\u1ee3 b\u1ea1n gi\u1ea3i \u0111\u00e1p m\u1ecdi th\u1eafc m\u1eafc ho\u1eb7c lo l\u1eafng.<\/p>\n<p>Tr\u1ea3i nghi\u1ec7m s\u1ee9c m\u1ea1nh c\u1ee7a Caluanie Muelear <a href=\"https:\/\/en.wikipedia.org\/wiki\/Oxidizing_agent\">Oxi h\u00f3a<\/a> 10 l\u00edt cho ri\u00eang b\u1ea1n. \u0110\u1eb7t h\u00e0ng ngay h\u00f4m nay v\u00e0 kh\u00e1m ph\u00e1 l\u00fd do t\u1ea1i sao s\u1ea3n ph\u1ea9m n\u00e0y \u0111\u01b0\u1ee3c c\u00e1c chuy\u00ean gia tr\u00ean to\u00e0n th\u1ebf gi\u1edbi tin d\u00f9ng.<\/p>","protected":false},"excerpt":{"rendered":"<p><a href=\"https:\/\/caluanieoxidizeusa.com\/vi\/san-pham\/caluanie-muelear-oxidize-10l\/\">Caluanie Muelear \u0111\u1ec3 b\u00e1n<\/a><\/p>\n<ul>\n<li dir=\"auto\" data-pm-slice=\"1 1 []\"><strong>K\u00edch th\u01b0\u1edbc th\u00f9ng ch\u1ee9a 10L<\/strong><\/li>\n<li dir=\"auto\" data-pm-slice=\"1 1 []\"><strong>Ch\u1ea5t oxy h\u00f3a m\u1ea1nh<\/strong><\/li>\n<li dir=\"auto\" data-pm-slice=\"1 1 []\"><strong>S\u1ea3n xu\u1ea5t t\u1ea1i Hoa K\u1ef3<\/strong><\/li>\n<\/ul>","protected":false},"featured_media":935,"comment_status":"open","ping_status":"closed","template":"","meta":{"_et_pb_use_builder":"","_et_pb_old_content":"","_et_gb_content_width":"","_monsterinsights_skip_tracking":false,"_monsterinsights_sitenote_active":false,"_monsterinsights_sitenote_note":"","_monsterinsights_sitenote_category":0},"product_brand":[],"product_cat":[25],"product_tag":[],"class_list":{"0":"post-934","1":"product","2":"type-product","3":"status-publish","4":"has-post-thumbnail","6":"product_cat-chemical","8":"first","9":"instock","10":"sale","11":"shipping-taxable","12":"purchasable","13":"product-type-simple"},"yoast_head":"<!-- This site is optimized with the Yoast SEO Premium plugin v22.3 (Yoast SEO v27.3) - https:\/\/yoast.com\/product\/yoast-seo-premium-wordpress\/ -->\n<title>Caluanie Muelear Oxidize 10L | Caluanie Oxidize USA<\/title>\n<meta name=\"description\" content=\"The Caluanie Muelear Oxidize 10L is an effective solution and powerful product designed to meet your needs and provide excellent results. With its unique\" \/>\n<meta name=\"robots\" content=\"index, follow, max-snippet:-1, max-image-preview:large, max-video-preview:-1\" \/>\n<link rel=\"canonical\" href=\"https:\/\/caluanieoxidizeusa.com\/vi\/san-pham\/caluanie-muelear-oxidize-10l\/\" \/>\n<meta property=\"og:locale\" content=\"vi_VN\" \/>\n<meta property=\"og:type\" content=\"article\" \/>\n<meta property=\"og:title\" content=\"Caluanie Muelear Oxidize 10L\" \/>\n<meta property=\"og:description\" content=\"The Caluanie Muelear Oxidize 10L is an effective solution and powerful product designed to meet your needs and provide excellent results. With its unique\" \/>\n<meta property=\"og:url\" content=\"https:\/\/caluanieoxidizeusa.com\/vi\/san-pham\/caluanie-muelear-oxidize-10l\/\" \/>\n<meta property=\"og:site_name\" content=\"Caluanie Oxidize USA\" \/>\n<meta property=\"article:modified_time\" content=\"2026-01-10T21:07:26+00:00\" \/>\n<meta property=\"og:image\" content=\"https:\/\/caluanieoxidizeusa.com\/wp-content\/uploads\/2024\/04\/caluanie-muelear-10L.webp\" \/>\n\t<meta property=\"og:image:width\" content=\"500\" \/>\n\t<meta property=\"og:image:height\" content=\"500\" \/>\n\t<meta property=\"og:image:type\" content=\"image\/webp\" \/>\n<meta name=\"twitter:card\" content=\"summary_large_image\" \/>\n<meta name=\"twitter:label1\" content=\"\u01af\u1edbc t\u00ednh th\u1eddi gian \u0111\u1ecdc\" \/>\n\t<meta name=\"twitter:data1\" content=\"2 ph\u00fat\" \/>\n<script type=\"application\/ld+json\" class=\"yoast-schema-graph\">{\"@context\":\"https:\\\/\\\/schema.org\",\"@graph\":[{\"@type\":\"WebPage\",\"@id\":\"https:\\\/\\\/caluanieoxidizeusa.com\\\/product\\\/caluanie-muelear-oxidize-10l\\\/\",\"url\":\"https:\\\/\\\/caluanieoxidizeusa.com\\\/product\\\/caluanie-muelear-oxidize-10l\\\/\",\"name\":\"Caluanie Muelear Oxidize 10L | Caluanie Oxidize USA\",\"isPartOf\":{\"@id\":\"https:\\\/\\\/caluanieoxidizeusa.com\\\/#website\"},\"primaryImageOfPage\":{\"@id\":\"https:\\\/\\\/caluanieoxidizeusa.com\\\/product\\\/caluanie-muelear-oxidize-10l\\\/#primaryimage\"},\"image\":{\"@id\":\"https:\\\/\\\/caluanieoxidizeusa.com\\\/product\\\/caluanie-muelear-oxidize-10l\\\/#primaryimage\"},\"thumbnailUrl\":\"https:\\\/\\\/caluanieoxidizeusa.com\\\/wp-content\\\/uploads\\\/2024\\\/04\\\/caluanie-muelear-10L.webp\",\"datePublished\":\"2024-04-02T05:21:30+00:00\",\"dateModified\":\"2026-01-10T21:07:26+00:00\",\"description\":\"The Caluanie Muelear Oxidize 10L is an effective solution and powerful product designed to meet your needs and provide excellent results. With its unique\",\"breadcrumb\":{\"@id\":\"https:\\\/\\\/caluanieoxidizeusa.com\\\/product\\\/caluanie-muelear-oxidize-10l\\\/#breadcrumb\"},\"inLanguage\":\"vi\",\"potentialAction\":[{\"@type\":\"ReadAction\",\"target\":[\"https:\\\/\\\/caluanieoxidizeusa.com\\\/product\\\/caluanie-muelear-oxidize-10l\\\/\"]}]},{\"@type\":\"ImageObject\",\"inLanguage\":\"vi\",\"@id\":\"https:\\\/\\\/caluanieoxidizeusa.com\\\/product\\\/caluanie-muelear-oxidize-10l\\\/#primaryimage\",\"url\":\"https:\\\/\\\/caluanieoxidizeusa.com\\\/wp-content\\\/uploads\\\/2024\\\/04\\\/caluanie-muelear-10L.webp\",\"contentUrl\":\"https:\\\/\\\/caluanieoxidizeusa.com\\\/wp-content\\\/uploads\\\/2024\\\/04\\\/caluanie-muelear-10L.webp\",\"width\":500,\"height\":500,\"caption\":\"Buy Caluanie Muelear 10L\"},{\"@type\":\"BreadcrumbList\",\"@id\":\"https:\\\/\\\/caluanieoxidizeusa.com\\\/product\\\/caluanie-muelear-oxidize-10l\\\/#breadcrumb\",\"itemListElement\":[{\"@type\":\"ListItem\",\"position\":1,\"name\":\"Home\",\"item\":\"https:\\\/\\\/caluanieoxidizeusa.com\\\/\"},{\"@type\":\"ListItem\",\"position\":2,\"name\":\"Chemicals\",\"item\":\"https:\\\/\\\/caluanieoxidizeusa.com\\\/chemicals\\\/\"},{\"@type\":\"ListItem\",\"position\":3,\"name\":\"Caluanie Muelear Oxidize 10L\"}]},{\"@type\":\"WebSite\",\"@id\":\"https:\\\/\\\/caluanieoxidizeusa.com\\\/#website\",\"url\":\"https:\\\/\\\/caluanieoxidizeusa.com\\\/\",\"name\":\"Caluanie Oxidize USA\",\"description\":\"Caluanie Muelear Oxidize\",\"publisher\":{\"@id\":\"https:\\\/\\\/caluanieoxidizeusa.com\\\/#organization\"},\"potentialAction\":[{\"@type\":\"SearchAction\",\"target\":{\"@type\":\"EntryPoint\",\"urlTemplate\":\"https:\\\/\\\/caluanieoxidizeusa.com\\\/?s={search_term_string}\"},\"query-input\":{\"@type\":\"PropertyValueSpecification\",\"valueRequired\":true,\"valueName\":\"search_term_string\"}}],\"inLanguage\":\"vi\"},{\"@type\":\"Organization\",\"@id\":\"https:\\\/\\\/caluanieoxidizeusa.com\\\/#organization\",\"name\":\"Caluanie Oxidize USA\",\"url\":\"https:\\\/\\\/caluanieoxidizeusa.com\\\/\",\"logo\":{\"@type\":\"ImageObject\",\"inLanguage\":\"vi\",\"@id\":\"https:\\\/\\\/caluanieoxidizeusa.com\\\/#\\\/schema\\\/logo\\\/image\\\/\",\"url\":\"https:\\\/\\\/caluanieoxidizeusa.com\\\/wp-content\\\/uploads\\\/2024\\\/03\\\/cropped-image_2024-03-31_081852907.png\",\"contentUrl\":\"https:\\\/\\\/caluanieoxidizeusa.com\\\/wp-content\\\/uploads\\\/2024\\\/03\\\/cropped-image_2024-03-31_081852907.png\",\"width\":1127,\"height\":1118,\"caption\":\"Caluanie Oxidize USA\"},\"image\":{\"@id\":\"https:\\\/\\\/caluanieoxidizeusa.com\\\/#\\\/schema\\\/logo\\\/image\\\/\"}}]}<\/script>\n<!-- \/ Yoast SEO Premium plugin. -->","yoast_head_json":{"title":"Caluanie Muelear Oxidize 10L | Caluanie Oxidize USA","description":"Caluanie Muelear Oxidize 10L l\u00e0 gi\u1ea3i ph\u00e1p hi\u1ec7u qu\u1ea3 v\u00e0 s\u1ea3n ph\u1ea9m m\u1ea1nh m\u1ebd \u0111\u01b0\u1ee3c thi\u1ebft k\u1ebf \u0111\u1ec3 \u0111\u00e1p \u1ee9ng nhu c\u1ea7u c\u1ee7a b\u1ea1n v\u00e0 mang l\u1ea1i k\u1ebft qu\u1ea3 tuy\u1ec7t v\u1eddi. V\u1edbi \u0111\u1eb7c t\u00ednh \u0111\u1ed9c \u0111\u00e1o","robots":{"index":"index","follow":"follow","max-snippet":"max-snippet:-1","max-image-preview":"max-image-preview:large","max-video-preview":"max-video-preview:-1"},"canonical":"https:\/\/caluanieoxidizeusa.com\/vi\/san-pham\/caluanie-muelear-oxidize-10l\/","og_locale":"vi_VN","og_type":"article","og_title":"Caluanie Muelear Oxidize 10L","og_description":"The Caluanie Muelear Oxidize 10L is an effective solution and powerful product designed to meet your needs and provide excellent results. With its unique","og_url":"https:\/\/caluanieoxidizeusa.com\/vi\/san-pham\/caluanie-muelear-oxidize-10l\/","og_site_name":"Caluanie Oxidize USA","article_modified_time":"2026-01-10T21:07:26+00:00","og_image":[{"width":500,"height":500,"url":"https:\/\/caluanieoxidizeusa.com\/wp-content\/uploads\/2024\/04\/caluanie-muelear-10L.webp","type":"image\/webp"}],"twitter_card":"summary_large_image","twitter_misc":{"\u01af\u1edbc t\u00ednh th\u1eddi gian \u0111\u1ecdc":"2 ph\u00fat"},"schema":{"@context":"https:\/\/schema.org","@graph":[{"@type":"WebPage","@id":"https:\/\/caluanieoxidizeusa.com\/product\/caluanie-muelear-oxidize-10l\/","url":"https:\/\/caluanieoxidizeusa.com\/product\/caluanie-muelear-oxidize-10l\/","name":"Caluanie Muelear Oxidize 10L | Caluanie Oxidize USA","isPartOf":{"@id":"https:\/\/caluanieoxidizeusa.com\/#website"},"primaryImageOfPage":{"@id":"https:\/\/caluanieoxidizeusa.com\/product\/caluanie-muelear-oxidize-10l\/#primaryimage"},"image":{"@id":"https:\/\/caluanieoxidizeusa.com\/product\/caluanie-muelear-oxidize-10l\/#primaryimage"},"thumbnailUrl":"https:\/\/caluanieoxidizeusa.com\/wp-content\/uploads\/2024\/04\/caluanie-muelear-10L.webp","datePublished":"2024-04-02T05:21:30+00:00","dateModified":"2026-01-10T21:07:26+00:00","description":"Caluanie Muelear Oxidize 10L l\u00e0 gi\u1ea3i ph\u00e1p hi\u1ec7u qu\u1ea3 v\u00e0 s\u1ea3n ph\u1ea9m m\u1ea1nh m\u1ebd \u0111\u01b0\u1ee3c thi\u1ebft k\u1ebf \u0111\u1ec3 \u0111\u00e1p \u1ee9ng nhu c\u1ea7u c\u1ee7a b\u1ea1n v\u00e0 mang l\u1ea1i k\u1ebft qu\u1ea3 tuy\u1ec7t v\u1eddi. V\u1edbi \u0111\u1eb7c t\u00ednh \u0111\u1ed9c \u0111\u00e1o","breadcrumb":{"@id":"https:\/\/caluanieoxidizeusa.com\/product\/caluanie-muelear-oxidize-10l\/#breadcrumb"},"inLanguage":"vi","potentialAction":[{"@type":"ReadAction","target":["https:\/\/caluanieoxidizeusa.com\/product\/caluanie-muelear-oxidize-10l\/"]}]},{"@type":"ImageObject","inLanguage":"vi","@id":"https:\/\/caluanieoxidizeusa.com\/product\/caluanie-muelear-oxidize-10l\/#primaryimage","url":"https:\/\/caluanieoxidizeusa.com\/wp-content\/uploads\/2024\/04\/caluanie-muelear-10L.webp","contentUrl":"https:\/\/caluanieoxidizeusa.com\/wp-content\/uploads\/2024\/04\/caluanie-muelear-10L.webp","width":500,"height":500,"caption":"Buy Caluanie Muelear 10L"},{"@type":"BreadcrumbList","@id":"https:\/\/caluanieoxidizeusa.com\/product\/caluanie-muelear-oxidize-10l\/#breadcrumb","itemListElement":[{"@type":"ListItem","position":1,"name":"Home","item":"https:\/\/caluanieoxidizeusa.com\/"},{"@type":"ListItem","position":2,"name":"Chemicals","item":"https:\/\/caluanieoxidizeusa.com\/chemicals\/"},{"@type":"ListItem","position":3,"name":"Caluanie Muelear Oxidize 10L"}]},{"@type":"WebSite","@id":"https:\/\/caluanieoxidizeusa.com\/#website","url":"https:\/\/caluanieoxidizeusa.com\/","name":"Caluanie Oxidize USA","description":"Caluanie Muelear Oxidize","publisher":{"@id":"https:\/\/caluanieoxidizeusa.com\/#organization"},"potentialAction":[{"@type":"SearchAction","target":{"@type":"EntryPoint","urlTemplate":"https:\/\/caluanieoxidizeusa.com\/?s={search_term_string}"},"query-input":{"@type":"PropertyValueSpecification","valueRequired":true,"valueName":"search_term_string"}}],"inLanguage":"vi"},{"@type":"Organization","@id":"https:\/\/caluanieoxidizeusa.com\/#organization","name":"Caluanie Oxidize USA","url":"https:\/\/caluanieoxidizeusa.com\/","logo":{"@type":"ImageObject","inLanguage":"vi","@id":"https:\/\/caluanieoxidizeusa.com\/#\/schema\/logo\/image\/","url":"https:\/\/caluanieoxidizeusa.com\/wp-content\/uploads\/2024\/03\/cropped-image_2024-03-31_081852907.png","contentUrl":"https:\/\/caluanieoxidizeusa.com\/wp-content\/uploads\/2024\/03\/cropped-image_2024-03-31_081852907.png","width":1127,"height":1118,"caption":"Caluanie Oxidize USA"},"image":{"@id":"https:\/\/caluanieoxidizeusa.com\/#\/schema\/logo\/image\/"}}]}},"_links":{"self":[{"href":"https:\/\/caluanieoxidizeusa.com\/vi\/wp-json\/wp\/v2\/product\/934","targetHints":{"allow":["GET"]}}],"collection":[{"href":"https:\/\/caluanieoxidizeusa.com\/vi\/wp-json\/wp\/v2\/product"}],"about":[{"href":"https:\/\/caluanieoxidizeusa.com\/vi\/wp-json\/wp\/v2\/types\/product"}],"replies":[{"embeddable":true,"href":"https:\/\/caluanieoxidizeusa.com\/vi\/wp-json\/wp\/v2\/comments?post=934"}],"wp:featuredmedia":[{"embeddable":true,"href":"https:\/\/caluanieoxidizeusa.com\/vi\/wp-json\/wp\/v2\/media\/935"}],"wp:attachment":[{"href":"https:\/\/caluanieoxidizeusa.com\/vi\/wp-json\/wp\/v2\/media?parent=934"}],"wp:term":[{"taxonomy":"product_brand","embeddable":true,"href":"https:\/\/caluanieoxidizeusa.com\/vi\/wp-json\/wp\/v2\/product_brand?post=934"},{"taxonomy":"product_cat","embeddable":true,"href":"https:\/\/caluanieoxidizeusa.com\/vi\/wp-json\/wp\/v2\/product_cat?post=934"},{"taxonomy":"product_tag","embeddable":true,"href":"https:\/\/caluanieoxidizeusa.com\/vi\/wp-json\/wp\/v2\/product_tag?post=934"}],"curies":[{"name":"wp","href":"https:\/\/api.w.org\/{rel}","templated":true}]}}