{"id":930,"date":"2024-04-01T21:04:53","date_gmt":"2024-04-02T04:04:53","guid":{"rendered":"https:\/\/caluanieoxidizeusa.com\/?post_type=product&#038;p=930"},"modified":"2026-03-31T05:44:21","modified_gmt":"2026-03-31T12:44:21","slug":"caluanie-muelear-oxidized-1-5liter","status":"publish","type":"product","link":"https:\/\/caluanieoxidizeusa.com\/vi\/san-pham\/caluanie-muelear-oxidized-1-5liter\/","title":{"rendered":"Caluanie Muelear Oxidize 1.5 L\u00edt"},"content":{"rendered":"<h2 style=\"text-align: center;\">Gi\u1ea3i ph\u00e1p ho\u00e0n h\u1ea3o<\/h2>\n<p>Caluanie Muelear Oxidize 1,5 l\u00edt l\u00e0 ch\u1ea5t oxy h\u00f3a m\u1ea1nh m\u1ebd v\u00e0 hi\u1ec7u qu\u1ea3, \u0111\u01b0\u1ee3c c\u00f4ng nh\u1eadn r\u1ed9ng r\u00e3i nh\u1edd c\u00e1c \u0111\u1eb7c t\u00ednh v\u01b0\u1ee3t tr\u1ed9i. D\u00f9 b\u1ea1n l\u00e0 chuy\u00ean gia trong l\u0129nh v\u1ef1c c\u00f4ng nghi\u1ec7p hay c\u00e1 nh\u00e2n \u0111ang t\u00ecm ki\u1ebfm m\u1ed9t gi\u1ea3i ph\u00e1p \u0111\u00e1ng tin c\u1eady, Caluanie Muelear Oxidize 1,5 l\u00edt ch\u00ednh l\u00e0 l\u1ef1a ch\u1ecdn ho\u00e0n h\u1ea3o.<\/p>\n<p dir=\"auto\" data-pm-slice=\"1 1 []\">Kh\u00e1m ph\u00e1 n\u01a1i mua Caluanie Muelear 1.5 l\u00edt. T\u00ecm nh\u00e0 cung c\u1ea5p \u0111\u00e1ng tin c\u1eady \u0111ang b\u00e1n Caluanie Muelear Oxidize. H\u00e3y tin t\u01b0\u1edfng ch\u00fang t\u00f4i khi b\u1ea1n c\u1ea7n Caluanie Muelear Oxidize b\u1eb1ng c\u00e1ch truy c\u1eadp <a href=\"https:\/\/caluanieoxidizeusa.com\/vi\/\" target=\"_blank\" rel=\"noopener noreferrer nofollow\">caluanieoxidizeusa.com<\/a><\/p>\n<h3><\/h3>\n<h3>\u0110\u1eb6C TR\u01afNG:<\/h3>\n<p><strong>S\u1ee9c m\u1ea1nh h\u00f2a tan cao<\/strong>: Ch\u1ec9 v\u1edbi m\u1ed9t l\u01b0\u1ee3ng nh\u1ecf, Caluanie Oxidize 1,5 l\u00edt c\u00f3 th\u1ec3 nhanh ch\u00f3ng ph\u00e2n h\u1ee7y c\u00e1c ch\u1ea5t c\u1ee9ng \u0111\u1ea7u, gi\u00fap b\u1ea1n ti\u1ebft ki\u1ec7m th\u1eddi gian v\u00e0 c\u00f4ng s\u1ee9c.<br \/>\n<strong>S\u1eed d\u1ee5ng \u0111a n\u0103ng<\/strong>:S\u1ea3n ph\u1ea9m n\u00e0y ph\u00f9 h\u1ee3p v\u1edbi nhi\u1ec1u ng\u00e0nh c\u00f4ng nghi\u1ec7p kh\u00e1c nhau, bao g\u1ed3m x\u00e2y d\u1ef1ng, \u00f4 t\u00f4 v\u00e0 s\u1ea3n xu\u1ea5t.<br \/>\n<strong>T\u00e1c d\u1ee5ng nhanh<\/strong>: H\u00e3y t\u1ea1m bi\u1ec7t th\u1eddi gian ch\u1edd \u0111\u1ee3i l\u00e2u v\u00ec Caluanie Muelear Oxidize ho\u1ea1t \u0111\u1ed9ng nhanh ch\u00f3ng \u0111\u1ec3 lo\u1ea1i b\u1ecf c\u00e1c v\u1eadt li\u1ec7u kh\u00f4ng mong mu\u1ed1n.<\/p>\n<h3>TH\u00d4NG S\u1ed0 K\u1ef8 THU\u1eacT:<\/h3>\n<p>\u2013 Dung t\u00edch: 1.5L<br \/>\n\u2013 M\u1eadt \u0111\u1ed9: 1,08g\/ml<br \/>\n\u2013 M\u00e0u s\u1eafc: Trong su\u1ed1t<\/p>\n<h3>C\u00c1CH TH\u1ee8C HO\u1ea0T \u0110\u1ed8NG:<\/h3>\n<p>\u2013 \u0110\u1ea7u ti\u00ean, thoa m\u1ed9t l\u01b0\u1ee3ng nh\u1ecf <a href=\"https:\/\/caluanieoxidizeusa.com\/vi\/san-pham\/caluanie-muelear-oxidized-1-5liter\/\">Caluanie Muelear Oxidize<\/a> l\u00ean b\u1ec1 m\u1eb7t mong mu\u1ed1n.<br \/>\n\u2013 Th\u1ee9 hai, \u0111\u1ec3 y\u00ean trong v\u00e0i ph\u00fat \u0111\u1ec3 s\u1ea3n ph\u1ea9m ph\u00e1t huy t\u00e1c d\u1ee5ng.<br \/>\n\u2013 Th\u1ee9 ba, d\u00f9ng v\u1ea3i ho\u1eb7c b\u00e0n ch\u1ea3i \u0111\u1ec3 lau s\u1ea1ch ph\u1ea7n v\u1eadt li\u1ec7u \u0111\u00e3 h\u00f2a tan.<br \/>\n\u2013 Cu\u1ed1i c\u00f9ng, r\u1eeda s\u1ea1ch b\u1ec1 m\u1eb7t b\u1eb1ng n\u01b0\u1edbc \u0111\u1ec3 c\u00f3 b\u1ec1 m\u1eb7t s\u1ea1ch s\u1ebd.<\/p>\n<h3>C\u00e2u h\u1ecfi th\u01b0\u1eddng g\u1eb7p:<\/h3>\n<p>H: Caluanie Muelear Oxidize c\u00f3 an to\u00e0n khi s\u1eed d\u1ee5ng kh\u00f4ng?<br \/>\nA: C\u00f3, s\u1ea3n ph\u1ea9m n\u00e0y kh\u00f4ng \u0111\u1ed9c h\u1ea1i v\u00e0 kh\u00f4ng ch\u1ee9a b\u1ea5t k\u1ef3 <a href=\"https:\/\/toxicfreefuture.org\/toxic-chemicals\/\">H\u00f3a ch\u1ea5t \u0111\u1ed9c h\u1ea1i<\/a>. \u0110eo g\u0103ng tay tr\u01b0\u1edbc khi s\u1eed d\u1ee5ng.<\/p>\n<p>H: T\u00f4i c\u00f3 th\u1ec3 s\u1eed d\u1ee5ng s\u1ea3n ph\u1ea9m n\u00e0y tr\u00ean m\u1ecdi b\u1ec1 m\u1eb7t kh\u00f4ng?<br \/>\nA: Caluanie Muelear Oxidize an to\u00e0n khi s\u1eed d\u1ee5ng tr\u00ean h\u1ea7u h\u1ebft c\u00e1c b\u1ec1 m\u1eb7t, nh\u01b0ng t\u1ed1t nh\u1ea5t l\u00e0 n\u00ean th\u1eed nghi\u1ec7m tr\u00ean m\u1ed9t v\u00f9ng nh\u1ecf tr\u01b0\u1edbc.<\/p>\n<h2><\/h2>\n<h3><a href=\"https:\/\/caluanieoxidizeusa.com\/vi\/san-pham\/caluanie-muelear-oxidized-1-5liter\/\">Mua Caluanie Muelear 1.5 l\u00edt<\/a><\/h3>\n<p>Caluanie Muelear Oxidize 1,5 l\u00edt n\u1ed5i ti\u1ebfng v\u1edbi ch\u1ea5t l\u01b0\u1ee3ng v\u00e0 hi\u1ec7u su\u1ea5t v\u01b0\u1ee3t tr\u1ed9i. S\u1ea3n ph\u1ea9m \u0111\u01b0\u1ee3c s\u1ea3n xu\u1ea5t c\u1ea9n th\u1eadn b\u1eb1ng quy tr\u00ecnh hi\u1ec7n \u0111\u1ea1i v\u00e0 s\u1eed d\u1ee5ng c\u00e1c th\u00e0nh ph\u1ea7n t\u1ed1t nh\u1ea5t \u0111\u1ec3 \u0111\u1ea3m b\u1ea3o k\u1ebft qu\u1ea3 \u0111\u1ed3ng \u0111\u1ec1u. S\u1ea3n ph\u1ea9m n\u00e0y \u0111\u01b0\u1ee3c thi\u1ebft k\u1ebf \u0111\u1ec3 oxy h\u00f3a hi\u1ec7u qu\u1ea3 nhi\u1ec1u lo\u1ea1i v\u1eadt li\u1ec7u kh\u00e1c nhau, l\u00fd t\u01b0\u1edfng cho nhi\u1ec1u \u1ee9ng d\u1ee5ng kh\u00e1c nhau.<\/p>\n<h3><a href=\"https:\/\/caluanieoxidizeusa.com\/vi\/san-pham\/caluanie-muelear-oxidized-1-5liter\/\">Nh\u00e0 cung c\u1ea5p Caluanie Muelear 1.5 L\u00edt<\/a><\/h3>\n<p>Khi mua Caluanie Muelear Oxidize 1.5 L\u00edt, \u0111i\u1ec1u quan tr\u1ecdng l\u00e0 ph\u1ea3i ch\u1ecdn m\u1ed9t nh\u00e0 cung c\u1ea5p \u0111\u00e1ng tin c\u1eady. Ch\u00fang t\u00f4i t\u1ef1 h\u00e0o l\u00e0 m\u1ed9t trong nh\u1eefng nh\u00e0 cung c\u1ea5p \u0111\u00e1ng tin c\u1eady c\u1ee7a s\u1ea3n ph\u1ea9m \u0111\u1eb7c bi\u1ec7t n\u00e0y. Cam k\u1ebft v\u1ec1 ch\u1ea5t l\u01b0\u1ee3ng v\u00e0 s\u1ef1 h\u00e0i l\u00f2ng c\u1ee7a kh\u00e1ch h\u00e0ng l\u00e0 \u0111i\u1ec1u t\u1ea1o n\u00ean s\u1ef1 kh\u00e1c bi\u1ec7t c\u1ee7a ch\u00fang t\u00f4i so v\u1edbi c\u00e1c \u0111\u1ed1i th\u1ee7 c\u1ea1nh tranh. \u0110\u1ebfn v\u1edbi ch\u00fang t\u00f4i, b\u1ea1n c\u00f3 th\u1ec3 ho\u00e0n to\u00e0n y\u00ean t\u00e2m r\u1eb1ng b\u1ea1n s\u1ebd nh\u1eadn \u0111\u01b0\u1ee3c Caluanie Muelear Oxidize 1.5 L\u00edt ch\u00ednh h\u00e3ng, \u0111\u00e1p \u1ee9ng c\u00e1c ti\u00eau chu\u1ea9n cao nh\u1ea5t.<\/p>\n<p>\u0110\u1eebng b\u1ecf l\u1ee1 c\u01a1 h\u1ed9i tr\u1ea3i nghi\u1ec7m s\u1ee9c m\u1ea1nh \u0111\u00e1ng kinh ng\u1ea1c c\u1ee7a Caluanie Muelear Oxidize 1,5 l\u00edt. N\u1ebfu b\u1ea1n mu\u1ed1n bi\u1ebft l\u00fd do t\u1ea1i sao s\u1ea3n ph\u1ea9m n\u00e0y \u0111\u01b0\u1ee3c c\u00e1c chuy\u00ean gia tr\u00ean to\u00e0n th\u1ebf gi\u1edbi tin d\u00f9ng, h\u00e3y \u0111\u1eb7t h\u00e0ng ngay h\u00f4m nay v\u00e0 t\u1eadn h\u01b0\u1edfng \u01b0u \u0111\u00e3i mi\u1ec5n ph\u00ed v\u1eadn chuy\u1ec3n t\u1eeb ch\u00fang t\u00f4i.<\/p>","protected":false},"excerpt":{"rendered":"<p><a href=\"https:\/\/caluanieoxidizeusa.com\/vi\/san-pham\/caluanie-muelear-oxidized-1-5liter\/\">Mua Caluanie Muelear ch\u00ednh h\u00e3ng<\/a><\/p>\n<ul>\n<li><strong>K\u00edch th\u01b0\u1edbc: 1,5L<\/strong><\/li>\n<li><strong>M\u1eadt \u0111\u1ed9: 1,08g\/ml<\/strong><\/li>\n<li><strong>M\u00e0u s\u1eafc: Trong su\u1ed1t<\/strong><\/li>\n<\/ul>","protected":false},"featured_media":931,"comment_status":"open","ping_status":"closed","template":"","meta":{"_et_pb_use_builder":"","_et_pb_old_content":"","_et_gb_content_width":"","_monsterinsights_skip_tracking":false,"_monsterinsights_sitenote_active":false,"_monsterinsights_sitenote_note":"","_monsterinsights_sitenote_category":0},"product_brand":[],"product_cat":[25],"product_tag":[],"class_list":{"0":"post-930","1":"product","2":"type-product","3":"status-publish","4":"has-post-thumbnail","6":"product_cat-chemical","8":"first","9":"instock","10":"sale","11":"shipping-taxable","12":"purchasable","13":"product-type-simple"},"yoast_head":"<!-- This site is optimized with the Yoast SEO Premium plugin v22.3 (Yoast SEO v27.4) - https:\/\/yoast.com\/product\/yoast-seo-premium-wordpress\/ -->\n<title>Caluanie Muelear Oxidize 1.5Liter | Caluanie Oxidize USA<\/title>\n<meta name=\"description\" content=\"The Caluanie Muelear Oxidize 1.5Liter is a powerful and effective oxidizing agent which is widely recognized for its exceptional properties. Whether you\" \/>\n<meta name=\"robots\" content=\"index, follow, max-snippet:-1, max-image-preview:large, max-video-preview:-1\" \/>\n<link rel=\"canonical\" href=\"https:\/\/caluanieoxidizeusa.com\/vi\/san-pham\/caluanie-muelear-oxidized-1-5liter\/\" \/>\n<meta property=\"og:locale\" content=\"vi_VN\" \/>\n<meta property=\"og:type\" content=\"article\" \/>\n<meta property=\"og:title\" content=\"Caluanie Muelear Oxidize 1.5Liter\" \/>\n<meta property=\"og:description\" content=\"The Caluanie Muelear Oxidize 1.5Liter is a powerful and effective oxidizing agent which is widely recognized for its exceptional properties. Whether you\" \/>\n<meta property=\"og:url\" content=\"https:\/\/caluanieoxidizeusa.com\/vi\/san-pham\/caluanie-muelear-oxidized-1-5liter\/\" \/>\n<meta property=\"og:site_name\" content=\"Caluanie Oxidize USA\" \/>\n<meta property=\"article:modified_time\" content=\"2026-03-31T12:44:21+00:00\" \/>\n<meta property=\"og:image\" content=\"https:\/\/caluanieoxidizeusa.com\/wp-content\/uploads\/2024\/04\/caluanie-muelear-1.5L.webp\" \/>\n\t<meta property=\"og:image:width\" content=\"2048\" \/>\n\t<meta property=\"og:image:height\" content=\"2048\" \/>\n\t<meta property=\"og:image:type\" content=\"image\/webp\" \/>\n<meta name=\"twitter:card\" content=\"summary_large_image\" \/>\n<meta name=\"twitter:label1\" content=\"\u01af\u1edbc t\u00ednh th\u1eddi gian \u0111\u1ecdc\" \/>\n\t<meta name=\"twitter:data1\" content=\"3 ph\u00fat\" \/>\n<script type=\"application\/ld+json\" class=\"yoast-schema-graph\">{\"@context\":\"https:\\\/\\\/schema.org\",\"@graph\":[{\"@type\":\"WebPage\",\"@id\":\"https:\\\/\\\/caluanieoxidizeusa.com\\\/product\\\/caluanie-muelear-oxidize-1-5liter\\\/\",\"url\":\"https:\\\/\\\/caluanieoxidizeusa.com\\\/product\\\/caluanie-muelear-oxidize-1-5liter\\\/\",\"name\":\"Caluanie Muelear Oxidize 1.5Liter | Caluanie Oxidize USA\",\"isPartOf\":{\"@id\":\"https:\\\/\\\/caluanieoxidizeusa.com\\\/#website\"},\"primaryImageOfPage\":{\"@id\":\"https:\\\/\\\/caluanieoxidizeusa.com\\\/product\\\/caluanie-muelear-oxidize-1-5liter\\\/#primaryimage\"},\"image\":{\"@id\":\"https:\\\/\\\/caluanieoxidizeusa.com\\\/product\\\/caluanie-muelear-oxidize-1-5liter\\\/#primaryimage\"},\"thumbnailUrl\":\"https:\\\/\\\/caluanieoxidizeusa.com\\\/wp-content\\\/uploads\\\/2024\\\/04\\\/caluanie-muelear-1.5L.webp\",\"datePublished\":\"2024-04-02T04:04:53+00:00\",\"dateModified\":\"2026-03-31T12:44:21+00:00\",\"description\":\"The Caluanie Muelear Oxidize 1.5Liter is a powerful and effective oxidizing agent which is widely recognized for its exceptional properties. Whether you\",\"breadcrumb\":{\"@id\":\"https:\\\/\\\/caluanieoxidizeusa.com\\\/product\\\/caluanie-muelear-oxidize-1-5liter\\\/#breadcrumb\"},\"inLanguage\":\"vi\",\"potentialAction\":[{\"@type\":\"ReadAction\",\"target\":[\"https:\\\/\\\/caluanieoxidizeusa.com\\\/product\\\/caluanie-muelear-oxidize-1-5liter\\\/\"]}]},{\"@type\":\"ImageObject\",\"inLanguage\":\"vi\",\"@id\":\"https:\\\/\\\/caluanieoxidizeusa.com\\\/product\\\/caluanie-muelear-oxidize-1-5liter\\\/#primaryimage\",\"url\":\"https:\\\/\\\/caluanieoxidizeusa.com\\\/wp-content\\\/uploads\\\/2024\\\/04\\\/caluanie-muelear-1.5L.webp\",\"contentUrl\":\"https:\\\/\\\/caluanieoxidizeusa.com\\\/wp-content\\\/uploads\\\/2024\\\/04\\\/caluanie-muelear-1.5L.webp\",\"width\":2048,\"height\":2048,\"caption\":\"Buy Caluanie Muelear 1.5Liter\"},{\"@type\":\"BreadcrumbList\",\"@id\":\"https:\\\/\\\/caluanieoxidizeusa.com\\\/product\\\/caluanie-muelear-oxidize-1-5liter\\\/#breadcrumb\",\"itemListElement\":[{\"@type\":\"ListItem\",\"position\":1,\"name\":\"Home\",\"item\":\"https:\\\/\\\/caluanieoxidizeusa.com\\\/\"},{\"@type\":\"ListItem\",\"position\":2,\"name\":\"Chemicals\",\"item\":\"https:\\\/\\\/caluanieoxidizeusa.com\\\/chemicals\\\/\"},{\"@type\":\"ListItem\",\"position\":3,\"name\":\"Caluanie Muelear Oxidize 1.5Liter\"}]},{\"@type\":\"WebSite\",\"@id\":\"https:\\\/\\\/caluanieoxidizeusa.com\\\/#website\",\"url\":\"https:\\\/\\\/caluanieoxidizeusa.com\\\/\",\"name\":\"Caluanie Oxidize USA\",\"description\":\"Caluanie Muelear Oxidize\",\"publisher\":{\"@id\":\"https:\\\/\\\/caluanieoxidizeusa.com\\\/#organization\"},\"potentialAction\":[{\"@type\":\"SearchAction\",\"target\":{\"@type\":\"EntryPoint\",\"urlTemplate\":\"https:\\\/\\\/caluanieoxidizeusa.com\\\/?s={search_term_string}\"},\"query-input\":{\"@type\":\"PropertyValueSpecification\",\"valueRequired\":true,\"valueName\":\"search_term_string\"}}],\"inLanguage\":\"vi\"},{\"@type\":\"Organization\",\"@id\":\"https:\\\/\\\/caluanieoxidizeusa.com\\\/#organization\",\"name\":\"Caluanie Oxidize USA\",\"url\":\"https:\\\/\\\/caluanieoxidizeusa.com\\\/\",\"logo\":{\"@type\":\"ImageObject\",\"inLanguage\":\"vi\",\"@id\":\"https:\\\/\\\/caluanieoxidizeusa.com\\\/#\\\/schema\\\/logo\\\/image\\\/\",\"url\":\"https:\\\/\\\/caluanieoxidizeusa.com\\\/wp-content\\\/uploads\\\/2024\\\/03\\\/cropped-image_2024-03-31_081852907.png\",\"contentUrl\":\"https:\\\/\\\/caluanieoxidizeusa.com\\\/wp-content\\\/uploads\\\/2024\\\/03\\\/cropped-image_2024-03-31_081852907.png\",\"width\":1127,\"height\":1118,\"caption\":\"Caluanie Oxidize USA\"},\"image\":{\"@id\":\"https:\\\/\\\/caluanieoxidizeusa.com\\\/#\\\/schema\\\/logo\\\/image\\\/\"}}]}<\/script>\n<!-- \/ Yoast SEO Premium plugin. -->","yoast_head_json":{"title":"Caluanie Muelear Oxidize 1.5 L\u00edt | Caluanie Oxidize USA","description":"Caluanie Muelear Oxidize 1,5 l\u00edt l\u00e0 ch\u1ea5t oxy h\u00f3a m\u1ea1nh m\u1ebd v\u00e0 hi\u1ec7u qu\u1ea3 \u0111\u01b0\u1ee3c c\u00f4ng nh\u1eadn r\u1ed9ng r\u00e3i nh\u1edd c\u00e1c \u0111\u1eb7c t\u00ednh \u0111\u1eb7c bi\u1ec7t c\u1ee7a n\u00f3. Cho d\u00f9 b\u1ea1n","robots":{"index":"index","follow":"follow","max-snippet":"max-snippet:-1","max-image-preview":"max-image-preview:large","max-video-preview":"max-video-preview:-1"},"canonical":"https:\/\/caluanieoxidizeusa.com\/vi\/san-pham\/caluanie-muelear-oxidized-1-5liter\/","og_locale":"vi_VN","og_type":"article","og_title":"Caluanie Muelear Oxidize 1.5Liter","og_description":"The Caluanie Muelear Oxidize 1.5Liter is a powerful and effective oxidizing agent which is widely recognized for its exceptional properties. Whether you","og_url":"https:\/\/caluanieoxidizeusa.com\/vi\/san-pham\/caluanie-muelear-oxidized-1-5liter\/","og_site_name":"Caluanie Oxidize USA","article_modified_time":"2026-03-31T12:44:21+00:00","og_image":[{"width":2048,"height":2048,"url":"https:\/\/caluanieoxidizeusa.com\/wp-content\/uploads\/2024\/04\/caluanie-muelear-1.5L.webp","type":"image\/webp"}],"twitter_card":"summary_large_image","twitter_misc":{"\u01af\u1edbc t\u00ednh th\u1eddi gian \u0111\u1ecdc":"3 ph\u00fat"},"schema":{"@context":"https:\/\/schema.org","@graph":[{"@type":"WebPage","@id":"https:\/\/caluanieoxidizeusa.com\/product\/caluanie-muelear-oxidize-1-5liter\/","url":"https:\/\/caluanieoxidizeusa.com\/product\/caluanie-muelear-oxidize-1-5liter\/","name":"Caluanie Muelear Oxidize 1.5 L\u00edt | Caluanie Oxidize USA","isPartOf":{"@id":"https:\/\/caluanieoxidizeusa.com\/#website"},"primaryImageOfPage":{"@id":"https:\/\/caluanieoxidizeusa.com\/product\/caluanie-muelear-oxidize-1-5liter\/#primaryimage"},"image":{"@id":"https:\/\/caluanieoxidizeusa.com\/product\/caluanie-muelear-oxidize-1-5liter\/#primaryimage"},"thumbnailUrl":"https:\/\/caluanieoxidizeusa.com\/wp-content\/uploads\/2024\/04\/caluanie-muelear-1.5L.webp","datePublished":"2024-04-02T04:04:53+00:00","dateModified":"2026-03-31T12:44:21+00:00","description":"Caluanie Muelear Oxidize 1,5 l\u00edt l\u00e0 ch\u1ea5t oxy h\u00f3a m\u1ea1nh m\u1ebd v\u00e0 hi\u1ec7u qu\u1ea3 \u0111\u01b0\u1ee3c c\u00f4ng nh\u1eadn r\u1ed9ng r\u00e3i nh\u1edd c\u00e1c \u0111\u1eb7c t\u00ednh \u0111\u1eb7c bi\u1ec7t c\u1ee7a n\u00f3. Cho d\u00f9 b\u1ea1n","breadcrumb":{"@id":"https:\/\/caluanieoxidizeusa.com\/product\/caluanie-muelear-oxidize-1-5liter\/#breadcrumb"},"inLanguage":"vi","potentialAction":[{"@type":"ReadAction","target":["https:\/\/caluanieoxidizeusa.com\/product\/caluanie-muelear-oxidize-1-5liter\/"]}]},{"@type":"ImageObject","inLanguage":"vi","@id":"https:\/\/caluanieoxidizeusa.com\/product\/caluanie-muelear-oxidize-1-5liter\/#primaryimage","url":"https:\/\/caluanieoxidizeusa.com\/wp-content\/uploads\/2024\/04\/caluanie-muelear-1.5L.webp","contentUrl":"https:\/\/caluanieoxidizeusa.com\/wp-content\/uploads\/2024\/04\/caluanie-muelear-1.5L.webp","width":2048,"height":2048,"caption":"Buy Caluanie Muelear 1.5Liter"},{"@type":"BreadcrumbList","@id":"https:\/\/caluanieoxidizeusa.com\/product\/caluanie-muelear-oxidize-1-5liter\/#breadcrumb","itemListElement":[{"@type":"ListItem","position":1,"name":"Home","item":"https:\/\/caluanieoxidizeusa.com\/"},{"@type":"ListItem","position":2,"name":"Chemicals","item":"https:\/\/caluanieoxidizeusa.com\/chemicals\/"},{"@type":"ListItem","position":3,"name":"Caluanie Muelear Oxidize 1.5Liter"}]},{"@type":"WebSite","@id":"https:\/\/caluanieoxidizeusa.com\/#website","url":"https:\/\/caluanieoxidizeusa.com\/","name":"Caluanie Oxidize USA","description":"Caluanie Muelear Oxidize","publisher":{"@id":"https:\/\/caluanieoxidizeusa.com\/#organization"},"potentialAction":[{"@type":"SearchAction","target":{"@type":"EntryPoint","urlTemplate":"https:\/\/caluanieoxidizeusa.com\/?s={search_term_string}"},"query-input":{"@type":"PropertyValueSpecification","valueRequired":true,"valueName":"search_term_string"}}],"inLanguage":"vi"},{"@type":"Organization","@id":"https:\/\/caluanieoxidizeusa.com\/#organization","name":"Caluanie Oxidize USA","url":"https:\/\/caluanieoxidizeusa.com\/","logo":{"@type":"ImageObject","inLanguage":"vi","@id":"https:\/\/caluanieoxidizeusa.com\/#\/schema\/logo\/image\/","url":"https:\/\/caluanieoxidizeusa.com\/wp-content\/uploads\/2024\/03\/cropped-image_2024-03-31_081852907.png","contentUrl":"https:\/\/caluanieoxidizeusa.com\/wp-content\/uploads\/2024\/03\/cropped-image_2024-03-31_081852907.png","width":1127,"height":1118,"caption":"Caluanie Oxidize USA"},"image":{"@id":"https:\/\/caluanieoxidizeusa.com\/#\/schema\/logo\/image\/"}}]}},"_links":{"self":[{"href":"https:\/\/caluanieoxidizeusa.com\/vi\/wp-json\/wp\/v2\/product\/930","targetHints":{"allow":["GET"]}}],"collection":[{"href":"https:\/\/caluanieoxidizeusa.com\/vi\/wp-json\/wp\/v2\/product"}],"about":[{"href":"https:\/\/caluanieoxidizeusa.com\/vi\/wp-json\/wp\/v2\/types\/product"}],"replies":[{"embeddable":true,"href":"https:\/\/caluanieoxidizeusa.com\/vi\/wp-json\/wp\/v2\/comments?post=930"}],"wp:featuredmedia":[{"embeddable":true,"href":"https:\/\/caluanieoxidizeusa.com\/vi\/wp-json\/wp\/v2\/media\/931"}],"wp:attachment":[{"href":"https:\/\/caluanieoxidizeusa.com\/vi\/wp-json\/wp\/v2\/media?parent=930"}],"wp:term":[{"taxonomy":"product_brand","embeddable":true,"href":"https:\/\/caluanieoxidizeusa.com\/vi\/wp-json\/wp\/v2\/product_brand?post=930"},{"taxonomy":"product_cat","embeddable":true,"href":"https:\/\/caluanieoxidizeusa.com\/vi\/wp-json\/wp\/v2\/product_cat?post=930"},{"taxonomy":"product_tag","embeddable":true,"href":"https:\/\/caluanieoxidizeusa.com\/vi\/wp-json\/wp\/v2\/product_tag?post=930"}],"curies":[{"name":"wp","href":"https:\/\/api.w.org\/{rel}","templated":true}]}}