{"id":921,"date":"2024-04-01T20:15:01","date_gmt":"2024-04-02T03:15:01","guid":{"rendered":"https:\/\/caluanieoxidizeusa.com\/?page_id=921"},"modified":"2026-02-25T03:15:33","modified_gmt":"2026-02-25T10:15:33","slug":"theo-doi-don-hang-cua-ban","status":"publish","type":"page","link":"https:\/\/caluanieoxidizeusa.com\/vi\/theo-doi-don-hang-cua-ban\/","title":{"rendered":"Theo d\u00f5i \u0111\u01a1n h\u00e0ng c\u1ee7a b\u1ea1n"},"content":{"rendered":"<p>[et_pb_section fb_built=&#8221;1&#8243; _builder_version=&#8221;4.24.3&#8243; _module_preset=&#8221;default&#8221; global_colors_info=&#8221;{}&#8221;][et_pb_row _builder_version=&#8221;4.24.3&#8243; _module_preset=&#8221;default&#8221; global_colors_info=&#8221;{}&#8221;][et_pb_column type=&#8221;4_4&#8243; _builder_version=&#8221;4.24.3&#8243; _module_preset=&#8221;default&#8221; global_colors_info=&#8221;{}&#8221;][et_pb_text _builder_version=&#8221;4.27.5&#8243; _module_preset=&#8221;default&#8221; text_font_size=&#8221;18px&#8221; global_colors_info=&#8221;{}&#8221;]<\/p>\n<h1 dir=\"auto\" style=\"text-align: center;\" data-pm-slice=\"1 1 []\">How to Track Your Order<\/h1>\n<p dir=\"auto\" data-pm-slice=\"1 1 []\">Track your order on <a href=\"https:\/\/caluanieoxidizeusa.com\/\">Caluanie Oxidize USA<\/a> easily with our convenient email and order number tracking system. Stay updated on your delivery details and shipment status effortlessly. Use the tracking form below to track your order and never <a href=\"https:\/\/www.merriam-webster.com\/dictionary\/lose%20sight%20of\">lose sight<\/a> of your order with our simple tracking process.<\/p>\n<p>[\/et_pb_text][\/et_pb_column][\/et_pb_row][et_pb_row _builder_version=&#8221;4.24.3&#8243; _module_preset=&#8221;default&#8221; global_colors_info=&#8221;{}&#8221;][et_pb_column type=&#8221;4_4&#8243; _builder_version=&#8221;4.24.3&#8243; _module_preset=&#8221;default&#8221; global_colors_info=&#8221;{}&#8221;][et_pb_text _builder_version=&#8221;4.27.5&#8243; _module_preset=&#8221;default&#8221; text_font_size=&#8221;18px&#8221; global_colors_info=&#8221;{}&#8221;]<\/p>\n<h3 style=\"text-align: center;\">\u00a0<\/h3>\n<div class=\"woocommerce\"><\/div>\n<p>[\/et_pb_text][\/et_pb_column][\/et_pb_row][\/et_pb_section]<\/p>\n","protected":false},"excerpt":{"rendered":"<p>How to Track Your Order Track your order on Caluanie Oxidize USA easily with our convenient email and order number tracking system. Stay updated on your delivery details and shipment status effortlessly. Use the tracking form below to track your order and never lose sight of your order with our simple tracking process.\u00a0 <div class=\"woocommerce\"><\/div><\/p>","protected":false},"author":1,"featured_media":1035,"parent":0,"menu_order":0,"comment_status":"closed","ping_status":"closed","template":"","meta":{"_et_pb_use_builder":"on","_et_pb_old_content":"","_et_gb_content_width":"","_monsterinsights_skip_tracking":false,"_monsterinsights_sitenote_active":false,"_monsterinsights_sitenote_note":"","_monsterinsights_sitenote_category":0,"footnotes":""},"class_list":["post-921","page","type-page","status-publish","has-post-thumbnail","hentry"],"yoast_head":"<!-- This site is optimized with the Yoast SEO Premium plugin v22.3 (Yoast SEO v27.4) - https:\/\/yoast.com\/product\/yoast-seo-premium-wordpress\/ -->\n<title>Track your Order | Caluanie Oxidize USA<\/title>\n<meta name=\"description\" content=\"Track your order easily with our convenient email and order number tracking system. Stay updated on your delivery details and shipment status\" \/>\n<meta name=\"robots\" content=\"index, follow, max-snippet:-1, max-image-preview:large, max-video-preview:-1\" \/>\n<link rel=\"canonical\" href=\"https:\/\/caluanieoxidizeusa.com\/vi\/theo-doi-don-hang-cua-ban\/\" \/>\n<meta property=\"og:locale\" content=\"vi_VN\" \/>\n<meta property=\"og:type\" content=\"article\" \/>\n<meta property=\"og:title\" content=\"Track your Order\" \/>\n<meta property=\"og:description\" content=\"Track your order easily with our convenient email and order number tracking system. Stay updated on your delivery details and shipment status\" \/>\n<meta property=\"og:url\" content=\"https:\/\/caluanieoxidizeusa.com\/vi\/theo-doi-don-hang-cua-ban\/\" \/>\n<meta property=\"og:site_name\" content=\"Caluanie Oxidize USA\" \/>\n<meta property=\"article:modified_time\" content=\"2026-02-25T10:15:33+00:00\" \/>\n<meta property=\"og:image\" content=\"https:\/\/caluanieoxidizeusa.com\/wp-content\/uploads\/2024\/04\/Caluanie-oxidize-usa-logo-2.webp\" \/>\n\t<meta property=\"og:image:width\" content=\"250\" \/>\n\t<meta property=\"og:image:height\" content=\"126\" \/>\n\t<meta property=\"og:image:type\" content=\"image\/webp\" \/>\n<meta name=\"twitter:card\" content=\"summary_large_image\" \/>\n<meta name=\"twitter:label1\" content=\"\u01af\u1edbc t\u00ednh th\u1eddi gian \u0111\u1ecdc\" \/>\n\t<meta name=\"twitter:data1\" content=\"1 ph\u00fat\" \/>\n<script type=\"application\/ld+json\" class=\"yoast-schema-graph\">{\"@context\":\"https:\\\/\\\/schema.org\",\"@graph\":[{\"@type\":\"WebPage\",\"@id\":\"https:\\\/\\\/caluanieoxidizeusa.com\\\/track-your-order\\\/\",\"url\":\"https:\\\/\\\/caluanieoxidizeusa.com\\\/track-your-order\\\/\",\"name\":\"Track your Order | Caluanie Oxidize USA\",\"isPartOf\":{\"@id\":\"https:\\\/\\\/caluanieoxidizeusa.com\\\/#website\"},\"primaryImageOfPage\":{\"@id\":\"https:\\\/\\\/caluanieoxidizeusa.com\\\/track-your-order\\\/#primaryimage\"},\"image\":{\"@id\":\"https:\\\/\\\/caluanieoxidizeusa.com\\\/track-your-order\\\/#primaryimage\"},\"thumbnailUrl\":\"https:\\\/\\\/caluanieoxidizeusa.com\\\/wp-content\\\/uploads\\\/2024\\\/04\\\/Caluanie-oxidize-usa-logo-2.webp\",\"datePublished\":\"2024-04-02T03:15:01+00:00\",\"dateModified\":\"2026-02-25T10:15:33+00:00\",\"description\":\"Track your order easily with our convenient email and order number tracking system. Stay updated on your delivery details and shipment status\",\"breadcrumb\":{\"@id\":\"https:\\\/\\\/caluanieoxidizeusa.com\\\/track-your-order\\\/#breadcrumb\"},\"inLanguage\":\"vi\",\"potentialAction\":[{\"@type\":\"ReadAction\",\"target\":[\"https:\\\/\\\/caluanieoxidizeusa.com\\\/track-your-order\\\/\"]}]},{\"@type\":\"ImageObject\",\"inLanguage\":\"vi\",\"@id\":\"https:\\\/\\\/caluanieoxidizeusa.com\\\/track-your-order\\\/#primaryimage\",\"url\":\"https:\\\/\\\/caluanieoxidizeusa.com\\\/wp-content\\\/uploads\\\/2024\\\/04\\\/Caluanie-oxidize-usa-logo-2.webp\",\"contentUrl\":\"https:\\\/\\\/caluanieoxidizeusa.com\\\/wp-content\\\/uploads\\\/2024\\\/04\\\/Caluanie-oxidize-usa-logo-2.webp\",\"width\":250,\"height\":126,\"caption\":\"Caluanie Muelear Chemical\"},{\"@type\":\"BreadcrumbList\",\"@id\":\"https:\\\/\\\/caluanieoxidizeusa.com\\\/track-your-order\\\/#breadcrumb\",\"itemListElement\":[{\"@type\":\"ListItem\",\"position\":1,\"name\":\"Home\",\"item\":\"https:\\\/\\\/caluanieoxidizeusa.com\\\/\"},{\"@type\":\"ListItem\",\"position\":2,\"name\":\"Track your Order\"}]},{\"@type\":\"WebSite\",\"@id\":\"https:\\\/\\\/caluanieoxidizeusa.com\\\/#website\",\"url\":\"https:\\\/\\\/caluanieoxidizeusa.com\\\/\",\"name\":\"Caluanie Oxidize USA\",\"description\":\"Caluanie Muelear Oxidize\",\"publisher\":{\"@id\":\"https:\\\/\\\/caluanieoxidizeusa.com\\\/#organization\"},\"potentialAction\":[{\"@type\":\"SearchAction\",\"target\":{\"@type\":\"EntryPoint\",\"urlTemplate\":\"https:\\\/\\\/caluanieoxidizeusa.com\\\/?s={search_term_string}\"},\"query-input\":{\"@type\":\"PropertyValueSpecification\",\"valueRequired\":true,\"valueName\":\"search_term_string\"}}],\"inLanguage\":\"vi\"},{\"@type\":\"Organization\",\"@id\":\"https:\\\/\\\/caluanieoxidizeusa.com\\\/#organization\",\"name\":\"Caluanie Oxidize USA\",\"url\":\"https:\\\/\\\/caluanieoxidizeusa.com\\\/\",\"logo\":{\"@type\":\"ImageObject\",\"inLanguage\":\"vi\",\"@id\":\"https:\\\/\\\/caluanieoxidizeusa.com\\\/#\\\/schema\\\/logo\\\/image\\\/\",\"url\":\"https:\\\/\\\/caluanieoxidizeusa.com\\\/wp-content\\\/uploads\\\/2024\\\/03\\\/cropped-image_2024-03-31_081852907.png\",\"contentUrl\":\"https:\\\/\\\/caluanieoxidizeusa.com\\\/wp-content\\\/uploads\\\/2024\\\/03\\\/cropped-image_2024-03-31_081852907.png\",\"width\":1127,\"height\":1118,\"caption\":\"Caluanie Oxidize USA\"},\"image\":{\"@id\":\"https:\\\/\\\/caluanieoxidizeusa.com\\\/#\\\/schema\\\/logo\\\/image\\\/\"}}]}<\/script>\n<!-- \/ Yoast SEO Premium plugin. -->","yoast_head_json":{"title":"Theo d\u00f5i \u0111\u01a1n h\u00e0ng c\u1ee7a b\u1ea1n | Caluanie Oxidize USA","description":"Theo d\u00f5i \u0111\u01a1n h\u00e0ng c\u1ee7a b\u1ea1n d\u1ec5 d\u00e0ng v\u1edbi h\u1ec7 th\u1ed1ng theo d\u00f5i email v\u00e0 m\u00e3 \u0111\u01a1n h\u00e0ng ti\u1ec7n l\u1ee3i c\u1ee7a ch\u00fang t\u00f4i. Lu\u00f4n c\u1eadp nh\u1eadt th\u00f4ng tin giao h\u00e0ng v\u00e0 t\u00ecnh tr\u1ea1ng l\u00f4 h\u00e0ng.","robots":{"index":"index","follow":"follow","max-snippet":"max-snippet:-1","max-image-preview":"max-image-preview:large","max-video-preview":"max-video-preview:-1"},"canonical":"https:\/\/caluanieoxidizeusa.com\/vi\/theo-doi-don-hang-cua-ban\/","og_locale":"vi_VN","og_type":"article","og_title":"Track your Order","og_description":"Track your order easily with our convenient email and order number tracking system. Stay updated on your delivery details and shipment status","og_url":"https:\/\/caluanieoxidizeusa.com\/vi\/theo-doi-don-hang-cua-ban\/","og_site_name":"Caluanie Oxidize USA","article_modified_time":"2026-02-25T10:15:33+00:00","og_image":[{"width":250,"height":126,"url":"https:\/\/caluanieoxidizeusa.com\/wp-content\/uploads\/2024\/04\/Caluanie-oxidize-usa-logo-2.webp","type":"image\/webp"}],"twitter_card":"summary_large_image","twitter_misc":{"\u01af\u1edbc t\u00ednh th\u1eddi gian \u0111\u1ecdc":"1 ph\u00fat"},"schema":{"@context":"https:\/\/schema.org","@graph":[{"@type":"WebPage","@id":"https:\/\/caluanieoxidizeusa.com\/track-your-order\/","url":"https:\/\/caluanieoxidizeusa.com\/track-your-order\/","name":"Theo d\u00f5i \u0111\u01a1n h\u00e0ng c\u1ee7a b\u1ea1n | Caluanie Oxidize USA","isPartOf":{"@id":"https:\/\/caluanieoxidizeusa.com\/#website"},"primaryImageOfPage":{"@id":"https:\/\/caluanieoxidizeusa.com\/track-your-order\/#primaryimage"},"image":{"@id":"https:\/\/caluanieoxidizeusa.com\/track-your-order\/#primaryimage"},"thumbnailUrl":"https:\/\/caluanieoxidizeusa.com\/wp-content\/uploads\/2024\/04\/Caluanie-oxidize-usa-logo-2.webp","datePublished":"2024-04-02T03:15:01+00:00","dateModified":"2026-02-25T10:15:33+00:00","description":"Theo d\u00f5i \u0111\u01a1n h\u00e0ng c\u1ee7a b\u1ea1n d\u1ec5 d\u00e0ng v\u1edbi h\u1ec7 th\u1ed1ng theo d\u00f5i email v\u00e0 m\u00e3 \u0111\u01a1n h\u00e0ng ti\u1ec7n l\u1ee3i c\u1ee7a ch\u00fang t\u00f4i. Lu\u00f4n c\u1eadp nh\u1eadt th\u00f4ng tin giao h\u00e0ng v\u00e0 t\u00ecnh tr\u1ea1ng l\u00f4 h\u00e0ng.","breadcrumb":{"@id":"https:\/\/caluanieoxidizeusa.com\/track-your-order\/#breadcrumb"},"inLanguage":"vi","potentialAction":[{"@type":"ReadAction","target":["https:\/\/caluanieoxidizeusa.com\/track-your-order\/"]}]},{"@type":"ImageObject","inLanguage":"vi","@id":"https:\/\/caluanieoxidizeusa.com\/track-your-order\/#primaryimage","url":"https:\/\/caluanieoxidizeusa.com\/wp-content\/uploads\/2024\/04\/Caluanie-oxidize-usa-logo-2.webp","contentUrl":"https:\/\/caluanieoxidizeusa.com\/wp-content\/uploads\/2024\/04\/Caluanie-oxidize-usa-logo-2.webp","width":250,"height":126,"caption":"Caluanie Muelear Chemical"},{"@type":"BreadcrumbList","@id":"https:\/\/caluanieoxidizeusa.com\/track-your-order\/#breadcrumb","itemListElement":[{"@type":"ListItem","position":1,"name":"Home","item":"https:\/\/caluanieoxidizeusa.com\/"},{"@type":"ListItem","position":2,"name":"Track your Order"}]},{"@type":"WebSite","@id":"https:\/\/caluanieoxidizeusa.com\/#website","url":"https:\/\/caluanieoxidizeusa.com\/","name":"Caluanie Oxidize USA","description":"Caluanie Muelear Oxidize","publisher":{"@id":"https:\/\/caluanieoxidizeusa.com\/#organization"},"potentialAction":[{"@type":"SearchAction","target":{"@type":"EntryPoint","urlTemplate":"https:\/\/caluanieoxidizeusa.com\/?s={search_term_string}"},"query-input":{"@type":"PropertyValueSpecification","valueRequired":true,"valueName":"search_term_string"}}],"inLanguage":"vi"},{"@type":"Organization","@id":"https:\/\/caluanieoxidizeusa.com\/#organization","name":"Caluanie Oxidize USA","url":"https:\/\/caluanieoxidizeusa.com\/","logo":{"@type":"ImageObject","inLanguage":"vi","@id":"https:\/\/caluanieoxidizeusa.com\/#\/schema\/logo\/image\/","url":"https:\/\/caluanieoxidizeusa.com\/wp-content\/uploads\/2024\/03\/cropped-image_2024-03-31_081852907.png","contentUrl":"https:\/\/caluanieoxidizeusa.com\/wp-content\/uploads\/2024\/03\/cropped-image_2024-03-31_081852907.png","width":1127,"height":1118,"caption":"Caluanie Oxidize USA"},"image":{"@id":"https:\/\/caluanieoxidizeusa.com\/#\/schema\/logo\/image\/"}}]}},"_links":{"self":[{"href":"https:\/\/caluanieoxidizeusa.com\/vi\/wp-json\/wp\/v2\/pages\/921","targetHints":{"allow":["GET"]}}],"collection":[{"href":"https:\/\/caluanieoxidizeusa.com\/vi\/wp-json\/wp\/v2\/pages"}],"about":[{"href":"https:\/\/caluanieoxidizeusa.com\/vi\/wp-json\/wp\/v2\/types\/page"}],"author":[{"embeddable":true,"href":"https:\/\/caluanieoxidizeusa.com\/vi\/wp-json\/wp\/v2\/users\/1"}],"replies":[{"embeddable":true,"href":"https:\/\/caluanieoxidizeusa.com\/vi\/wp-json\/wp\/v2\/comments?post=921"}],"version-history":[{"count":17,"href":"https:\/\/caluanieoxidizeusa.com\/vi\/wp-json\/wp\/v2\/pages\/921\/revisions"}],"predecessor-version":[{"id":1573,"href":"https:\/\/caluanieoxidizeusa.com\/vi\/wp-json\/wp\/v2\/pages\/921\/revisions\/1573"}],"wp:featuredmedia":[{"embeddable":true,"href":"https:\/\/caluanieoxidizeusa.com\/vi\/wp-json\/wp\/v2\/media\/1035"}],"wp:attachment":[{"href":"https:\/\/caluanieoxidizeusa.com\/vi\/wp-json\/wp\/v2\/media?parent=921"}],"curies":[{"name":"wp","href":"https:\/\/api.w.org\/{rel}","templated":true}]}}