{"id":942,"date":"2024-04-02T00:50:37","date_gmt":"2024-04-02T07:50:37","guid":{"rendered":"https:\/\/caluanieoxidizeusa.com\/?post_type=product&#038;p=942"},"modified":"2025-12-22T17:20:13","modified_gmt":"2025-12-23T00:20:13","slug":"caluanie-muelear-oxidar-100l","status":"publish","type":"product","link":"https:\/\/caluanieoxidizeusa.com\/pt\/produto\/caluanie-muelear-oxidar-100l\/","title":{"rendered":"Caluanie Muelear Oxidize 100L"},"content":{"rendered":"<h2 style=\"text-align: center;\">Vis\u00e3o geral<\/h2>\n<p>Se voc\u00ea procura uma fonte confi\u00e1vel para comprar Caluanie Muelear Oxidize 100L, voc\u00ea veio ao lugar certo. Descubra nossa oferta exclusiva na loja \u2013 um item de primeira linha, muito procurado para uma infinidade de usos. Caluanie Muelear Oxidize se destaca como uma mistura qu\u00edmica reverenciada por sua not\u00e1vel <a href=\"https:\/\/en.wikipedia.org\/wiki\/Oxidizing_agent\">oxida\u00e7\u00e3o<\/a> capacidades.<\/p>\n<p>&nbsp;<\/p>\n<h3>Encomende Caluanie Muelear Oxidize \u2013 Produto de alta qualidade para diversas aplica\u00e7\u00f5es<\/h3>\n<p dir=\"auto\" data-pm-slice=\"1 1 []\">Liberte o poder do Caluanie Muelear Oxidize 100L \u2013 a solu\u00e7\u00e3o definitiva para diversas aplica\u00e7\u00f5es industriais. Encomende Caluanie Muelear Oxidize a granel a pre\u00e7os de atacado e receba em casa para o mundo todo. Encontre <a href=\"https:\/\/caluanieoxidizeusa.com\/pt\/produto\/caluanie-muelear-oxidar-100l\/\">Muelear Oxidize \u00e0 venda<\/a> no <a href=\"http:\/\/caluanieoxidizeusa.com\/pt\/\" target=\"_blank\" rel=\"noopener noreferrer nofollow\">caluanieoxidizeusa.com<\/a> e eleve seus processos com este produto potente.<\/p>\n<h3>Caracter\u00edsticas:<\/h3>\n<p dir=\"auto\" data-pm-slice=\"1 1 []\"><b>Poderoso removedor de manchas<\/b>: Diga adeus \u00e0s manchas persistentes com o forte poder oxidante do Caluanie Muelear Oxidize 100L.<\/p>\n<p dir=\"auto\" data-pm-slice=\"1 1 []\"><b>Removedor de tinta eficaz<\/b>: Remova facilmente camadas de tinta com a ajuda desta solu\u00e7\u00e3o potente.<\/p>\n<p dir=\"auto\" data-pm-slice=\"1 1 []\"><b>Envio global<\/b>: N\u00e3o importa onde voc\u00ea esteja no mundo, agora voc\u00ea pode ter em m\u00e3os este produto incr\u00edvel.<\/p>\n<h3>Especifica\u00e7\u00f5es:<\/h3>\n<ul>\n<li dir=\"auto\" data-pm-slice=\"1 1 []\">Tamanho do recipiente de 100L<\/li>\n<li dir=\"auto\" data-pm-slice=\"1 1 []\">F\u00f3rmula de n\u00edvel industrial<\/li>\n<li dir=\"auto\" data-pm-slice=\"1 1 []\">Adequado para uma variedade de superf\u00edcies<\/li>\n<\/ul>\n<h3>Comprar Muelear Oxidize 100L<\/h3>\n<p>Compre Muelear Oxidize 100L, fabricado com os mais altos padr\u00f5es, garantindo sua qualidade e efic\u00e1cia. \u00c9 um solvente potente que pode ser usado para diversas finalidades, incluindo remo\u00e7\u00e3o de tinta, limpeza de metais e diversas aplica\u00e7\u00f5es industriais. Suas propriedades \u00fanicas o tornam a escolha ideal para profissionais de diferentes setores.<\/p>\n<h3><a href=\"https:\/\/caluanieoxidizeusa.com\/pt\/produto\/caluanie-muelear-oxidar-100l\/\">Muelear Oxidize enviado para todo o mundo<\/a><\/h3>\n<p>Sabemos que nossos clientes v\u00eam de todo o mundo, por isso oferecemos entregas em todo o mundo. N\u00e3o importa onde voc\u00ea esteja, voc\u00ea pode encomendar Caluanie Muelear Oxidize 100L e receb\u00ea-lo em casa. Tamb\u00e9m oferecemos op\u00e7\u00f5es de atacado para quem precisa de grandes quantidades deste produto.<\/p>\n<p>Quando voc\u00ea <a href=\"https:\/\/caluanieoxidizeusa.com\/pt\/produto\/caluanie-muelear-oxidar-100l\/\">comprar Caluanie Muelear<\/a> Com a Oxidize, voc\u00ea pode ter certeza de que est\u00e1 adquirindo um produto de alta qualidade que atende \u00e0s suas necessidades espec\u00edficas. Entrega pontual, frete gr\u00e1tis, produtos qu\u00edmicos aut\u00eanticos e atendimento premium ao cliente \u00e9 o que voc\u00ea recebe ao comprar conosco.<\/p>\n<p>Fa\u00e7a seu pedido para <a href=\"https:\/\/caluanieoxidizeusa.com\/pt\/produto\/caluanie-muelear-oxidar-100l\/\">Caluanie Muelear Oxidize 100 Litros<\/a> hoje e experimente os benef\u00edcios deste produto excepcional.<\/p>","protected":false},"excerpt":{"rendered":"<p><a href=\"https:\/\/caluanieoxidizeusa.com\/pt\/produto\/caluanie-muelear-oxidar-100l\/\">Caluanie Muelear enviado para todo o mundo<\/a><\/p>\n<ul>\n<li dir=\"auto\" data-pm-slice=\"1 1 []\"><strong>Tamanho do recipiente de 100L<\/strong><\/li>\n<li dir=\"auto\" data-pm-slice=\"1 1 []\"><strong>F\u00f3rmula de n\u00edvel industrial<\/strong><\/li>\n<li dir=\"auto\" data-pm-slice=\"1 1 []\"><strong>Adequado para uma variedade de superf\u00edcies<\/strong><\/li>\n<\/ul>","protected":false},"featured_media":943,"comment_status":"open","ping_status":"closed","template":"","meta":{"_et_pb_use_builder":"","_et_pb_old_content":"","_et_gb_content_width":"","_monsterinsights_skip_tracking":false,"_monsterinsights_sitenote_active":false,"_monsterinsights_sitenote_note":"","_monsterinsights_sitenote_category":0},"product_brand":[],"product_cat":[25],"product_tag":[],"class_list":{"0":"post-942","1":"product","2":"type-product","3":"status-publish","4":"has-post-thumbnail","6":"product_cat-chemical","8":"first","9":"instock","10":"sale","11":"shipping-taxable","12":"purchasable","13":"product-type-simple"},"yoast_head":"<!-- This site is optimized with the Yoast SEO Premium plugin v22.3 (Yoast SEO v27.4) - https:\/\/yoast.com\/product\/yoast-seo-premium-wordpress\/ -->\n<title>Caluanie Muelear Oxidize 100L | Caluanie Oxidize USA<\/title>\n<meta name=\"description\" content=\"If you are looking for a reliable source to buy Caluanie Muelear Oxidize 100L, you have come to the right place. Discover our exclusive offering at the\" \/>\n<meta name=\"robots\" content=\"index, follow, max-snippet:-1, max-image-preview:large, max-video-preview:-1\" \/>\n<link rel=\"canonical\" href=\"https:\/\/caluanieoxidizeusa.com\/pt\/produto\/caluanie-muelear-oxidar-100l\/\" \/>\n<meta property=\"og:locale\" content=\"pt_BR\" \/>\n<meta property=\"og:type\" content=\"article\" \/>\n<meta property=\"og:title\" content=\"Caluanie Muelear Oxidize 100L\" \/>\n<meta property=\"og:description\" content=\"If you are looking for a reliable source to buy Caluanie Muelear Oxidize 100L, you have come to the right place. Discover our exclusive offering at the\" \/>\n<meta property=\"og:url\" content=\"https:\/\/caluanieoxidizeusa.com\/pt\/produto\/caluanie-muelear-oxidar-100l\/\" \/>\n<meta property=\"og:site_name\" content=\"Caluanie Oxidize USA\" \/>\n<meta property=\"article:modified_time\" content=\"2025-12-23T00:20:13+00:00\" \/>\n<meta property=\"og:image\" content=\"https:\/\/caluanieoxidizeusa.com\/wp-content\/uploads\/2024\/04\/caluanie-muelear-100L.webp\" \/>\n\t<meta property=\"og:image:width\" content=\"854\" \/>\n\t<meta property=\"og:image:height\" content=\"854\" \/>\n\t<meta property=\"og:image:type\" content=\"image\/webp\" \/>\n<meta name=\"twitter:card\" content=\"summary_large_image\" \/>\n<meta name=\"twitter:label1\" content=\"Est. tempo de leitura\" \/>\n\t<meta name=\"twitter:data1\" content=\"2 minutos\" \/>\n<script type=\"application\/ld+json\" class=\"yoast-schema-graph\">{\"@context\":\"https:\\\/\\\/schema.org\",\"@graph\":[{\"@type\":\"WebPage\",\"@id\":\"https:\\\/\\\/caluanieoxidizeusa.com\\\/product\\\/caluanie-muelear-oxidize-100l\\\/\",\"url\":\"https:\\\/\\\/caluanieoxidizeusa.com\\\/product\\\/caluanie-muelear-oxidize-100l\\\/\",\"name\":\"Caluanie Muelear Oxidize 100L | Caluanie Oxidize USA\",\"isPartOf\":{\"@id\":\"https:\\\/\\\/caluanieoxidizeusa.com\\\/#website\"},\"primaryImageOfPage\":{\"@id\":\"https:\\\/\\\/caluanieoxidizeusa.com\\\/product\\\/caluanie-muelear-oxidize-100l\\\/#primaryimage\"},\"image\":{\"@id\":\"https:\\\/\\\/caluanieoxidizeusa.com\\\/product\\\/caluanie-muelear-oxidize-100l\\\/#primaryimage\"},\"thumbnailUrl\":\"https:\\\/\\\/caluanieoxidizeusa.com\\\/wp-content\\\/uploads\\\/2024\\\/04\\\/caluanie-muelear-100L.webp\",\"datePublished\":\"2024-04-02T07:50:37+00:00\",\"dateModified\":\"2025-12-23T00:20:13+00:00\",\"description\":\"If you are looking for a reliable source to buy Caluanie Muelear Oxidize 100L, you have come to the right place. Discover our exclusive offering at the\",\"breadcrumb\":{\"@id\":\"https:\\\/\\\/caluanieoxidizeusa.com\\\/product\\\/caluanie-muelear-oxidize-100l\\\/#breadcrumb\"},\"inLanguage\":\"pt-BR\",\"potentialAction\":[{\"@type\":\"ReadAction\",\"target\":[\"https:\\\/\\\/caluanieoxidizeusa.com\\\/product\\\/caluanie-muelear-oxidize-100l\\\/\"]}]},{\"@type\":\"ImageObject\",\"inLanguage\":\"pt-BR\",\"@id\":\"https:\\\/\\\/caluanieoxidizeusa.com\\\/product\\\/caluanie-muelear-oxidize-100l\\\/#primaryimage\",\"url\":\"https:\\\/\\\/caluanieoxidizeusa.com\\\/wp-content\\\/uploads\\\/2024\\\/04\\\/caluanie-muelear-100L.webp\",\"contentUrl\":\"https:\\\/\\\/caluanieoxidizeusa.com\\\/wp-content\\\/uploads\\\/2024\\\/04\\\/caluanie-muelear-100L.webp\",\"width\":854,\"height\":854,\"caption\":\"Buy Muelear Oxidize 100L\"},{\"@type\":\"BreadcrumbList\",\"@id\":\"https:\\\/\\\/caluanieoxidizeusa.com\\\/product\\\/caluanie-muelear-oxidize-100l\\\/#breadcrumb\",\"itemListElement\":[{\"@type\":\"ListItem\",\"position\":1,\"name\":\"Home\",\"item\":\"https:\\\/\\\/caluanieoxidizeusa.com\\\/\"},{\"@type\":\"ListItem\",\"position\":2,\"name\":\"Chemicals\",\"item\":\"https:\\\/\\\/caluanieoxidizeusa.com\\\/chemicals\\\/\"},{\"@type\":\"ListItem\",\"position\":3,\"name\":\"Caluanie Muelear Oxidize 100L\"}]},{\"@type\":\"WebSite\",\"@id\":\"https:\\\/\\\/caluanieoxidizeusa.com\\\/#website\",\"url\":\"https:\\\/\\\/caluanieoxidizeusa.com\\\/\",\"name\":\"Caluanie Oxidize USA\",\"description\":\"Caluanie Muelear Oxidize\",\"publisher\":{\"@id\":\"https:\\\/\\\/caluanieoxidizeusa.com\\\/#organization\"},\"potentialAction\":[{\"@type\":\"SearchAction\",\"target\":{\"@type\":\"EntryPoint\",\"urlTemplate\":\"https:\\\/\\\/caluanieoxidizeusa.com\\\/?s={search_term_string}\"},\"query-input\":{\"@type\":\"PropertyValueSpecification\",\"valueRequired\":true,\"valueName\":\"search_term_string\"}}],\"inLanguage\":\"pt-BR\"},{\"@type\":\"Organization\",\"@id\":\"https:\\\/\\\/caluanieoxidizeusa.com\\\/#organization\",\"name\":\"Caluanie Oxidize USA\",\"url\":\"https:\\\/\\\/caluanieoxidizeusa.com\\\/\",\"logo\":{\"@type\":\"ImageObject\",\"inLanguage\":\"pt-BR\",\"@id\":\"https:\\\/\\\/caluanieoxidizeusa.com\\\/#\\\/schema\\\/logo\\\/image\\\/\",\"url\":\"https:\\\/\\\/caluanieoxidizeusa.com\\\/wp-content\\\/uploads\\\/2024\\\/03\\\/cropped-image_2024-03-31_081852907.png\",\"contentUrl\":\"https:\\\/\\\/caluanieoxidizeusa.com\\\/wp-content\\\/uploads\\\/2024\\\/03\\\/cropped-image_2024-03-31_081852907.png\",\"width\":1127,\"height\":1118,\"caption\":\"Caluanie Oxidize USA\"},\"image\":{\"@id\":\"https:\\\/\\\/caluanieoxidizeusa.com\\\/#\\\/schema\\\/logo\\\/image\\\/\"}}]}<\/script>\n<!-- \/ Yoast SEO Premium plugin. -->","yoast_head_json":{"title":"Caluanie Muelear Oxidize 100L | Caluanie Oxidize EUA","description":"Se voc\u00ea procura uma fonte confi\u00e1vel para comprar Caluanie Muelear Oxidize 100L, voc\u00ea veio ao lugar certo. Descubra nossa oferta exclusiva no","robots":{"index":"index","follow":"follow","max-snippet":"max-snippet:-1","max-image-preview":"max-image-preview:large","max-video-preview":"max-video-preview:-1"},"canonical":"https:\/\/caluanieoxidizeusa.com\/pt\/produto\/caluanie-muelear-oxidar-100l\/","og_locale":"pt_BR","og_type":"article","og_title":"Caluanie Muelear Oxidize 100L","og_description":"If you are looking for a reliable source to buy Caluanie Muelear Oxidize 100L, you have come to the right place. Discover our exclusive offering at the","og_url":"https:\/\/caluanieoxidizeusa.com\/pt\/produto\/caluanie-muelear-oxidar-100l\/","og_site_name":"Caluanie Oxidize USA","article_modified_time":"2025-12-23T00:20:13+00:00","og_image":[{"width":854,"height":854,"url":"https:\/\/caluanieoxidizeusa.com\/wp-content\/uploads\/2024\/04\/caluanie-muelear-100L.webp","type":"image\/webp"}],"twitter_card":"summary_large_image","twitter_misc":{"Est. tempo de leitura":"2 minutos"},"schema":{"@context":"https:\/\/schema.org","@graph":[{"@type":"WebPage","@id":"https:\/\/caluanieoxidizeusa.com\/product\/caluanie-muelear-oxidize-100l\/","url":"https:\/\/caluanieoxidizeusa.com\/product\/caluanie-muelear-oxidize-100l\/","name":"Caluanie Muelear Oxidize 100L | Caluanie Oxidize EUA","isPartOf":{"@id":"https:\/\/caluanieoxidizeusa.com\/#website"},"primaryImageOfPage":{"@id":"https:\/\/caluanieoxidizeusa.com\/product\/caluanie-muelear-oxidize-100l\/#primaryimage"},"image":{"@id":"https:\/\/caluanieoxidizeusa.com\/product\/caluanie-muelear-oxidize-100l\/#primaryimage"},"thumbnailUrl":"https:\/\/caluanieoxidizeusa.com\/wp-content\/uploads\/2024\/04\/caluanie-muelear-100L.webp","datePublished":"2024-04-02T07:50:37+00:00","dateModified":"2025-12-23T00:20:13+00:00","description":"Se voc\u00ea procura uma fonte confi\u00e1vel para comprar Caluanie Muelear Oxidize 100L, voc\u00ea veio ao lugar certo. Descubra nossa oferta exclusiva no","breadcrumb":{"@id":"https:\/\/caluanieoxidizeusa.com\/product\/caluanie-muelear-oxidize-100l\/#breadcrumb"},"inLanguage":"pt-BR","potentialAction":[{"@type":"ReadAction","target":["https:\/\/caluanieoxidizeusa.com\/product\/caluanie-muelear-oxidize-100l\/"]}]},{"@type":"ImageObject","inLanguage":"pt-BR","@id":"https:\/\/caluanieoxidizeusa.com\/product\/caluanie-muelear-oxidize-100l\/#primaryimage","url":"https:\/\/caluanieoxidizeusa.com\/wp-content\/uploads\/2024\/04\/caluanie-muelear-100L.webp","contentUrl":"https:\/\/caluanieoxidizeusa.com\/wp-content\/uploads\/2024\/04\/caluanie-muelear-100L.webp","width":854,"height":854,"caption":"Buy Muelear Oxidize 100L"},{"@type":"BreadcrumbList","@id":"https:\/\/caluanieoxidizeusa.com\/product\/caluanie-muelear-oxidize-100l\/#breadcrumb","itemListElement":[{"@type":"ListItem","position":1,"name":"Home","item":"https:\/\/caluanieoxidizeusa.com\/"},{"@type":"ListItem","position":2,"name":"Chemicals","item":"https:\/\/caluanieoxidizeusa.com\/chemicals\/"},{"@type":"ListItem","position":3,"name":"Caluanie Muelear Oxidize 100L"}]},{"@type":"WebSite","@id":"https:\/\/caluanieoxidizeusa.com\/#website","url":"https:\/\/caluanieoxidizeusa.com\/","name":"Caluanie Oxidize EUA","description":"Caluanie Muelear Oxidado","publisher":{"@id":"https:\/\/caluanieoxidizeusa.com\/#organization"},"potentialAction":[{"@type":"SearchAction","target":{"@type":"EntryPoint","urlTemplate":"https:\/\/caluanieoxidizeusa.com\/?s={search_term_string}"},"query-input":{"@type":"PropertyValueSpecification","valueRequired":true,"valueName":"search_term_string"}}],"inLanguage":"pt-BR"},{"@type":"Organization","@id":"https:\/\/caluanieoxidizeusa.com\/#organization","name":"Caluanie Oxidize EUA","url":"https:\/\/caluanieoxidizeusa.com\/","logo":{"@type":"ImageObject","inLanguage":"pt-BR","@id":"https:\/\/caluanieoxidizeusa.com\/#\/schema\/logo\/image\/","url":"https:\/\/caluanieoxidizeusa.com\/wp-content\/uploads\/2024\/03\/cropped-image_2024-03-31_081852907.png","contentUrl":"https:\/\/caluanieoxidizeusa.com\/wp-content\/uploads\/2024\/03\/cropped-image_2024-03-31_081852907.png","width":1127,"height":1118,"caption":"Caluanie Oxidize USA"},"image":{"@id":"https:\/\/caluanieoxidizeusa.com\/#\/schema\/logo\/image\/"}}]}},"_links":{"self":[{"href":"https:\/\/caluanieoxidizeusa.com\/pt\/wp-json\/wp\/v2\/product\/942","targetHints":{"allow":["GET"]}}],"collection":[{"href":"https:\/\/caluanieoxidizeusa.com\/pt\/wp-json\/wp\/v2\/product"}],"about":[{"href":"https:\/\/caluanieoxidizeusa.com\/pt\/wp-json\/wp\/v2\/types\/product"}],"replies":[{"embeddable":true,"href":"https:\/\/caluanieoxidizeusa.com\/pt\/wp-json\/wp\/v2\/comments?post=942"}],"wp:featuredmedia":[{"embeddable":true,"href":"https:\/\/caluanieoxidizeusa.com\/pt\/wp-json\/wp\/v2\/media\/943"}],"wp:attachment":[{"href":"https:\/\/caluanieoxidizeusa.com\/pt\/wp-json\/wp\/v2\/media?parent=942"}],"wp:term":[{"taxonomy":"product_brand","embeddable":true,"href":"https:\/\/caluanieoxidizeusa.com\/pt\/wp-json\/wp\/v2\/product_brand?post=942"},{"taxonomy":"product_cat","embeddable":true,"href":"https:\/\/caluanieoxidizeusa.com\/pt\/wp-json\/wp\/v2\/product_cat?post=942"},{"taxonomy":"product_tag","embeddable":true,"href":"https:\/\/caluanieoxidizeusa.com\/pt\/wp-json\/wp\/v2\/product_tag?post=942"}],"curies":[{"name":"wp","href":"https:\/\/api.w.org\/{rel}","templated":true}]}}