{"id":611,"date":"2023-07-28T08:23:30","date_gmt":"2023-07-28T08:23:30","guid":{"rendered":"https:\/\/caluanieoxidizeusa.com\/index.php\/about\/"},"modified":"2025-09-19T19:41:25","modified_gmt":"2025-09-20T02:41:25","slug":"sobre-nos","status":"publish","type":"page","link":"https:\/\/caluanieoxidizeusa.com\/pt\/sobre-nos\/","title":{"rendered":"Sobre n\u00f3s"},"content":{"rendered":"<div class=\"wp-block-uagb-image uagb-block-35b14227 wp-block-uagb-image--layout-default wp-block-uagb-image--effect-static wp-block-uagb-image--align-none\">\r\n<figure class=\"wp-block-uagb-image__figure\"><img loading=\"lazy\" decoding=\"async\" class=\"uag-image-961\" title=\"Caluanie Oxidize EUA 1\" role=\"img\" src=\"https:\/\/caluanieoxidizeusa.com\/wp-content\/uploads\/2024\/04\/Caluanie-Oxidize-USA-1.webp\" sizes=\"(max-width: 480px) 150px\" srcset=\"https:\/\/caluanieoxidizeusa.com\/wp-content\/uploads\/2024\/04\/Caluanie-Oxidize-USA-1.webp ,https:\/\/caluanieoxidizeusa.com\/wp-content\/uploads\/2024\/04\/Caluanie-Oxidize-USA-1.webp 780w, https:\/\/caluanieoxidizeusa.com\/wp-content\/uploads\/2024\/04\/Caluanie-Oxidize-USA-1.webp 360w\" alt=\"\" width=\"1200\" height=\"769\" \/><\/figure>\r\n<\/div>\r\n\r\n<h1>\u00a0<\/h1>\r\n<h2 style=\"text-align: center;\">O que saber!<\/h2>\r\n<p>Na Caluanie Oxidize USA, somos especializados em fornecer solu\u00e7\u00f5es qu\u00edmicas de alta qualidade para uso industrial e comercial. Nossa linha de produtos inclui <a href=\"https:\/\/en.wikipedia.org\/wiki\/Oxidizing_agent\">agentes oxidantes<\/a> como o Caluanie Muelear Oxidize, que \u00e9 amplamente utilizado em v\u00e1rios setores por suas propriedades poderosas.<\/p>\r\n<p>Com anos de experi\u00eancia na <a href=\"https:\/\/caluanieoxidizeusa.com\/pt\/produtos-quimicos\/\">qu\u00edmico<\/a> ind\u00fastria, nos estabelecemos como uma empresa confi\u00e1vel <a href=\"https:\/\/caluanieoxidizeusa.com\/pt\/produto\/caluanie-muelear-oxidar-5l\/\">fornecedor de Caluanie Muelear Oxidize<\/a>, atendendo clientes nos EUA e no mundo todo. Nosso compromisso com a qualidade e a satisfa\u00e7\u00e3o do cliente nos rendeu a reputa\u00e7\u00e3o de ser um fornecedor confi\u00e1vel e eficiente.<\/p>\r\n<h3 style=\"text-align: center;\">O que fazemos!<\/h3>\r\n<p>Compreendemos a import\u00e2ncia do uso de produtos qu\u00edmicos seguros e eficazes em processos industriais, por isso priorizamos a qualidade dos nossos produtos. Nossa equipe de especialistas testa e monitora cuidadosamente cada lote de Caluanie Muelear Oxidize para garantir que atenda aos nossos altos padr\u00f5es. Tamb\u00e9m oferecemos <a href=\"https:\/\/caluanieoxidizeusa.com\/pt\/produto\/caluanie-muelear-oxidar-5l\/\">Caluanie Muelear \u00e0 venda<\/a> e atacado para atender \u00e0s diversas necessidades dos nossos clientes. Nossos pre\u00e7os competitivos e op\u00e7\u00f5es flex\u00edveis de pedidos nos tornam um fornecedor preferencial para empresas de todos os portes.<\/p>\r\n<p dir=\"auto\" data-pm-slice=\"1 1 []\">Descubra o poder do Caluanie Muelear Oxidize \u2013 um agente oxidante de alta qualidade dispon\u00edvel para venda e atacado. Somos a sua loja de confian\u00e7a. <a href=\"https:\/\/caluanieoxidizeusa.com\/pt\/produto\/caluanie-muelear-oxidar-5l\/\">fornecedor para Caluanie Muelear<\/a>. Fa\u00e7a seu pedido conosco e libere seu potencial para diversas aplica\u00e7\u00f5es.<\/p>\r\n<h3 style=\"text-align: center;\">Chegando at\u00e9 n\u00f3s<\/h3>\r\n<p>Na Caluanie Oxidize USA, nos orgulhamos do nosso excelente atendimento ao cliente. Nossa equipe experiente e atenciosa est\u00e1 sempre dispon\u00edvel para ajudar com quaisquer d\u00favidas ou preocupa\u00e7\u00f5es que voc\u00ea possa ter. Voc\u00ea pode entrar em contato conosco atrav\u00e9s do nosso <a href=\"https:\/\/caluanieoxidizeusa.com\/pt\/contact\/\">Contato<\/a> p\u00e1gina ou pelo WhatsApp, clicando no bot\u00e3o WhatsApp no canto inferior esquerdo do nosso site. Acreditamos na constru\u00e7\u00e3o de relacionamentos s\u00f3lidos com nossos clientes e nos esfor\u00e7amos para proporcionar uma experi\u00eancia impec\u00e1vel do in\u00edcio ao fim.<\/p>\r\n<p>Agradecemos por considerar a Caluanie Oxidize USA para suas necessidades qu\u00edmicas. Nos dedicamos a fornecer produtos de alta qualidade e um servi\u00e7o excepcional, e esperamos ser seu fornecedor de confian\u00e7a.<\/p>","protected":false},"excerpt":{"rendered":"<p>\u00a0 What to Know! At Caluanie Oxidize USA, we specialize in providing high-quality chemical solutions for industrial and commercial use. Our range of products includes oxidizing agents such as Caluanie Muelear Oxidize, which is widely used in various industries for its powerful properties. With years of experience in the chemical industry, we have established ourselves [&hellip;]<\/p>\n","protected":false},"author":1,"featured_media":928,"parent":0,"menu_order":0,"comment_status":"closed","ping_status":"closed","template":"","meta":{"_et_pb_use_builder":"off","_et_pb_old_content":"<!-- wp:html -->\r\n<div class=\"wp-block-uagb-image uagb-block-35b14227 wp-block-uagb-image--layout-default wp-block-uagb-image--effect-static wp-block-uagb-image--align-none\"><figure class=\"wp-block-uagb-image__figure\"><img srcset=\"https:\/\/caluanieoxidizeusa.com\/wp-content\/uploads\/2024\/04\/Caluanie-Oxidize-USA-1.webp ,https:\/\/caluanieoxidizeusa.com\/wp-content\/uploads\/2024\/04\/Caluanie-Oxidize-USA-1.webp 780w, https:\/\/caluanieoxidizeusa.com\/wp-content\/uploads\/2024\/04\/Caluanie-Oxidize-USA-1.webp 360w\" sizes=\"(max-width: 480px) 150px\" src=\"https:\/\/caluanieoxidizeusa.com\/wp-content\/uploads\/2024\/04\/Caluanie-Oxidize-USA-1.webp\" alt=\"\" class=\"uag-image-961\" width=\"1200\" height=\"769\" title=\"Caluanie Oxidize USA 1\" loading=\"lazy\" role=\"img\"\/><\/figure><\/div>\r\n<!-- \/wp:html -->\r\n\r\n<h1>\u00a0<\/h1>\r\n<h1 style=\"text-align: center;\">What to Know!<\/h1>\r\n<p>At Caluanie Oxidize USA, we specialize in providing high-quality chemical solutions for industrial and commercial use. Our range of products includes <a href=\"https:\/\/en.wikipedia.org\/wiki\/Oxidizing_agent\">oxidizing agents<\/a> such as Caluanie Muelear Oxidize, which is widely used in various industries for its powerful properties.<\/p>\r\n<p>With years of experience in the <a href=\"https:\/\/caluanieoxidizeusa.com\/chemicals\/\">chemical<\/a> industry, we have established ourselves as a trusted <a href=\"https:\/\/caluanieoxidizeusa.com\/product\/caluanie-muelear-oxidize-5l\/\">supplier of Caluanie Muelear Oxidize<\/a>, serving clients across the USA and Worldwide. Our commitment to quality and customer satisfaction has earned us a reputation for being a reliable and efficient supplier.<\/p>\r\n<h3 style=\"text-align: center;\">What We Do!<\/h3>\r\n<p>We understand the importance of using safe and effective chemicals in industrial processes, which is why we prioritize the quality of our products. Our team of experts carefully tests and monitors every batch of Caluanie Muelear Oxidize to ensure it meets our high standards. We also offer <a href=\"https:\/\/caluanieoxidizeusa.com\/product\/caluanie-muelear-oxidize-5l\/\">Caluanie Muelear for sale<\/a> and wholesale to cater to the varying needs of our clients. Our competitive pricing and flexible ordering options make us a preferred supplier for businesses of all sizes.<\/p>\r\n<p dir=\"auto\" data-pm-slice=\"1 1 []\">Learn about the power of Caluanie Muelear Oxidize - a top-quality oxidizing agent available for sale and wholesale. We are your trusted <a href=\"https:\/\/caluanieoxidizeusa.com\/product\/caluanie-muelear-oxidize-5l\/\">supplier for Caluanie Muelear<\/a>. Order from us and unlock its potential for various applications.<\/p>\r\n<h3 style=\"text-align: center;\">Reaching Us<\/h3>\r\n<p>At Caluanie Oxidize USA, we pride ourselves on our excellent customer service. Our knowledgeable and friendly staff is always available to assist you with any questions or concerns you may have. You can reach us through our <a href=\"https:\/\/caluanieoxidizeusa.com\/contact\/\">Contact<\/a> page or through whatsapp by clicking WhatsApp button bottom left on our website. We believe in building strong relationships with our clients and strive to provide a seamless experience from start to finish.<\/p>\r\n<p>Thank you for considering Caluanie Oxidize USA for your chemical needs. We are dedicated to providing top-quality products and exceptional service, and we look forward to being your trusted supplier<\/p>","_et_gb_content_width":"","_monsterinsights_skip_tracking":false,"_monsterinsights_sitenote_active":false,"_monsterinsights_sitenote_note":"","_monsterinsights_sitenote_category":0,"footnotes":""},"class_list":["post-611","page","type-page","status-publish","has-post-thumbnail","hentry"],"yoast_head":"<!-- This site is optimized with the Yoast SEO Premium plugin v22.3 (Yoast SEO v27.4) - https:\/\/yoast.com\/product\/yoast-seo-premium-wordpress\/ -->\n<title>Caluanie Oxidize USA | About Us<\/title>\n<meta name=\"description\" content=\"At Caluanie Oxidize USA, we specialize in providing high-quality chemical solutions for industrial and commercial use. Our range of products\" \/>\n<meta name=\"robots\" content=\"index, follow, max-snippet:-1, max-image-preview:large, max-video-preview:-1\" \/>\n<link rel=\"canonical\" href=\"https:\/\/caluanieoxidizeusa.com\/pt\/sobre-nos\/\" \/>\n<meta property=\"og:locale\" content=\"pt_BR\" \/>\n<meta property=\"og:type\" content=\"article\" \/>\n<meta property=\"og:title\" content=\"About Us\" \/>\n<meta property=\"og:description\" content=\"At Caluanie Oxidize USA, we specialize in providing high-quality chemical solutions for industrial and commercial use. Our range of products\" \/>\n<meta property=\"og:url\" content=\"https:\/\/caluanieoxidizeusa.com\/pt\/sobre-nos\/\" \/>\n<meta property=\"og:site_name\" content=\"Caluanie Oxidize USA\" \/>\n<meta property=\"article:modified_time\" content=\"2025-09-20T02:41:25+00:00\" \/>\n<meta property=\"og:image\" content=\"https:\/\/caluanieoxidizeusa.com\/wp-content\/uploads\/2024\/04\/Caluanie-Oxidize-USA-logo.webp\" \/>\n\t<meta property=\"og:image:width\" content=\"1129\" \/>\n\t<meta property=\"og:image:height\" content=\"1130\" \/>\n\t<meta property=\"og:image:type\" content=\"image\/webp\" \/>\n<meta name=\"twitter:card\" content=\"summary_large_image\" \/>\n<meta name=\"twitter:label1\" content=\"Est. tempo de leitura\" \/>\n\t<meta name=\"twitter:data1\" content=\"2 minutos\" \/>\n<script type=\"application\/ld+json\" class=\"yoast-schema-graph\">{\"@context\":\"https:\\\/\\\/schema.org\",\"@graph\":[{\"@type\":\"WebPage\",\"@id\":\"https:\\\/\\\/caluanieoxidizeusa.com\\\/about-us\\\/\",\"url\":\"https:\\\/\\\/caluanieoxidizeusa.com\\\/about-us\\\/\",\"name\":\"Caluanie Oxidize USA | About Us\",\"isPartOf\":{\"@id\":\"https:\\\/\\\/caluanieoxidizeusa.com\\\/#website\"},\"primaryImageOfPage\":{\"@id\":\"https:\\\/\\\/caluanieoxidizeusa.com\\\/about-us\\\/#primaryimage\"},\"image\":{\"@id\":\"https:\\\/\\\/caluanieoxidizeusa.com\\\/about-us\\\/#primaryimage\"},\"thumbnailUrl\":\"https:\\\/\\\/caluanieoxidizeusa.com\\\/wp-content\\\/uploads\\\/2024\\\/04\\\/Caluanie-Oxidize-USA-logo.webp\",\"datePublished\":\"2023-07-28T08:23:30+00:00\",\"dateModified\":\"2025-09-20T02:41:25+00:00\",\"description\":\"At Caluanie Oxidize USA, we specialize in providing high-quality chemical solutions for industrial and commercial use. Our range of products\",\"breadcrumb\":{\"@id\":\"https:\\\/\\\/caluanieoxidizeusa.com\\\/about-us\\\/#breadcrumb\"},\"inLanguage\":\"pt-BR\",\"potentialAction\":[{\"@type\":\"ReadAction\",\"target\":[\"https:\\\/\\\/caluanieoxidizeusa.com\\\/about-us\\\/\"]}]},{\"@type\":\"ImageObject\",\"inLanguage\":\"pt-BR\",\"@id\":\"https:\\\/\\\/caluanieoxidizeusa.com\\\/about-us\\\/#primaryimage\",\"url\":\"https:\\\/\\\/caluanieoxidizeusa.com\\\/wp-content\\\/uploads\\\/2024\\\/04\\\/Caluanie-Oxidize-USA-logo.webp\",\"contentUrl\":\"https:\\\/\\\/caluanieoxidizeusa.com\\\/wp-content\\\/uploads\\\/2024\\\/04\\\/Caluanie-Oxidize-USA-logo.webp\",\"width\":1129,\"height\":1130,\"caption\":\"Buy Caluanie Oxidize USA\"},{\"@type\":\"BreadcrumbList\",\"@id\":\"https:\\\/\\\/caluanieoxidizeusa.com\\\/about-us\\\/#breadcrumb\",\"itemListElement\":[{\"@type\":\"ListItem\",\"position\":1,\"name\":\"Home\",\"item\":\"https:\\\/\\\/caluanieoxidizeusa.com\\\/\"},{\"@type\":\"ListItem\",\"position\":2,\"name\":\"About Us\"}]},{\"@type\":\"WebSite\",\"@id\":\"https:\\\/\\\/caluanieoxidizeusa.com\\\/#website\",\"url\":\"https:\\\/\\\/caluanieoxidizeusa.com\\\/\",\"name\":\"Caluanie Oxidize USA\",\"description\":\"Caluanie Muelear Oxidize\",\"publisher\":{\"@id\":\"https:\\\/\\\/caluanieoxidizeusa.com\\\/#organization\"},\"potentialAction\":[{\"@type\":\"SearchAction\",\"target\":{\"@type\":\"EntryPoint\",\"urlTemplate\":\"https:\\\/\\\/caluanieoxidizeusa.com\\\/?s={search_term_string}\"},\"query-input\":{\"@type\":\"PropertyValueSpecification\",\"valueRequired\":true,\"valueName\":\"search_term_string\"}}],\"inLanguage\":\"pt-BR\"},{\"@type\":\"Organization\",\"@id\":\"https:\\\/\\\/caluanieoxidizeusa.com\\\/#organization\",\"name\":\"Caluanie Oxidize USA\",\"url\":\"https:\\\/\\\/caluanieoxidizeusa.com\\\/\",\"logo\":{\"@type\":\"ImageObject\",\"inLanguage\":\"pt-BR\",\"@id\":\"https:\\\/\\\/caluanieoxidizeusa.com\\\/#\\\/schema\\\/logo\\\/image\\\/\",\"url\":\"https:\\\/\\\/caluanieoxidizeusa.com\\\/wp-content\\\/uploads\\\/2024\\\/03\\\/cropped-image_2024-03-31_081852907.png\",\"contentUrl\":\"https:\\\/\\\/caluanieoxidizeusa.com\\\/wp-content\\\/uploads\\\/2024\\\/03\\\/cropped-image_2024-03-31_081852907.png\",\"width\":1127,\"height\":1118,\"caption\":\"Caluanie Oxidize USA\"},\"image\":{\"@id\":\"https:\\\/\\\/caluanieoxidizeusa.com\\\/#\\\/schema\\\/logo\\\/image\\\/\"}}]}<\/script>\n<!-- \/ Yoast SEO Premium plugin. -->","yoast_head_json":{"title":"Caluanie Oxidize USA | Sobre n\u00f3s","description":"Na Caluanie Oxidize USA, somos especializados em fornecer solu\u00e7\u00f5es qu\u00edmicas de alta qualidade para uso industrial e comercial. Nossa linha de produtos","robots":{"index":"index","follow":"follow","max-snippet":"max-snippet:-1","max-image-preview":"max-image-preview:large","max-video-preview":"max-video-preview:-1"},"canonical":"https:\/\/caluanieoxidizeusa.com\/pt\/sobre-nos\/","og_locale":"pt_BR","og_type":"article","og_title":"About Us","og_description":"At Caluanie Oxidize USA, we specialize in providing high-quality chemical solutions for industrial and commercial use. Our range of products","og_url":"https:\/\/caluanieoxidizeusa.com\/pt\/sobre-nos\/","og_site_name":"Caluanie Oxidize USA","article_modified_time":"2025-09-20T02:41:25+00:00","og_image":[{"width":1129,"height":1130,"url":"https:\/\/caluanieoxidizeusa.com\/wp-content\/uploads\/2024\/04\/Caluanie-Oxidize-USA-logo.webp","type":"image\/webp"}],"twitter_card":"summary_large_image","twitter_misc":{"Est. tempo de leitura":"2 minutos"},"schema":{"@context":"https:\/\/schema.org","@graph":[{"@type":"WebPage","@id":"https:\/\/caluanieoxidizeusa.com\/about-us\/","url":"https:\/\/caluanieoxidizeusa.com\/about-us\/","name":"Caluanie Oxidize USA | Sobre n\u00f3s","isPartOf":{"@id":"https:\/\/caluanieoxidizeusa.com\/#website"},"primaryImageOfPage":{"@id":"https:\/\/caluanieoxidizeusa.com\/about-us\/#primaryimage"},"image":{"@id":"https:\/\/caluanieoxidizeusa.com\/about-us\/#primaryimage"},"thumbnailUrl":"https:\/\/caluanieoxidizeusa.com\/wp-content\/uploads\/2024\/04\/Caluanie-Oxidize-USA-logo.webp","datePublished":"2023-07-28T08:23:30+00:00","dateModified":"2025-09-20T02:41:25+00:00","description":"Na Caluanie Oxidize USA, somos especializados em fornecer solu\u00e7\u00f5es qu\u00edmicas de alta qualidade para uso industrial e comercial. Nossa linha de produtos","breadcrumb":{"@id":"https:\/\/caluanieoxidizeusa.com\/about-us\/#breadcrumb"},"inLanguage":"pt-BR","potentialAction":[{"@type":"ReadAction","target":["https:\/\/caluanieoxidizeusa.com\/about-us\/"]}]},{"@type":"ImageObject","inLanguage":"pt-BR","@id":"https:\/\/caluanieoxidizeusa.com\/about-us\/#primaryimage","url":"https:\/\/caluanieoxidizeusa.com\/wp-content\/uploads\/2024\/04\/Caluanie-Oxidize-USA-logo.webp","contentUrl":"https:\/\/caluanieoxidizeusa.com\/wp-content\/uploads\/2024\/04\/Caluanie-Oxidize-USA-logo.webp","width":1129,"height":1130,"caption":"Buy Caluanie Oxidize USA"},{"@type":"BreadcrumbList","@id":"https:\/\/caluanieoxidizeusa.com\/about-us\/#breadcrumb","itemListElement":[{"@type":"ListItem","position":1,"name":"Home","item":"https:\/\/caluanieoxidizeusa.com\/"},{"@type":"ListItem","position":2,"name":"About Us"}]},{"@type":"WebSite","@id":"https:\/\/caluanieoxidizeusa.com\/#website","url":"https:\/\/caluanieoxidizeusa.com\/","name":"Caluanie Oxidize EUA","description":"Caluanie Muelear Oxidado","publisher":{"@id":"https:\/\/caluanieoxidizeusa.com\/#organization"},"potentialAction":[{"@type":"SearchAction","target":{"@type":"EntryPoint","urlTemplate":"https:\/\/caluanieoxidizeusa.com\/?s={search_term_string}"},"query-input":{"@type":"PropertyValueSpecification","valueRequired":true,"valueName":"search_term_string"}}],"inLanguage":"pt-BR"},{"@type":"Organization","@id":"https:\/\/caluanieoxidizeusa.com\/#organization","name":"Caluanie Oxidize EUA","url":"https:\/\/caluanieoxidizeusa.com\/","logo":{"@type":"ImageObject","inLanguage":"pt-BR","@id":"https:\/\/caluanieoxidizeusa.com\/#\/schema\/logo\/image\/","url":"https:\/\/caluanieoxidizeusa.com\/wp-content\/uploads\/2024\/03\/cropped-image_2024-03-31_081852907.png","contentUrl":"https:\/\/caluanieoxidizeusa.com\/wp-content\/uploads\/2024\/03\/cropped-image_2024-03-31_081852907.png","width":1127,"height":1118,"caption":"Caluanie Oxidize USA"},"image":{"@id":"https:\/\/caluanieoxidizeusa.com\/#\/schema\/logo\/image\/"}}]}},"_links":{"self":[{"href":"https:\/\/caluanieoxidizeusa.com\/pt\/wp-json\/wp\/v2\/pages\/611","targetHints":{"allow":["GET"]}}],"collection":[{"href":"https:\/\/caluanieoxidizeusa.com\/pt\/wp-json\/wp\/v2\/pages"}],"about":[{"href":"https:\/\/caluanieoxidizeusa.com\/pt\/wp-json\/wp\/v2\/types\/page"}],"author":[{"embeddable":true,"href":"https:\/\/caluanieoxidizeusa.com\/pt\/wp-json\/wp\/v2\/users\/1"}],"replies":[{"embeddable":true,"href":"https:\/\/caluanieoxidizeusa.com\/pt\/wp-json\/wp\/v2\/comments?post=611"}],"version-history":[{"count":15,"href":"https:\/\/caluanieoxidizeusa.com\/pt\/wp-json\/wp\/v2\/pages\/611\/revisions"}],"predecessor-version":[{"id":1335,"href":"https:\/\/caluanieoxidizeusa.com\/pt\/wp-json\/wp\/v2\/pages\/611\/revisions\/1335"}],"wp:featuredmedia":[{"embeddable":true,"href":"https:\/\/caluanieoxidizeusa.com\/pt\/wp-json\/wp\/v2\/media\/928"}],"wp:attachment":[{"href":"https:\/\/caluanieoxidizeusa.com\/pt\/wp-json\/wp\/v2\/media?parent=611"}],"curies":[{"name":"wp","href":"https:\/\/api.w.org\/{rel}","templated":true}]}}