{"id":942,"date":"2024-04-02T00:50:37","date_gmt":"2024-04-02T07:50:37","guid":{"rendered":"https:\/\/caluanieoxidizeusa.com\/?post_type=product&#038;p=942"},"modified":"2025-12-22T17:20:13","modified_gmt":"2025-12-23T00:20:13","slug":"caluanie-muelear-oxidize-100l","status":"publish","type":"product","link":"https:\/\/caluanieoxidizeusa.com\/de\/product\/caluanie-muelear-oxidize-100l\/","title":{"rendered":"Caluanie Muelear Oxidize 100L"},"content":{"rendered":"<h2 style=\"text-align: center;\">\u00dcberblick<\/h2>\n<p>Wenn Sie nach einer zuverl\u00e4ssigen Bezugsquelle f\u00fcr Caluanie Muelear Oxidize 100L suchen, sind Sie hier genau richtig. Entdecken Sie unser exklusives Angebot im Shop \u2013 ein begehrtes Spitzenprodukt f\u00fcr vielf\u00e4ltige Einsatzm\u00f6glichkeiten. Caluanie Muelear Oxidize zeichnet sich durch seine bemerkenswerte chemische Mischung aus. <a href=\"https:\/\/en.wikipedia.org\/wiki\/Oxidizing_agent\">Oxidation<\/a> F\u00e4higkeiten.<\/p>\n<p>&nbsp;<\/p>\n<h3>Caluanie Muelear Oxidize bestellen \u2013 Hochwertiges Produkt f\u00fcr verschiedene Anwendungen<\/h3>\n<p dir=\"auto\" data-pm-slice=\"1 1 []\">Entdecken Sie die Leistungsf\u00e4higkeit von Caluanie Muelear Oxidize 100L \u2013 die ultimative L\u00f6sung f\u00fcr verschiedene industrielle Anwendungen. Bestellen Sie Caluanie Muelear Oxidize in gro\u00dfen Mengen zu Gro\u00dfhandelspreisen und lassen Sie es sich weltweit liefern. Finden Sie <a href=\"https:\/\/caluanieoxidizeusa.com\/de\/product\/caluanie-muelear-oxidize-100l\/\">Muelear Oxidize zu verkaufen<\/a> bei <a href=\"http:\/\/caluanieoxidizeusa.com\/de\/\" target=\"_blank\" rel=\"noopener noreferrer nofollow\">caluanieoxidizeusa.com<\/a> und verbessern Sie Ihre Prozesse mit diesem leistungsstarken Produkt.<\/p>\n<h3>Merkmale:<\/h3>\n<p dir=\"auto\" data-pm-slice=\"1 1 []\"><b>Kraftvoller Fleckenentferner<\/b>: Verabschieden Sie sich von hartn\u00e4ckigen Flecken mit der starken Oxidationskraft von Caluanie Muelear Oxidize 100L.<\/p>\n<p dir=\"auto\" data-pm-slice=\"1 1 []\"><b>Effektiver Abbeizer<\/b>: Entfernen Sie mithilfe dieser wirksamen L\u00f6sung m\u00fchelos Farbschichten.<\/p>\n<p dir=\"auto\" data-pm-slice=\"1 1 []\"><b>Weltweiter Versand<\/b>: Egal, wo auf der Welt Sie sich befinden, Sie k\u00f6nnen jetzt dieses fantastische Produkt in die H\u00e4nde bekommen.<\/p>\n<h3>Spezifikationen:<\/h3>\n<ul>\n<li dir=\"auto\" data-pm-slice=\"1 1 []\">100L Beh\u00e4ltergr\u00f6\u00dfe<\/li>\n<li dir=\"auto\" data-pm-slice=\"1 1 []\">Formel in Industriequalit\u00e4t<\/li>\n<li dir=\"auto\" data-pm-slice=\"1 1 []\">Geeignet f\u00fcr eine Vielzahl von Oberfl\u00e4chen<\/li>\n<\/ul>\n<h3>Kaufen Sie Muelear Oxidize 100L<\/h3>\n<p>Kaufen Sie Muelear Oxidize 100L, das nach h\u00f6chsten Standards hergestellt wird und seine Qualit\u00e4t und Wirksamkeit gew\u00e4hrleistet. Es ist ein leistungsstarkes L\u00f6sungsmittel, das f\u00fcr eine Vielzahl von Zwecken eingesetzt werden kann, darunter Entlackung, Metallreinigung und verschiedene industrielle Anwendungen. Seine einzigartigen Eigenschaften machen es zur idealen Wahl f\u00fcr Profis in verschiedenen Branchen.<\/p>\n<h3><a href=\"https:\/\/caluanieoxidizeusa.com\/de\/product\/caluanie-muelear-oxidize-100l\/\">Muelear Oxidize wird weltweit versendet<\/a><\/h3>\n<p>Wir wissen, dass unsere Kunden aus aller Welt kommen. Deshalb bieten wir weltweiten Versand an. Egal, wo Sie sich befinden, Sie k\u00f6nnen Caluanie Muelear Oxidize 100L bestellen und sich direkt nach Hause liefern lassen. F\u00fcr gr\u00f6\u00dfere Mengen bieten wir auch Gro\u00dfhandelsoptionen an.<\/p>\n<p>Wenn Sie <a href=\"https:\/\/caluanieoxidizeusa.com\/de\/product\/caluanie-muelear-oxidize-100l\/\">Caluanie Muelear kaufen<\/a> Wenn Sie bei uns oxidieren, k\u00f6nnen Sie darauf vertrauen, dass Sie ein hochwertiges Produkt erhalten, das Ihren spezifischen Anforderungen entspricht. P\u00fcnktliche Lieferung, kostenloser Versand, authentische Chemikalien und erstklassiger Kundensupport sind das, was Sie bei einer Bestellung bei uns erwarten.<\/p>\n<p>Bestellen Sie f\u00fcr <a href=\"https:\/\/caluanieoxidizeusa.com\/de\/product\/caluanie-muelear-oxidize-100l\/\">Caluanie Muelear Oxidize 100Liters<\/a> Probieren Sie es noch heute aus und erleben Sie die Vorteile dieses au\u00dfergew\u00f6hnlichen Produkts.<\/p>","protected":false},"excerpt":{"rendered":"<p><a href=\"https:\/\/caluanieoxidizeusa.com\/de\/product\/caluanie-muelear-oxidize-100l\/\">Caluanie Muelear wird weltweit versendet<\/a><\/p>\n<ul>\n<li dir=\"auto\" data-pm-slice=\"1 1 []\"><strong>100L Beh\u00e4ltergr\u00f6\u00dfe<\/strong><\/li>\n<li dir=\"auto\" data-pm-slice=\"1 1 []\"><strong>Formel in Industriequalit\u00e4t<\/strong><\/li>\n<li dir=\"auto\" data-pm-slice=\"1 1 []\"><strong>Geeignet f\u00fcr eine Vielzahl von Oberfl\u00e4chen<\/strong><\/li>\n<\/ul>","protected":false},"featured_media":943,"comment_status":"open","ping_status":"closed","template":"","meta":{"_et_pb_use_builder":"","_et_pb_old_content":"","_et_gb_content_width":"","_monsterinsights_skip_tracking":false,"_monsterinsights_sitenote_active":false,"_monsterinsights_sitenote_note":"","_monsterinsights_sitenote_category":0},"product_brand":[],"product_cat":[25],"product_tag":[],"class_list":{"0":"post-942","1":"product","2":"type-product","3":"status-publish","4":"has-post-thumbnail","6":"product_cat-chemical","8":"first","9":"instock","10":"sale","11":"shipping-taxable","12":"purchasable","13":"product-type-simple"},"yoast_head":"<!-- This site is optimized with the Yoast SEO Premium plugin v22.3 (Yoast SEO v27.3) - https:\/\/yoast.com\/product\/yoast-seo-premium-wordpress\/ -->\n<title>Caluanie Muelear Oxidize 100L | Caluanie Oxidize USA<\/title>\n<meta name=\"description\" content=\"If you are looking for a reliable source to buy Caluanie Muelear Oxidize 100L, you have come to the right place. Discover our exclusive offering at the\" \/>\n<meta name=\"robots\" content=\"index, follow, max-snippet:-1, max-image-preview:large, max-video-preview:-1\" \/>\n<link rel=\"canonical\" href=\"https:\/\/caluanieoxidizeusa.com\/de\/product\/caluanie-muelear-oxidize-100l\/\" \/>\n<meta property=\"og:locale\" content=\"de_DE\" \/>\n<meta property=\"og:type\" content=\"article\" \/>\n<meta property=\"og:title\" content=\"Caluanie Muelear Oxidize 100L\" \/>\n<meta property=\"og:description\" content=\"If you are looking for a reliable source to buy Caluanie Muelear Oxidize 100L, you have come to the right place. Discover our exclusive offering at the\" \/>\n<meta property=\"og:url\" content=\"https:\/\/caluanieoxidizeusa.com\/de\/product\/caluanie-muelear-oxidize-100l\/\" \/>\n<meta property=\"og:site_name\" content=\"Caluanie Oxidize USA\" \/>\n<meta property=\"article:modified_time\" content=\"2025-12-23T00:20:13+00:00\" \/>\n<meta property=\"og:image\" content=\"https:\/\/caluanieoxidizeusa.com\/wp-content\/uploads\/2024\/04\/caluanie-muelear-100L.webp\" \/>\n\t<meta property=\"og:image:width\" content=\"854\" \/>\n\t<meta property=\"og:image:height\" content=\"854\" \/>\n\t<meta property=\"og:image:type\" content=\"image\/webp\" \/>\n<meta name=\"twitter:card\" content=\"summary_large_image\" \/>\n<meta name=\"twitter:label1\" content=\"Gesch\u00e4tzte Lesezeit\" \/>\n\t<meta name=\"twitter:data1\" content=\"2\u00a0Minuten\" \/>\n<script type=\"application\/ld+json\" class=\"yoast-schema-graph\">{\"@context\":\"https:\\\/\\\/schema.org\",\"@graph\":[{\"@type\":\"WebPage\",\"@id\":\"https:\\\/\\\/caluanieoxidizeusa.com\\\/product\\\/caluanie-muelear-oxidize-100l\\\/\",\"url\":\"https:\\\/\\\/caluanieoxidizeusa.com\\\/product\\\/caluanie-muelear-oxidize-100l\\\/\",\"name\":\"Caluanie Muelear Oxidize 100L | Caluanie Oxidize USA\",\"isPartOf\":{\"@id\":\"https:\\\/\\\/caluanieoxidizeusa.com\\\/#website\"},\"primaryImageOfPage\":{\"@id\":\"https:\\\/\\\/caluanieoxidizeusa.com\\\/product\\\/caluanie-muelear-oxidize-100l\\\/#primaryimage\"},\"image\":{\"@id\":\"https:\\\/\\\/caluanieoxidizeusa.com\\\/product\\\/caluanie-muelear-oxidize-100l\\\/#primaryimage\"},\"thumbnailUrl\":\"https:\\\/\\\/caluanieoxidizeusa.com\\\/wp-content\\\/uploads\\\/2024\\\/04\\\/caluanie-muelear-100L.webp\",\"datePublished\":\"2024-04-02T07:50:37+00:00\",\"dateModified\":\"2025-12-23T00:20:13+00:00\",\"description\":\"If you are looking for a reliable source to buy Caluanie Muelear Oxidize 100L, you have come to the right place. Discover our exclusive offering at the\",\"breadcrumb\":{\"@id\":\"https:\\\/\\\/caluanieoxidizeusa.com\\\/product\\\/caluanie-muelear-oxidize-100l\\\/#breadcrumb\"},\"inLanguage\":\"de\",\"potentialAction\":[{\"@type\":\"ReadAction\",\"target\":[\"https:\\\/\\\/caluanieoxidizeusa.com\\\/product\\\/caluanie-muelear-oxidize-100l\\\/\"]}]},{\"@type\":\"ImageObject\",\"inLanguage\":\"de\",\"@id\":\"https:\\\/\\\/caluanieoxidizeusa.com\\\/product\\\/caluanie-muelear-oxidize-100l\\\/#primaryimage\",\"url\":\"https:\\\/\\\/caluanieoxidizeusa.com\\\/wp-content\\\/uploads\\\/2024\\\/04\\\/caluanie-muelear-100L.webp\",\"contentUrl\":\"https:\\\/\\\/caluanieoxidizeusa.com\\\/wp-content\\\/uploads\\\/2024\\\/04\\\/caluanie-muelear-100L.webp\",\"width\":854,\"height\":854,\"caption\":\"Buy Muelear Oxidize 100L\"},{\"@type\":\"BreadcrumbList\",\"@id\":\"https:\\\/\\\/caluanieoxidizeusa.com\\\/product\\\/caluanie-muelear-oxidize-100l\\\/#breadcrumb\",\"itemListElement\":[{\"@type\":\"ListItem\",\"position\":1,\"name\":\"Home\",\"item\":\"https:\\\/\\\/caluanieoxidizeusa.com\\\/\"},{\"@type\":\"ListItem\",\"position\":2,\"name\":\"Chemicals\",\"item\":\"https:\\\/\\\/caluanieoxidizeusa.com\\\/chemicals\\\/\"},{\"@type\":\"ListItem\",\"position\":3,\"name\":\"Caluanie Muelear Oxidize 100L\"}]},{\"@type\":\"WebSite\",\"@id\":\"https:\\\/\\\/caluanieoxidizeusa.com\\\/#website\",\"url\":\"https:\\\/\\\/caluanieoxidizeusa.com\\\/\",\"name\":\"Caluanie Oxidize USA\",\"description\":\"Caluanie Muelear Oxidize\",\"publisher\":{\"@id\":\"https:\\\/\\\/caluanieoxidizeusa.com\\\/#organization\"},\"potentialAction\":[{\"@type\":\"SearchAction\",\"target\":{\"@type\":\"EntryPoint\",\"urlTemplate\":\"https:\\\/\\\/caluanieoxidizeusa.com\\\/?s={search_term_string}\"},\"query-input\":{\"@type\":\"PropertyValueSpecification\",\"valueRequired\":true,\"valueName\":\"search_term_string\"}}],\"inLanguage\":\"de\"},{\"@type\":\"Organization\",\"@id\":\"https:\\\/\\\/caluanieoxidizeusa.com\\\/#organization\",\"name\":\"Caluanie Oxidize USA\",\"url\":\"https:\\\/\\\/caluanieoxidizeusa.com\\\/\",\"logo\":{\"@type\":\"ImageObject\",\"inLanguage\":\"de\",\"@id\":\"https:\\\/\\\/caluanieoxidizeusa.com\\\/#\\\/schema\\\/logo\\\/image\\\/\",\"url\":\"https:\\\/\\\/caluanieoxidizeusa.com\\\/wp-content\\\/uploads\\\/2024\\\/03\\\/cropped-image_2024-03-31_081852907.png\",\"contentUrl\":\"https:\\\/\\\/caluanieoxidizeusa.com\\\/wp-content\\\/uploads\\\/2024\\\/03\\\/cropped-image_2024-03-31_081852907.png\",\"width\":1127,\"height\":1118,\"caption\":\"Caluanie Oxidize USA\"},\"image\":{\"@id\":\"https:\\\/\\\/caluanieoxidizeusa.com\\\/#\\\/schema\\\/logo\\\/image\\\/\"}}]}<\/script>\n<!-- \/ Yoast SEO Premium plugin. -->","yoast_head_json":{"title":"Caluanie Muelear Oxidize 100L | Caluanie Oxidize USA","description":"Wenn Sie nach einer zuverl\u00e4ssigen Quelle f\u00fcr Caluanie Muelear Oxidize 100L suchen, sind Sie hier genau richtig. Entdecken Sie unser exklusives Angebot im","robots":{"index":"index","follow":"follow","max-snippet":"max-snippet:-1","max-image-preview":"max-image-preview:large","max-video-preview":"max-video-preview:-1"},"canonical":"https:\/\/caluanieoxidizeusa.com\/de\/product\/caluanie-muelear-oxidize-100l\/","og_locale":"de_DE","og_type":"article","og_title":"Caluanie Muelear Oxidize 100L","og_description":"If you are looking for a reliable source to buy Caluanie Muelear Oxidize 100L, you have come to the right place. Discover our exclusive offering at the","og_url":"https:\/\/caluanieoxidizeusa.com\/de\/product\/caluanie-muelear-oxidize-100l\/","og_site_name":"Caluanie Oxidize USA","article_modified_time":"2025-12-23T00:20:13+00:00","og_image":[{"width":854,"height":854,"url":"https:\/\/caluanieoxidizeusa.com\/wp-content\/uploads\/2024\/04\/caluanie-muelear-100L.webp","type":"image\/webp"}],"twitter_card":"summary_large_image","twitter_misc":{"Gesch\u00e4tzte Lesezeit":"2\u00a0Minuten"},"schema":{"@context":"https:\/\/schema.org","@graph":[{"@type":"WebPage","@id":"https:\/\/caluanieoxidizeusa.com\/product\/caluanie-muelear-oxidize-100l\/","url":"https:\/\/caluanieoxidizeusa.com\/product\/caluanie-muelear-oxidize-100l\/","name":"Caluanie Muelear Oxidize 100L | Caluanie Oxidize USA","isPartOf":{"@id":"https:\/\/caluanieoxidizeusa.com\/#website"},"primaryImageOfPage":{"@id":"https:\/\/caluanieoxidizeusa.com\/product\/caluanie-muelear-oxidize-100l\/#primaryimage"},"image":{"@id":"https:\/\/caluanieoxidizeusa.com\/product\/caluanie-muelear-oxidize-100l\/#primaryimage"},"thumbnailUrl":"https:\/\/caluanieoxidizeusa.com\/wp-content\/uploads\/2024\/04\/caluanie-muelear-100L.webp","datePublished":"2024-04-02T07:50:37+00:00","dateModified":"2025-12-23T00:20:13+00:00","description":"Wenn Sie nach einer zuverl\u00e4ssigen Quelle f\u00fcr Caluanie Muelear Oxidize 100L suchen, sind Sie hier genau richtig. Entdecken Sie unser exklusives Angebot im","breadcrumb":{"@id":"https:\/\/caluanieoxidizeusa.com\/product\/caluanie-muelear-oxidize-100l\/#breadcrumb"},"inLanguage":"de","potentialAction":[{"@type":"ReadAction","target":["https:\/\/caluanieoxidizeusa.com\/product\/caluanie-muelear-oxidize-100l\/"]}]},{"@type":"ImageObject","inLanguage":"de","@id":"https:\/\/caluanieoxidizeusa.com\/product\/caluanie-muelear-oxidize-100l\/#primaryimage","url":"https:\/\/caluanieoxidizeusa.com\/wp-content\/uploads\/2024\/04\/caluanie-muelear-100L.webp","contentUrl":"https:\/\/caluanieoxidizeusa.com\/wp-content\/uploads\/2024\/04\/caluanie-muelear-100L.webp","width":854,"height":854,"caption":"Buy Muelear Oxidize 100L"},{"@type":"BreadcrumbList","@id":"https:\/\/caluanieoxidizeusa.com\/product\/caluanie-muelear-oxidize-100l\/#breadcrumb","itemListElement":[{"@type":"ListItem","position":1,"name":"Home","item":"https:\/\/caluanieoxidizeusa.com\/"},{"@type":"ListItem","position":2,"name":"Chemicals","item":"https:\/\/caluanieoxidizeusa.com\/chemicals\/"},{"@type":"ListItem","position":3,"name":"Caluanie Muelear Oxidize 100L"}]},{"@type":"WebSite","@id":"https:\/\/caluanieoxidizeusa.com\/#website","url":"https:\/\/caluanieoxidizeusa.com\/","name":"Caluanie Oxidize USA","description":"Caluanie Muelear Oxidize","publisher":{"@id":"https:\/\/caluanieoxidizeusa.com\/#organization"},"potentialAction":[{"@type":"SearchAction","target":{"@type":"EntryPoint","urlTemplate":"https:\/\/caluanieoxidizeusa.com\/?s={search_term_string}"},"query-input":{"@type":"PropertyValueSpecification","valueRequired":true,"valueName":"search_term_string"}}],"inLanguage":"de"},{"@type":"Organization","@id":"https:\/\/caluanieoxidizeusa.com\/#organization","name":"Caluanie Oxidize USA","url":"https:\/\/caluanieoxidizeusa.com\/","logo":{"@type":"ImageObject","inLanguage":"de","@id":"https:\/\/caluanieoxidizeusa.com\/#\/schema\/logo\/image\/","url":"https:\/\/caluanieoxidizeusa.com\/wp-content\/uploads\/2024\/03\/cropped-image_2024-03-31_081852907.png","contentUrl":"https:\/\/caluanieoxidizeusa.com\/wp-content\/uploads\/2024\/03\/cropped-image_2024-03-31_081852907.png","width":1127,"height":1118,"caption":"Caluanie Oxidize USA"},"image":{"@id":"https:\/\/caluanieoxidizeusa.com\/#\/schema\/logo\/image\/"}}]}},"_links":{"self":[{"href":"https:\/\/caluanieoxidizeusa.com\/de\/wp-json\/wp\/v2\/product\/942","targetHints":{"allow":["GET"]}}],"collection":[{"href":"https:\/\/caluanieoxidizeusa.com\/de\/wp-json\/wp\/v2\/product"}],"about":[{"href":"https:\/\/caluanieoxidizeusa.com\/de\/wp-json\/wp\/v2\/types\/product"}],"replies":[{"embeddable":true,"href":"https:\/\/caluanieoxidizeusa.com\/de\/wp-json\/wp\/v2\/comments?post=942"}],"wp:featuredmedia":[{"embeddable":true,"href":"https:\/\/caluanieoxidizeusa.com\/de\/wp-json\/wp\/v2\/media\/943"}],"wp:attachment":[{"href":"https:\/\/caluanieoxidizeusa.com\/de\/wp-json\/wp\/v2\/media?parent=942"}],"wp:term":[{"taxonomy":"product_brand","embeddable":true,"href":"https:\/\/caluanieoxidizeusa.com\/de\/wp-json\/wp\/v2\/product_brand?post=942"},{"taxonomy":"product_cat","embeddable":true,"href":"https:\/\/caluanieoxidizeusa.com\/de\/wp-json\/wp\/v2\/product_cat?post=942"},{"taxonomy":"product_tag","embeddable":true,"href":"https:\/\/caluanieoxidizeusa.com\/de\/wp-json\/wp\/v2\/product_tag?post=942"}],"curies":[{"name":"wp","href":"https:\/\/api.w.org\/{rel}","templated":true}]}}