{"id":930,"date":"2024-04-01T21:04:53","date_gmt":"2024-04-02T04:04:53","guid":{"rendered":"https:\/\/caluanieoxidizeusa.com\/?post_type=product&#038;p=930"},"modified":"2026-03-31T05:44:21","modified_gmt":"2026-03-31T12:44:21","slug":"caluanie-muelear-oxidize-1-5-liter","status":"publish","type":"product","link":"https:\/\/caluanieoxidizeusa.com\/de\/product\/caluanie-muelear-oxidize-1-5-liter\/","title":{"rendered":"Caluanie Muelear Oxidize 1,5 Liter"},"content":{"rendered":"<h2 style=\"text-align: center;\">Die perfekte L\u00f6sung<\/h2>\n<p>Caluanie Muelear Oxidize 1,5 Liter ist ein leistungsstarkes und wirksames Oxidationsmittel, das f\u00fcr seine au\u00dfergew\u00f6hnlichen Eigenschaften bekannt ist. Egal, ob Sie ein Profi im Industriesektor sind oder eine Privatperson auf der Suche nach einer zuverl\u00e4ssigen L\u00f6sung, Caluanie Muelear Oxidize 1,5 Liter ist die perfekte Wahl.<\/p>\n<p dir=\"auto\" data-pm-slice=\"1 1 []\">Entdecken Sie, wo Sie Caluanie Muelear 1,5 Liter kaufen k\u00f6nnen. Finden Sie einen zuverl\u00e4ssigen Anbieter, der Caluanie Muelear Oxidize zum Verkauf anbietet. Vertrauen Sie uns, wenn Sie Caluanie Muelear Oxidize ben\u00f6tigen, indem Sie uns besuchen <a href=\"https:\/\/caluanieoxidizeusa.com\/de\/\" target=\"_blank\" rel=\"noopener noreferrer nofollow\">caluanieoxidizeusa.com<\/a><\/p>\n<h3><\/h3>\n<h3>MERKMALE:<\/h3>\n<p><strong>Hohe L\u00f6sekraft<\/strong>: Schon mit einer kleinen Menge kann Caluanie Oxidize 1,5 Liter hartn\u00e4ckige Substanzen schnell zersetzen und Ihnen so Zeit und M\u00fche sparen.<br \/>\n<strong>Vielseitig einsetzbar<\/strong>: Dieses Produkt eignet sich f\u00fcr eine Vielzahl von Branchen, darunter Bauwesen, Automobilindustrie und Fertigung.<br \/>\n<strong>Schnell wirkend<\/strong>: Verabschieden Sie sich von langen Wartezeiten, denn Caluanie Muelear Oxidize wirkt schnell und entfernt unerw\u00fcnschte Materialien.<\/p>\n<h3>SPEZIFIKATIONEN:<\/h3>\n<p>\u2013 Gr\u00f6\u00dfe: 1,5 l<br \/>\n\u2013 Dichte: 1,08 g\/ml<br \/>\n\u2013 Farbe: Klar<\/p>\n<h3>SO FUNKTIONIERT ES:<\/h3>\n<p>\u2013 Tragen Sie zun\u00e4chst eine kleine Menge <a href=\"https:\/\/caluanieoxidizeusa.com\/de\/product\/caluanie-muelear-oxidize-1-5-liter\/\">Caluanie Muelear Oxidize<\/a> auf die gew\u00fcnschte Oberfl\u00e4che.<br \/>\n\u2013 Zweitens: Lassen Sie es einige Minuten einwirken, damit das Produkt seine Wirkung entfalten kann.<br \/>\n\u2013 Drittens: Wischen Sie das gel\u00f6ste Material mit einem Tuch oder einer B\u00fcrste ab.<br \/>\n\u2013 Und zum Schluss sp\u00fclen Sie die Oberfl\u00e4che mit Wasser ab, um ein sauberes Finish zu erzielen.<\/p>\n<h3>H\u00e4ufig gestellte Fragen:<\/h3>\n<p>F: Ist die Anwendung von Caluanie Muelear Oxidize sicher?<br \/>\nA: Ja, dieses Produkt ist ungiftig und enth\u00e4lt keine <a href=\"https:\/\/toxicfreefuture.org\/toxic-chemicals\/\">Giftige Chemikalien<\/a>. Vor der Anwendung Handschuhe tragen.<\/p>\n<p>F: Kann ich dies auf allen Oberfl\u00e4chen verwenden?<br \/>\nA: Caluanie Muelear Oxidize kann sicher auf den meisten Oberfl\u00e4chen verwendet werden, es ist jedoch immer am besten, es zuerst auf einer kleinen Fl\u00e4che zu testen.<\/p>\n<h2><\/h2>\n<h3><a href=\"https:\/\/caluanieoxidizeusa.com\/de\/product\/caluanie-muelear-oxidize-1-5-liter\/\">Caluanie Muelear 1,5 Liter kaufen<\/a><\/h3>\n<p>Caluanie Muelear Oxidize 1,5 Liter ist f\u00fcr seine hervorragende Qualit\u00e4t und Leistung bekannt. Es wird sorgf\u00e4ltig mit modernsten Verfahren und den besten Zutaten hergestellt, um gleichbleibende Ergebnisse zu gew\u00e4hrleisten. Dieses Produkt ist f\u00fcr die effektive Oxidation verschiedener Materialien konzipiert und eignet sich daher ideal f\u00fcr ein breites Anwendungsspektrum.<\/p>\n<h3><a href=\"https:\/\/caluanieoxidizeusa.com\/de\/product\/caluanie-muelear-oxidize-1-5-liter\/\">Caluanie Muelear 1,5 Liter Lieferanten<\/a><\/h3>\n<p>Beim Kauf von Caluanie Muelear Oxidize 1,5 Liter ist die Wahl eines zuverl\u00e4ssigen Lieferanten entscheidend. Wir sind stolz darauf, einer der vertrauensw\u00fcrdigsten Lieferanten dieses au\u00dfergew\u00f6hnlichen Produkts zu sein. Unser Engagement f\u00fcr Qualit\u00e4t und Kundenzufriedenheit hebt uns von der Konkurrenz ab. Bei uns k\u00f6nnen Sie sicher sein, dass Sie originales Caluanie Muelear Oxidize 1,5 Liter erhalten, das h\u00f6chsten Standards entspricht.<\/p>\n<p>Verpassen Sie nicht die Gelegenheit, die unglaubliche Kraft von Caluanie Muelear Oxidize 1,5 Liter zu erleben. Wenn Sie wissen m\u00f6chten, warum Experten weltweit auf dieses Produkt vertrauen, bestellen Sie noch heute und profitieren Sie von unserem kostenlosen Versand.<\/p>","protected":false},"excerpt":{"rendered":"<p><a href=\"https:\/\/caluanieoxidizeusa.com\/de\/product\/caluanie-muelear-oxidize-1-5-liter\/\">Kaufen Sie authentisches Caluanie Muelear<\/a><\/p>\n<ul>\n<li><strong>Gr\u00f6\u00dfe: 1,5 l<\/strong><\/li>\n<li><strong>Dichte: 1,08 g\/ml<\/strong><\/li>\n<li><strong>Farbe: Klar<\/strong><\/li>\n<\/ul>","protected":false},"featured_media":931,"comment_status":"open","ping_status":"closed","template":"","meta":{"_et_pb_use_builder":"","_et_pb_old_content":"","_et_gb_content_width":"","_monsterinsights_skip_tracking":false,"_monsterinsights_sitenote_active":false,"_monsterinsights_sitenote_note":"","_monsterinsights_sitenote_category":0},"product_brand":[],"product_cat":[25],"product_tag":[],"class_list":{"0":"post-930","1":"product","2":"type-product","3":"status-publish","4":"has-post-thumbnail","6":"product_cat-chemical","8":"first","9":"instock","10":"sale","11":"shipping-taxable","12":"purchasable","13":"product-type-simple"},"yoast_head":"<!-- This site is optimized with the Yoast SEO Premium plugin v22.3 (Yoast SEO v27.4) - https:\/\/yoast.com\/product\/yoast-seo-premium-wordpress\/ -->\n<title>Caluanie Muelear Oxidize 1.5Liter | Caluanie Oxidize USA<\/title>\n<meta name=\"description\" content=\"The Caluanie Muelear Oxidize 1.5Liter is a powerful and effective oxidizing agent which is widely recognized for its exceptional properties. Whether you\" \/>\n<meta name=\"robots\" content=\"index, follow, max-snippet:-1, max-image-preview:large, max-video-preview:-1\" \/>\n<link rel=\"canonical\" href=\"https:\/\/caluanieoxidizeusa.com\/de\/product\/caluanie-muelear-oxidize-1-5-liter\/\" \/>\n<meta property=\"og:locale\" content=\"de_DE\" \/>\n<meta property=\"og:type\" content=\"article\" \/>\n<meta property=\"og:title\" content=\"Caluanie Muelear Oxidize 1.5Liter\" \/>\n<meta property=\"og:description\" content=\"The Caluanie Muelear Oxidize 1.5Liter is a powerful and effective oxidizing agent which is widely recognized for its exceptional properties. Whether you\" \/>\n<meta property=\"og:url\" content=\"https:\/\/caluanieoxidizeusa.com\/de\/product\/caluanie-muelear-oxidize-1-5-liter\/\" \/>\n<meta property=\"og:site_name\" content=\"Caluanie Oxidize USA\" \/>\n<meta property=\"article:modified_time\" content=\"2026-03-31T12:44:21+00:00\" \/>\n<meta property=\"og:image\" content=\"https:\/\/caluanieoxidizeusa.com\/wp-content\/uploads\/2024\/04\/caluanie-muelear-1.5L.webp\" \/>\n\t<meta property=\"og:image:width\" content=\"2048\" \/>\n\t<meta property=\"og:image:height\" content=\"2048\" \/>\n\t<meta property=\"og:image:type\" content=\"image\/webp\" \/>\n<meta name=\"twitter:card\" content=\"summary_large_image\" \/>\n<meta name=\"twitter:label1\" content=\"Gesch\u00e4tzte Lesezeit\" \/>\n\t<meta name=\"twitter:data1\" content=\"3\u00a0Minuten\" \/>\n<script type=\"application\/ld+json\" class=\"yoast-schema-graph\">{\"@context\":\"https:\\\/\\\/schema.org\",\"@graph\":[{\"@type\":\"WebPage\",\"@id\":\"https:\\\/\\\/caluanieoxidizeusa.com\\\/product\\\/caluanie-muelear-oxidize-1-5liter\\\/\",\"url\":\"https:\\\/\\\/caluanieoxidizeusa.com\\\/product\\\/caluanie-muelear-oxidize-1-5liter\\\/\",\"name\":\"Caluanie Muelear Oxidize 1.5Liter | Caluanie Oxidize USA\",\"isPartOf\":{\"@id\":\"https:\\\/\\\/caluanieoxidizeusa.com\\\/#website\"},\"primaryImageOfPage\":{\"@id\":\"https:\\\/\\\/caluanieoxidizeusa.com\\\/product\\\/caluanie-muelear-oxidize-1-5liter\\\/#primaryimage\"},\"image\":{\"@id\":\"https:\\\/\\\/caluanieoxidizeusa.com\\\/product\\\/caluanie-muelear-oxidize-1-5liter\\\/#primaryimage\"},\"thumbnailUrl\":\"https:\\\/\\\/caluanieoxidizeusa.com\\\/wp-content\\\/uploads\\\/2024\\\/04\\\/caluanie-muelear-1.5L.webp\",\"datePublished\":\"2024-04-02T04:04:53+00:00\",\"dateModified\":\"2026-03-31T12:44:21+00:00\",\"description\":\"The Caluanie Muelear Oxidize 1.5Liter is a powerful and effective oxidizing agent which is widely recognized for its exceptional properties. Whether you\",\"breadcrumb\":{\"@id\":\"https:\\\/\\\/caluanieoxidizeusa.com\\\/product\\\/caluanie-muelear-oxidize-1-5liter\\\/#breadcrumb\"},\"inLanguage\":\"de\",\"potentialAction\":[{\"@type\":\"ReadAction\",\"target\":[\"https:\\\/\\\/caluanieoxidizeusa.com\\\/product\\\/caluanie-muelear-oxidize-1-5liter\\\/\"]}]},{\"@type\":\"ImageObject\",\"inLanguage\":\"de\",\"@id\":\"https:\\\/\\\/caluanieoxidizeusa.com\\\/product\\\/caluanie-muelear-oxidize-1-5liter\\\/#primaryimage\",\"url\":\"https:\\\/\\\/caluanieoxidizeusa.com\\\/wp-content\\\/uploads\\\/2024\\\/04\\\/caluanie-muelear-1.5L.webp\",\"contentUrl\":\"https:\\\/\\\/caluanieoxidizeusa.com\\\/wp-content\\\/uploads\\\/2024\\\/04\\\/caluanie-muelear-1.5L.webp\",\"width\":2048,\"height\":2048,\"caption\":\"Buy Caluanie Muelear 1.5Liter\"},{\"@type\":\"BreadcrumbList\",\"@id\":\"https:\\\/\\\/caluanieoxidizeusa.com\\\/product\\\/caluanie-muelear-oxidize-1-5liter\\\/#breadcrumb\",\"itemListElement\":[{\"@type\":\"ListItem\",\"position\":1,\"name\":\"Home\",\"item\":\"https:\\\/\\\/caluanieoxidizeusa.com\\\/\"},{\"@type\":\"ListItem\",\"position\":2,\"name\":\"Chemicals\",\"item\":\"https:\\\/\\\/caluanieoxidizeusa.com\\\/chemicals\\\/\"},{\"@type\":\"ListItem\",\"position\":3,\"name\":\"Caluanie Muelear Oxidize 1.5Liter\"}]},{\"@type\":\"WebSite\",\"@id\":\"https:\\\/\\\/caluanieoxidizeusa.com\\\/#website\",\"url\":\"https:\\\/\\\/caluanieoxidizeusa.com\\\/\",\"name\":\"Caluanie Oxidize USA\",\"description\":\"Caluanie Muelear Oxidize\",\"publisher\":{\"@id\":\"https:\\\/\\\/caluanieoxidizeusa.com\\\/#organization\"},\"potentialAction\":[{\"@type\":\"SearchAction\",\"target\":{\"@type\":\"EntryPoint\",\"urlTemplate\":\"https:\\\/\\\/caluanieoxidizeusa.com\\\/?s={search_term_string}\"},\"query-input\":{\"@type\":\"PropertyValueSpecification\",\"valueRequired\":true,\"valueName\":\"search_term_string\"}}],\"inLanguage\":\"de\"},{\"@type\":\"Organization\",\"@id\":\"https:\\\/\\\/caluanieoxidizeusa.com\\\/#organization\",\"name\":\"Caluanie Oxidize USA\",\"url\":\"https:\\\/\\\/caluanieoxidizeusa.com\\\/\",\"logo\":{\"@type\":\"ImageObject\",\"inLanguage\":\"de\",\"@id\":\"https:\\\/\\\/caluanieoxidizeusa.com\\\/#\\\/schema\\\/logo\\\/image\\\/\",\"url\":\"https:\\\/\\\/caluanieoxidizeusa.com\\\/wp-content\\\/uploads\\\/2024\\\/03\\\/cropped-image_2024-03-31_081852907.png\",\"contentUrl\":\"https:\\\/\\\/caluanieoxidizeusa.com\\\/wp-content\\\/uploads\\\/2024\\\/03\\\/cropped-image_2024-03-31_081852907.png\",\"width\":1127,\"height\":1118,\"caption\":\"Caluanie Oxidize USA\"},\"image\":{\"@id\":\"https:\\\/\\\/caluanieoxidizeusa.com\\\/#\\\/schema\\\/logo\\\/image\\\/\"}}]}<\/script>\n<!-- \/ Yoast SEO Premium plugin. -->","yoast_head_json":{"title":"Caluanie Muelear Oxidize 1,5 Liter | Caluanie Oxidize USA","description":"Das Caluanie Muelear Oxidize 1,5 Liter ist ein leistungsstarkes und wirksames Oxidationsmittel, das f\u00fcr seine au\u00dfergew\u00f6hnlichen Eigenschaften bekannt ist. Ob Sie","robots":{"index":"index","follow":"follow","max-snippet":"max-snippet:-1","max-image-preview":"max-image-preview:large","max-video-preview":"max-video-preview:-1"},"canonical":"https:\/\/caluanieoxidizeusa.com\/de\/product\/caluanie-muelear-oxidize-1-5-liter\/","og_locale":"de_DE","og_type":"article","og_title":"Caluanie Muelear Oxidize 1.5Liter","og_description":"The Caluanie Muelear Oxidize 1.5Liter is a powerful and effective oxidizing agent which is widely recognized for its exceptional properties. Whether you","og_url":"https:\/\/caluanieoxidizeusa.com\/de\/product\/caluanie-muelear-oxidize-1-5-liter\/","og_site_name":"Caluanie Oxidize USA","article_modified_time":"2026-03-31T12:44:21+00:00","og_image":[{"width":2048,"height":2048,"url":"https:\/\/caluanieoxidizeusa.com\/wp-content\/uploads\/2024\/04\/caluanie-muelear-1.5L.webp","type":"image\/webp"}],"twitter_card":"summary_large_image","twitter_misc":{"Gesch\u00e4tzte Lesezeit":"3\u00a0Minuten"},"schema":{"@context":"https:\/\/schema.org","@graph":[{"@type":"WebPage","@id":"https:\/\/caluanieoxidizeusa.com\/product\/caluanie-muelear-oxidize-1-5liter\/","url":"https:\/\/caluanieoxidizeusa.com\/product\/caluanie-muelear-oxidize-1-5liter\/","name":"Caluanie Muelear Oxidize 1,5 Liter | Caluanie Oxidize USA","isPartOf":{"@id":"https:\/\/caluanieoxidizeusa.com\/#website"},"primaryImageOfPage":{"@id":"https:\/\/caluanieoxidizeusa.com\/product\/caluanie-muelear-oxidize-1-5liter\/#primaryimage"},"image":{"@id":"https:\/\/caluanieoxidizeusa.com\/product\/caluanie-muelear-oxidize-1-5liter\/#primaryimage"},"thumbnailUrl":"https:\/\/caluanieoxidizeusa.com\/wp-content\/uploads\/2024\/04\/caluanie-muelear-1.5L.webp","datePublished":"2024-04-02T04:04:53+00:00","dateModified":"2026-03-31T12:44:21+00:00","description":"Das Caluanie Muelear Oxidize 1,5 Liter ist ein leistungsstarkes und wirksames Oxidationsmittel, das f\u00fcr seine au\u00dfergew\u00f6hnlichen Eigenschaften bekannt ist. Ob Sie","breadcrumb":{"@id":"https:\/\/caluanieoxidizeusa.com\/product\/caluanie-muelear-oxidize-1-5liter\/#breadcrumb"},"inLanguage":"de","potentialAction":[{"@type":"ReadAction","target":["https:\/\/caluanieoxidizeusa.com\/product\/caluanie-muelear-oxidize-1-5liter\/"]}]},{"@type":"ImageObject","inLanguage":"de","@id":"https:\/\/caluanieoxidizeusa.com\/product\/caluanie-muelear-oxidize-1-5liter\/#primaryimage","url":"https:\/\/caluanieoxidizeusa.com\/wp-content\/uploads\/2024\/04\/caluanie-muelear-1.5L.webp","contentUrl":"https:\/\/caluanieoxidizeusa.com\/wp-content\/uploads\/2024\/04\/caluanie-muelear-1.5L.webp","width":2048,"height":2048,"caption":"Buy Caluanie Muelear 1.5Liter"},{"@type":"BreadcrumbList","@id":"https:\/\/caluanieoxidizeusa.com\/product\/caluanie-muelear-oxidize-1-5liter\/#breadcrumb","itemListElement":[{"@type":"ListItem","position":1,"name":"Home","item":"https:\/\/caluanieoxidizeusa.com\/"},{"@type":"ListItem","position":2,"name":"Chemicals","item":"https:\/\/caluanieoxidizeusa.com\/chemicals\/"},{"@type":"ListItem","position":3,"name":"Caluanie Muelear Oxidize 1.5Liter"}]},{"@type":"WebSite","@id":"https:\/\/caluanieoxidizeusa.com\/#website","url":"https:\/\/caluanieoxidizeusa.com\/","name":"Caluanie Oxidize USA","description":"Caluanie Muelear Oxidize","publisher":{"@id":"https:\/\/caluanieoxidizeusa.com\/#organization"},"potentialAction":[{"@type":"SearchAction","target":{"@type":"EntryPoint","urlTemplate":"https:\/\/caluanieoxidizeusa.com\/?s={search_term_string}"},"query-input":{"@type":"PropertyValueSpecification","valueRequired":true,"valueName":"search_term_string"}}],"inLanguage":"de"},{"@type":"Organization","@id":"https:\/\/caluanieoxidizeusa.com\/#organization","name":"Caluanie Oxidize USA","url":"https:\/\/caluanieoxidizeusa.com\/","logo":{"@type":"ImageObject","inLanguage":"de","@id":"https:\/\/caluanieoxidizeusa.com\/#\/schema\/logo\/image\/","url":"https:\/\/caluanieoxidizeusa.com\/wp-content\/uploads\/2024\/03\/cropped-image_2024-03-31_081852907.png","contentUrl":"https:\/\/caluanieoxidizeusa.com\/wp-content\/uploads\/2024\/03\/cropped-image_2024-03-31_081852907.png","width":1127,"height":1118,"caption":"Caluanie Oxidize USA"},"image":{"@id":"https:\/\/caluanieoxidizeusa.com\/#\/schema\/logo\/image\/"}}]}},"_links":{"self":[{"href":"https:\/\/caluanieoxidizeusa.com\/de\/wp-json\/wp\/v2\/product\/930","targetHints":{"allow":["GET"]}}],"collection":[{"href":"https:\/\/caluanieoxidizeusa.com\/de\/wp-json\/wp\/v2\/product"}],"about":[{"href":"https:\/\/caluanieoxidizeusa.com\/de\/wp-json\/wp\/v2\/types\/product"}],"replies":[{"embeddable":true,"href":"https:\/\/caluanieoxidizeusa.com\/de\/wp-json\/wp\/v2\/comments?post=930"}],"wp:featuredmedia":[{"embeddable":true,"href":"https:\/\/caluanieoxidizeusa.com\/de\/wp-json\/wp\/v2\/media\/931"}],"wp:attachment":[{"href":"https:\/\/caluanieoxidizeusa.com\/de\/wp-json\/wp\/v2\/media?parent=930"}],"wp:term":[{"taxonomy":"product_brand","embeddable":true,"href":"https:\/\/caluanieoxidizeusa.com\/de\/wp-json\/wp\/v2\/product_brand?post=930"},{"taxonomy":"product_cat","embeddable":true,"href":"https:\/\/caluanieoxidizeusa.com\/de\/wp-json\/wp\/v2\/product_cat?post=930"},{"taxonomy":"product_tag","embeddable":true,"href":"https:\/\/caluanieoxidizeusa.com\/de\/wp-json\/wp\/v2\/product_tag?post=930"}],"curies":[{"name":"wp","href":"https:\/\/api.w.org\/{rel}","templated":true}]}}