{"id":6,"date":"2024-03-29T12:48:07","date_gmt":"2024-03-29T12:48:07","guid":{"rendered":"http:\/\/caluanieoxidizeusa.com\/index.php\/shop\/"},"modified":"2025-10-04T21:23:29","modified_gmt":"2025-10-05T04:23:29","slug":"chemikalien","status":"publish","type":"page","link":"https:\/\/caluanieoxidizeusa.com\/de\/chemikalien\/","title":{"rendered":"Chemikalien"},"content":{"rendered":"\n[et_pb_section fb_built=&#8221;1&#8243; _builder_version=&#8221;4.24.2&#8243; _module_preset=&#8221;default&#8221; global_colors_info=&#8221;{}&#8221;][et_pb_row column_structure=&#8221;3_4,1_4&#8243; _builder_version=&#8221;4.24.2&#8243; _module_preset=&#8221;default&#8221; global_colors_info=&#8221;{}&#8221;][et_pb_column type=&#8221;3_4&#8243; _builder_version=&#8221;4.24.2&#8243; _module_preset=&#8221;default&#8221; global_colors_info=&#8221;{}&#8221;][et_pb_text _builder_version=&#8221;4.24.3&#8243; _module_preset=&#8221;default&#8221; text_font_size=&#8221;17px&#8221; global_colors_info=&#8221;{}&#8221;]<h2 style=\"text-align: center;\">Chemicals<\/h2>\n<p><span>In the world of industrial applications and specialized processes, the availability of high-quality Caluanie Muelear Chemical is paramount. It is a versatile and potent chemical compound, that offers a range of options to cater to various needs and quantities. Whether it is the precise requirements of a small-scale operation or the demands of a large-scale industrial project, Caluanie Muelear Chemical is available in convenient volumes to meet diverse applications.<\/span><\/p>\n<p><span>Customers can choose from a selection of sizes, including the <a href=\"https:\/\/caluanieoxidizeusa.com\/product\/caluanie-muelear-oxidize-1liter\/\">Caluanie Muelear 1Liter<\/a>, 1.5Liter, 5Liters, 10Liters, 50Liters, and 100Liters options. Each volume is designed to provide flexibility and efficiency in handling and usage, ensuring that businesses and professionals have the right amount of this essential <a href=\"https:\/\/en.wikipedia.org\/wiki\/Chemical_substance\">chemical<\/a> at their disposal. With its proven effectiveness and reliability, Caluanie Muelear Chemical in varying quantities serves as a valuable asset in a wide range of industries and applications.<\/span><\/p>[\/et_pb_text][et_pb_shop type=&#8221;sale&#8221; sale_badge_color=&#8221;#5ed323&#8243; _builder_version=&#8221;4.24.2&#8243; _module_preset=&#8221;default&#8221; title_font=&#8221;|700|||||||&#8221; title_text_align=&#8221;center&#8221; title_font_size=&#8221;17px&#8221; price_font=&#8221;|600|||||||&#8221; price_text_align=&#8221;center&#8221; price_text_color=&#8221;#1fb742&#8243; price_font_size=&#8221;15px&#8221; sale_badge_text_color=&#8221;#000000&#8243; sale_badge_font_size=&#8221;15px&#8221; sale_badge_line_height=&#8221;1em&#8221; rating_text_color=&#8221;#5ed323&#8243; rating_font_size=&#8221;4px&#8221; text_orientation=&#8221;center&#8221; global_colors_info=&#8221;{}&#8221;][\/et_pb_shop][\/et_pb_column][et_pb_column type=&#8221;1_4&#8243; _builder_version=&#8221;4.24.2&#8243; _module_preset=&#8221;default&#8221; global_colors_info=&#8221;{}&#8221;][et_pb_sidebar _builder_version=&#8221;4.24.2&#8243; _module_preset=&#8221;default&#8221; header_font=&#8221;|700|||||||&#8221; header_font_size=&#8221;20px&#8221; body_font_size=&#8221;17px&#8221; global_colors_info=&#8221;{}&#8221;][\/et_pb_sidebar][\/et_pb_column][\/et_pb_row][\/et_pb_section]\n","protected":false},"excerpt":{"rendered":"<p>Chemicals In the world of industrial applications and specialized processes, the availability of high-quality Caluanie Muelear Chemical is paramount. It is a versatile and potent chemical compound, that offers a range of options to cater to various needs and quantities. Whether it is the precise requirements of a small-scale operation or the demands of a [&hellip;]<\/p>\n","protected":false},"author":1,"featured_media":1035,"parent":0,"menu_order":0,"comment_status":"closed","ping_status":"closed","template":"","meta":{"_et_pb_use_builder":"on","_et_pb_old_content":"","_et_gb_content_width":"","_monsterinsights_skip_tracking":false,"_monsterinsights_sitenote_active":false,"_monsterinsights_sitenote_note":"","_monsterinsights_sitenote_category":0,"footnotes":""},"class_list":["post-6","page","type-page","status-publish","has-post-thumbnail","hentry"],"yoast_head":"<!-- This site is optimized with the Yoast SEO Premium plugin v22.3 (Yoast SEO v27.2) - https:\/\/yoast.com\/product\/yoast-seo-premium-wordpress\/ -->\n<title>Caluanie Muelear Chemical<\/title>\n<meta name=\"description\" content=\"In the world of industrial applications and specialized processes, the availability of high-quality Caluanie Muelear Chemical is paramount.\" \/>\n<meta name=\"robots\" content=\"index, follow, max-snippet:-1, max-image-preview:large, max-video-preview:-1\" \/>\n<link rel=\"canonical\" href=\"https:\/\/caluanieoxidizeusa.com\/de\/chemikalien\/\" \/>\n<meta property=\"og:locale\" content=\"de_DE\" \/>\n<meta property=\"og:type\" content=\"article\" \/>\n<meta property=\"og:title\" content=\"Chemicals\" \/>\n<meta property=\"og:description\" content=\"In the world of industrial applications and specialized processes, the availability of high-quality Caluanie Muelear Chemical is paramount.\" \/>\n<meta property=\"og:url\" content=\"https:\/\/caluanieoxidizeusa.com\/de\/chemikalien\/\" \/>\n<meta property=\"og:site_name\" content=\"Caluanie Oxidize USA\" \/>\n<meta property=\"article:modified_time\" content=\"2025-10-05T04:23:29+00:00\" \/>\n<meta property=\"og:image\" content=\"https:\/\/caluanieoxidizeusa.com\/wp-content\/uploads\/2024\/04\/Caluanie-oxidize-usa-logo-2.webp\" \/>\n\t<meta property=\"og:image:width\" content=\"250\" \/>\n\t<meta property=\"og:image:height\" content=\"126\" \/>\n\t<meta property=\"og:image:type\" content=\"image\/webp\" \/>\n<meta name=\"twitter:card\" content=\"summary_large_image\" \/>\n<meta name=\"twitter:label1\" content=\"Gesch\u00e4tzte Lesezeit\" \/>\n\t<meta name=\"twitter:data1\" content=\"4\u00a0Minuten\" \/>\n<script type=\"application\/ld+json\" class=\"yoast-schema-graph\">{\"@context\":\"https:\/\/schema.org\",\"@graph\":[{\"@type\":\"WebPage\",\"@id\":\"https:\/\/caluanieoxidizeusa.com\/chemicals\/\",\"url\":\"https:\/\/caluanieoxidizeusa.com\/chemicals\/\",\"name\":\"Caluanie Muelear Chemical\",\"isPartOf\":{\"@id\":\"https:\/\/caluanieoxidizeusa.com\/#website\"},\"primaryImageOfPage\":{\"@id\":\"https:\/\/caluanieoxidizeusa.com\/chemicals\/#primaryimage\"},\"image\":{\"@id\":\"https:\/\/caluanieoxidizeusa.com\/chemicals\/#primaryimage\"},\"thumbnailUrl\":\"https:\/\/caluanieoxidizeusa.com\/wp-content\/uploads\/2024\/04\/Caluanie-oxidize-usa-logo-2.webp\",\"datePublished\":\"2024-03-29T12:48:07+00:00\",\"dateModified\":\"2025-10-05T04:23:29+00:00\",\"description\":\"In the world of industrial applications and specialized processes, the availability of high-quality Caluanie Muelear Chemical is paramount.\",\"breadcrumb\":{\"@id\":\"https:\/\/caluanieoxidizeusa.com\/chemicals\/#breadcrumb\"},\"inLanguage\":\"de\",\"potentialAction\":[{\"@type\":\"ReadAction\",\"target\":[\"https:\/\/caluanieoxidizeusa.com\/chemicals\/\"]}]},{\"@type\":\"ImageObject\",\"inLanguage\":\"de\",\"@id\":\"https:\/\/caluanieoxidizeusa.com\/chemicals\/#primaryimage\",\"url\":\"https:\/\/caluanieoxidizeusa.com\/wp-content\/uploads\/2024\/04\/Caluanie-oxidize-usa-logo-2.webp\",\"contentUrl\":\"https:\/\/caluanieoxidizeusa.com\/wp-content\/uploads\/2024\/04\/Caluanie-oxidize-usa-logo-2.webp\",\"width\":250,\"height\":126,\"caption\":\"Caluanie Muelear Chemical\"},{\"@type\":\"BreadcrumbList\",\"@id\":\"https:\/\/caluanieoxidizeusa.com\/chemicals\/#breadcrumb\",\"itemListElement\":[{\"@type\":\"ListItem\",\"position\":1,\"name\":\"Home\",\"item\":\"https:\/\/caluanieoxidizeusa.com\/\"},{\"@type\":\"ListItem\",\"position\":2,\"name\":\"Chemicals\"}]},{\"@type\":\"WebSite\",\"@id\":\"https:\/\/caluanieoxidizeusa.com\/#website\",\"url\":\"https:\/\/caluanieoxidizeusa.com\/\",\"name\":\"Caluanie Oxidize USA\",\"description\":\"Caluanie Muelear Oxidize\",\"publisher\":{\"@id\":\"https:\/\/caluanieoxidizeusa.com\/#organization\"},\"potentialAction\":[{\"@type\":\"SearchAction\",\"target\":{\"@type\":\"EntryPoint\",\"urlTemplate\":\"https:\/\/caluanieoxidizeusa.com\/?s={search_term_string}\"},\"query-input\":{\"@type\":\"PropertyValueSpecification\",\"valueRequired\":true,\"valueName\":\"search_term_string\"}}],\"inLanguage\":\"de\"},{\"@type\":\"Organization\",\"@id\":\"https:\/\/caluanieoxidizeusa.com\/#organization\",\"name\":\"Caluanie Oxidize USA\",\"url\":\"https:\/\/caluanieoxidizeusa.com\/\",\"logo\":{\"@type\":\"ImageObject\",\"inLanguage\":\"de\",\"@id\":\"https:\/\/caluanieoxidizeusa.com\/#\/schema\/logo\/image\/\",\"url\":\"https:\/\/caluanieoxidizeusa.com\/wp-content\/uploads\/2024\/03\/cropped-image_2024-03-31_081852907.png\",\"contentUrl\":\"https:\/\/caluanieoxidizeusa.com\/wp-content\/uploads\/2024\/03\/cropped-image_2024-03-31_081852907.png\",\"width\":1127,\"height\":1118,\"caption\":\"Caluanie Oxidize USA\"},\"image\":{\"@id\":\"https:\/\/caluanieoxidizeusa.com\/#\/schema\/logo\/image\/\"}}]}<\/script>\n<!-- \/ Yoast SEO Premium plugin. -->","yoast_head_json":{"title":"Caluanie Muelear Chemical","description":"In der Welt der industriellen Anwendungen und Spezialprozesse ist die Verf\u00fcgbarkeit hochwertiger Chemikalien von Caluanie Muelear von gr\u00f6\u00dfter Bedeutung.","robots":{"index":"index","follow":"follow","max-snippet":"max-snippet:-1","max-image-preview":"max-image-preview:large","max-video-preview":"max-video-preview:-1"},"canonical":"https:\/\/caluanieoxidizeusa.com\/de\/chemikalien\/","og_locale":"de_DE","og_type":"article","og_title":"Chemicals","og_description":"In the world of industrial applications and specialized processes, the availability of high-quality Caluanie Muelear Chemical is paramount.","og_url":"https:\/\/caluanieoxidizeusa.com\/de\/chemikalien\/","og_site_name":"Caluanie Oxidize USA","article_modified_time":"2025-10-05T04:23:29+00:00","og_image":[{"width":250,"height":126,"url":"https:\/\/caluanieoxidizeusa.com\/wp-content\/uploads\/2024\/04\/Caluanie-oxidize-usa-logo-2.webp","type":"image\/webp"}],"twitter_card":"summary_large_image","twitter_misc":{"Gesch\u00e4tzte Lesezeit":"4\u00a0Minuten"},"schema":{"@context":"https:\/\/schema.org","@graph":[{"@type":"WebPage","@id":"https:\/\/caluanieoxidizeusa.com\/chemicals\/","url":"https:\/\/caluanieoxidizeusa.com\/chemicals\/","name":"Caluanie Muelear Chemical","isPartOf":{"@id":"https:\/\/caluanieoxidizeusa.com\/#website"},"primaryImageOfPage":{"@id":"https:\/\/caluanieoxidizeusa.com\/chemicals\/#primaryimage"},"image":{"@id":"https:\/\/caluanieoxidizeusa.com\/chemicals\/#primaryimage"},"thumbnailUrl":"https:\/\/caluanieoxidizeusa.com\/wp-content\/uploads\/2024\/04\/Caluanie-oxidize-usa-logo-2.webp","datePublished":"2024-03-29T12:48:07+00:00","dateModified":"2025-10-05T04:23:29+00:00","description":"In der Welt der industriellen Anwendungen und Spezialprozesse ist die Verf\u00fcgbarkeit hochwertiger Chemikalien von Caluanie Muelear von gr\u00f6\u00dfter Bedeutung.","breadcrumb":{"@id":"https:\/\/caluanieoxidizeusa.com\/chemicals\/#breadcrumb"},"inLanguage":"de","potentialAction":[{"@type":"ReadAction","target":["https:\/\/caluanieoxidizeusa.com\/chemicals\/"]}]},{"@type":"ImageObject","inLanguage":"de","@id":"https:\/\/caluanieoxidizeusa.com\/chemicals\/#primaryimage","url":"https:\/\/caluanieoxidizeusa.com\/wp-content\/uploads\/2024\/04\/Caluanie-oxidize-usa-logo-2.webp","contentUrl":"https:\/\/caluanieoxidizeusa.com\/wp-content\/uploads\/2024\/04\/Caluanie-oxidize-usa-logo-2.webp","width":250,"height":126,"caption":"Caluanie Muelear Chemical"},{"@type":"BreadcrumbList","@id":"https:\/\/caluanieoxidizeusa.com\/chemicals\/#breadcrumb","itemListElement":[{"@type":"ListItem","position":1,"name":"Home","item":"https:\/\/caluanieoxidizeusa.com\/"},{"@type":"ListItem","position":2,"name":"Chemicals"}]},{"@type":"WebSite","@id":"https:\/\/caluanieoxidizeusa.com\/#website","url":"https:\/\/caluanieoxidizeusa.com\/","name":"Caluanie Oxidize USA","description":"Caluanie Muelear Oxidize","publisher":{"@id":"https:\/\/caluanieoxidizeusa.com\/#organization"},"potentialAction":[{"@type":"SearchAction","target":{"@type":"EntryPoint","urlTemplate":"https:\/\/caluanieoxidizeusa.com\/?s={search_term_string}"},"query-input":{"@type":"PropertyValueSpecification","valueRequired":true,"valueName":"search_term_string"}}],"inLanguage":"de"},{"@type":"Organization","@id":"https:\/\/caluanieoxidizeusa.com\/#organization","name":"Caluanie Oxidize USA","url":"https:\/\/caluanieoxidizeusa.com\/","logo":{"@type":"ImageObject","inLanguage":"de","@id":"https:\/\/caluanieoxidizeusa.com\/#\/schema\/logo\/image\/","url":"https:\/\/caluanieoxidizeusa.com\/wp-content\/uploads\/2024\/03\/cropped-image_2024-03-31_081852907.png","contentUrl":"https:\/\/caluanieoxidizeusa.com\/wp-content\/uploads\/2024\/03\/cropped-image_2024-03-31_081852907.png","width":1127,"height":1118,"caption":"Caluanie Oxidize USA"},"image":{"@id":"https:\/\/caluanieoxidizeusa.com\/#\/schema\/logo\/image\/"}}]}},"_links":{"self":[{"href":"https:\/\/caluanieoxidizeusa.com\/de\/wp-json\/wp\/v2\/pages\/6","targetHints":{"allow":["GET"]}}],"collection":[{"href":"https:\/\/caluanieoxidizeusa.com\/de\/wp-json\/wp\/v2\/pages"}],"about":[{"href":"https:\/\/caluanieoxidizeusa.com\/de\/wp-json\/wp\/v2\/types\/page"}],"author":[{"embeddable":true,"href":"https:\/\/caluanieoxidizeusa.com\/de\/wp-json\/wp\/v2\/users\/1"}],"replies":[{"embeddable":true,"href":"https:\/\/caluanieoxidizeusa.com\/de\/wp-json\/wp\/v2\/comments?post=6"}],"version-history":[{"count":8,"href":"https:\/\/caluanieoxidizeusa.com\/de\/wp-json\/wp\/v2\/pages\/6\/revisions"}],"predecessor-version":[{"id":1474,"href":"https:\/\/caluanieoxidizeusa.com\/de\/wp-json\/wp\/v2\/pages\/6\/revisions\/1474"}],"wp:featuredmedia":[{"embeddable":true,"href":"https:\/\/caluanieoxidizeusa.com\/de\/wp-json\/wp\/v2\/media\/1035"}],"wp:attachment":[{"href":"https:\/\/caluanieoxidizeusa.com\/de\/wp-json\/wp\/v2\/media?parent=6"}],"curies":[{"name":"wp","href":"https:\/\/api.w.org\/{rel}","templated":true}]}}