{"id":930,"date":"2024-04-01T21:04:53","date_gmt":"2024-04-02T04:04:53","guid":{"rendered":"https:\/\/caluanieoxidizeusa.com\/?post_type=product&#038;p=930"},"modified":"2026-03-31T05:44:21","modified_gmt":"2026-03-31T12:44:21","slug":"caluanie-muelear-oksidl%c9%99sir-1-5-litr","status":"publish","type":"product","link":"https:\/\/caluanieoxidizeusa.com\/az\/product\/caluanie-muelear-oksidl%c9%99sir-1-5-litr\/","title":{"rendered":"Caluanie Muelear oksidl\u0259\u015fdirici 1,5 litr"},"content":{"rendered":"<h2 style=\"text-align: center;\">M\u00fck\u0259mm\u0259l H\u0259ll<\/h2>\n<p>Caluanie Muelear Oxidize 1.5Liter, m\u00fcst\u0259sna x\u00fcsusiyy\u0259tl\u0259ri il\u0259 geni\u015f \u015f\u0259kild\u0259 tan\u0131nan g\u00fccl\u00fc v\u0259 effektiv oksidl\u0259\u015fdirici agentdir. \u0130st\u0259r s\u0259naye sektorunda pe\u015f\u0259kars\u0131n\u0131z, ist\u0259rs\u0259 d\u0259 etibarl\u0131 h\u0259ll yolu axtaran f\u0259rdisinizs\u0259, Caluanie Muelear Oxidize 1,5 Litre m\u00fck\u0259mm\u0259l se\u00e7imdir.<\/p>\n<p dir=\"auto\" data-pm-slice=\"1 1 []\">Caluanie Muelear 1.5Litreni haradan alaca\u011f\u0131n\u0131z\u0131 k\u0259\u015ff edin. Sat\u0131\u015f \u00fc\u00e7\u00fcn Caluanie Muelear Oxidize t\u0259klif ed\u0259n etibarl\u0131 t\u0259chizat\u00e7\u0131 tap\u0131n. Caluanie Muelear Oxidize ehtiyac\u0131n\u0131z olduqda biz\u0259 etibar edin <a href=\"https:\/\/caluanieoxidizeusa.com\/az\/\" target=\"_blank\" rel=\"noopener noreferrer nofollow\">caluanieoxidizeusa.com<\/a><\/p>\n<h3><\/h3>\n<h3>X\u00dcSUS\u0130YY\u018fTL\u018fR\u0130:<\/h3>\n<p><strong>Y\u00fcks\u0259k h\u0259lledici g\u00fcc<\/strong>: Ki\u00e7ik bir miqdarla Caluanie Oxidize 1.5Litre s\u0259rt madd\u0259l\u0259ri tez par\u00e7alaya, vaxt\u0131n\u0131za v\u0259 s\u0259yiniz\u0259 q\u0259na\u0259t ed\u0259 bil\u0259r.<br \/>\n<strong>\u00c7ox y\u00f6nl\u00fc istifad\u0259<\/strong>: Bu m\u0259hsul tikinti, avtomobil v\u0259 istehsal daxil olmaqla, geni\u015f \u00e7e\u015fidli s\u0259nayel\u0259r \u00fc\u00e7\u00fcn uy\u011fundur.<br \/>\n<strong>S\u00fcr\u0259tli Aktyorluq<\/strong>: Uzun g\u00f6zl\u0259m\u0259 m\u00fcdd\u0259tl\u0259ri il\u0259 vidala\u015f\u0131n, \u00e7\u00fcnki Caluanie Muelear Oxidize arzuolunmaz materiallardan xilas olmaq \u00fc\u00e7\u00fcn tez i\u015fl\u0259yir.<\/p>\n<h3>X\u00dcSUS\u0130YY\u018fTL\u018fR:<\/h3>\n<p>- \u00d6l\u00e7\u00fc: 1.5L<br \/>\n\u2013 S\u0131xl\u0131q: 1,08 q\/ml<br \/>\n- R\u0259ng: A\u00e7\u0131q<\/p>\n<h3>NEC\u018f \u0130\u015eL\u018fY\u0130R:<\/h3>\n<p>\u2013 \u018fvv\u0259lc\u0259 az miqdarda t\u0259tbiq edin <a href=\"https:\/\/caluanieoxidizeusa.com\/az\/product\/caluanie-muelear-oksidl%c9%99sir-1-5-litr\/\">Caluanie Muelear oksidl\u0259\u015fdirici<\/a> ist\u0259diyiniz s\u0259th\u0259.<br \/>\n\u2013 \u0130kincisi, m\u0259hsulun \u00f6z sehrini i\u015fl\u0259m\u0259si \u00fc\u00e7\u00fcn bir ne\u00e7\u0259 d\u0259qiq\u0259 oturmas\u0131na icaz\u0259 verin.<br \/>\n\u2013 \u00dc\u00e7\u00fcnc\u00fcs\u00fc, h\u0259ll olunmu\u015f material\u0131 silm\u0259k \u00fc\u00e7\u00fcn par\u00e7a v\u0259 ya f\u0131r\u00e7adan istifad\u0259 edin.<br \/>\n\u2013 V\u0259 n\u0259hay\u0259t, t\u0259miz biti\u015f \u00fc\u00e7\u00fcn s\u0259thi su il\u0259 yuyun.<\/p>\n<h3>Tez-tez veril\u0259n suallar:<\/h3>\n<p>S: Caluanie Muelear Oxidize istifad\u0259 etm\u0259k t\u0259hl\u00fck\u0259sizdirmi?<br \/>\nCavab: B\u0259li, bu m\u0259hsul toksik deyil v\u0259 t\u0259rkibind\u0259 he\u00e7 bir \u015fey yoxdur <a href=\"https:\/\/toxicfreefuture.org\/toxic-chemicals\/\">Z\u0259h\u0259rli kimy\u0259vi madd\u0259l\u0259r<\/a>. \u0130stifad\u0259d\u0259n \u0259vv\u0259l \u0259lc\u0259k geyin.<\/p>\n<p>S: Bunu b\u00fct\u00fcn s\u0259thl\u0259rd\u0259 istifad\u0259 ed\u0259 bil\u0259r\u0259mmi?<br \/>\nA: Caluanie Muelear Oxidize \u0259ks\u0259r s\u0259thl\u0259rd\u0259 istifad\u0259 etm\u0259k t\u0259hl\u00fck\u0259sizdir, lakin \u0259vv\u0259lc\u0259 onu ki\u00e7ik bir sah\u0259d\u0259 s\u0131naqdan ke\u00e7irm\u0259k h\u0259mi\u015f\u0259 yax\u015f\u0131d\u0131r.<\/p>\n<h2><\/h2>\n<h3><a href=\"https:\/\/caluanieoxidizeusa.com\/az\/product\/caluanie-muelear-oksidl%c9%99sir-1-5-litr\/\">Caluanie Muelear 1,5 litr al\u0131n<\/a><\/h3>\n<p>Caluanie Muelear Oxidize 1.5 Litre \u00fcst\u00fcn keyfiyy\u0259ti v\u0259 performans\u0131 il\u0259 tan\u0131n\u0131r. Ard\u0131c\u0131l n\u0259tic\u0259l\u0259r t\u0259min etm\u0259k \u00fc\u00e7\u00fcn \u0259n m\u00fcasir prosesl\u0259rd\u0259n v\u0259 \u0259n yax\u015f\u0131 inqrediyentl\u0259rd\u0259n istifad\u0259 etm\u0259kl\u0259 diqq\u0259tl\u0259 haz\u0131rlan\u0131r. Bu m\u0259hsul m\u00fcxt\u0259lif materiallar\u0131 effektiv \u015f\u0259kild\u0259 oksidl\u0259\u015fdirm\u0259k \u00fc\u00e7\u00fcn n\u0259z\u0259rd\u0259 tutulmu\u015fdur ki, bu da onu geni\u015f t\u0259tbiql\u0259r \u00fc\u00e7\u00fcn ideal edir.<\/p>\n<h3><a href=\"https:\/\/caluanieoxidizeusa.com\/az\/product\/caluanie-muelear-oksidl%c9%99sir-1-5-litr\/\">Caluanie Muelear 1.5Litr t\u0259chizat\u00e7\u0131lar\u0131<\/a><\/h3>\n<p>Caluanie Muelear Oxidize 1.5 Litr alma\u011fa g\u0259ldikd\u0259, etibarl\u0131 t\u0259chizat\u00e7\u0131 se\u00e7m\u0259k \u00e7ox vacibdir. Biz bu m\u00fcst\u0259sna m\u0259hsulun etibarl\u0131 t\u0259chizat\u00e7\u0131lar\u0131ndan biri olmaqdan q\u00fcrur duyuruq. Keyfiyy\u0259t\u0259 v\u0259 m\u00fc\u015ft\u0259ri m\u0259mnuniyy\u0259tin\u0259 sadiqliyimiz bizi r\u0259qibl\u0259rd\u0259n f\u0259rql\u0259ndirir. Biziml\u0259, \u0259n y\u00fcks\u0259k standartlara cavab ver\u0259n orijinal Caluanie Muelear Oxidize 1,5 Litr alaca\u011f\u0131n\u0131za \u0259min ola bil\u0259rsiniz.<\/p>\n<p>Caluanie Muelear Oxidize 1,5 Litr-in inan\u0131lmaz g\u00fcc\u00fcn\u00fc ya\u015famaq f\u00fcrs\u0259tini qa\u00e7\u0131rmay\u0131n. Bu m\u0259hsulun n\u0259 \u00fc\u00e7\u00fcn d\u00fcnya \u00fczr\u0259 pe\u015f\u0259karlar t\u0259r\u0259find\u0259n etibar edildiyini bilm\u0259k ist\u0259yirsinizs\u0259, bu g\u00fcn sifari\u015f verin v\u0259 bizd\u0259n pulsuz \u00e7atd\u0131r\u0131lmadan yararlan\u0131n.<\/p>","protected":false},"excerpt":{"rendered":"<p><a href=\"https:\/\/caluanieoxidizeusa.com\/az\/product\/caluanie-muelear-oksidl%c9%99sir-1-5-litr\/\">Orijinal Caluanie Muelear al\u0131n<\/a><\/p>\n<ul>\n<li><strong>\u00d6l\u00e7\u00fc: 1.5L<\/strong><\/li>\n<li><strong>S\u0131xl\u0131q: 1,08 q\/ml<\/strong><\/li>\n<li><strong>R\u0259ng: A\u00e7\u0131q<\/strong><\/li>\n<\/ul>","protected":false},"featured_media":931,"comment_status":"open","ping_status":"closed","template":"","meta":{"_et_pb_use_builder":"","_et_pb_old_content":"","_et_gb_content_width":"","_monsterinsights_skip_tracking":false,"_monsterinsights_sitenote_active":false,"_monsterinsights_sitenote_note":"","_monsterinsights_sitenote_category":0},"product_brand":[],"product_cat":[25],"product_tag":[],"class_list":{"0":"post-930","1":"product","2":"type-product","3":"status-publish","4":"has-post-thumbnail","6":"product_cat-chemical","8":"first","9":"instock","10":"sale","11":"shipping-taxable","12":"purchasable","13":"product-type-simple"},"yoast_head":"<!-- This site is optimized with the Yoast SEO Premium plugin v22.3 (Yoast SEO v27.4) - https:\/\/yoast.com\/product\/yoast-seo-premium-wordpress\/ -->\n<title>Caluanie Muelear Oxidize 1.5Liter | Caluanie Oxidize USA<\/title>\n<meta name=\"description\" content=\"The Caluanie Muelear Oxidize 1.5Liter is a powerful and effective oxidizing agent which is widely recognized for its exceptional properties. Whether you\" \/>\n<meta name=\"robots\" content=\"index, follow, max-snippet:-1, max-image-preview:large, max-video-preview:-1\" \/>\n<link rel=\"canonical\" href=\"https:\/\/caluanieoxidizeusa.com\/az\/product\/caluanie-muelear-oksidl\u0259sir-1-5-litr\/\" \/>\n<meta property=\"og:locale\" content=\"az_AZ\" \/>\n<meta property=\"og:type\" content=\"article\" \/>\n<meta property=\"og:title\" content=\"Caluanie Muelear Oxidize 1.5Liter\" \/>\n<meta property=\"og:description\" content=\"The Caluanie Muelear Oxidize 1.5Liter is a powerful and effective oxidizing agent which is widely recognized for its exceptional properties. Whether you\" \/>\n<meta property=\"og:url\" content=\"https:\/\/caluanieoxidizeusa.com\/az\/product\/caluanie-muelear-oksidl\u0259sir-1-5-litr\/\" \/>\n<meta property=\"og:site_name\" content=\"Caluanie Oxidize USA\" \/>\n<meta property=\"article:modified_time\" content=\"2026-03-31T12:44:21+00:00\" \/>\n<meta property=\"og:image\" content=\"https:\/\/caluanieoxidizeusa.com\/wp-content\/uploads\/2024\/04\/caluanie-muelear-1.5L.webp\" \/>\n\t<meta property=\"og:image:width\" content=\"2048\" \/>\n\t<meta property=\"og:image:height\" content=\"2048\" \/>\n\t<meta property=\"og:image:type\" content=\"image\/webp\" \/>\n<meta name=\"twitter:card\" content=\"summary_large_image\" \/>\n<meta name=\"twitter:label1\" content=\"Est. reading time\" \/>\n\t<meta name=\"twitter:data1\" content=\"3 minutes\" \/>\n<script type=\"application\/ld+json\" class=\"yoast-schema-graph\">{\"@context\":\"https:\\\/\\\/schema.org\",\"@graph\":[{\"@type\":\"WebPage\",\"@id\":\"https:\\\/\\\/caluanieoxidizeusa.com\\\/product\\\/caluanie-muelear-oxidize-1-5liter\\\/\",\"url\":\"https:\\\/\\\/caluanieoxidizeusa.com\\\/product\\\/caluanie-muelear-oxidize-1-5liter\\\/\",\"name\":\"Caluanie Muelear Oxidize 1.5Liter | Caluanie Oxidize USA\",\"isPartOf\":{\"@id\":\"https:\\\/\\\/caluanieoxidizeusa.com\\\/#website\"},\"primaryImageOfPage\":{\"@id\":\"https:\\\/\\\/caluanieoxidizeusa.com\\\/product\\\/caluanie-muelear-oxidize-1-5liter\\\/#primaryimage\"},\"image\":{\"@id\":\"https:\\\/\\\/caluanieoxidizeusa.com\\\/product\\\/caluanie-muelear-oxidize-1-5liter\\\/#primaryimage\"},\"thumbnailUrl\":\"https:\\\/\\\/caluanieoxidizeusa.com\\\/wp-content\\\/uploads\\\/2024\\\/04\\\/caluanie-muelear-1.5L.webp\",\"datePublished\":\"2024-04-02T04:04:53+00:00\",\"dateModified\":\"2026-03-31T12:44:21+00:00\",\"description\":\"The Caluanie Muelear Oxidize 1.5Liter is a powerful and effective oxidizing agent which is widely recognized for its exceptional properties. Whether you\",\"breadcrumb\":{\"@id\":\"https:\\\/\\\/caluanieoxidizeusa.com\\\/product\\\/caluanie-muelear-oxidize-1-5liter\\\/#breadcrumb\"},\"inLanguage\":\"az\",\"potentialAction\":[{\"@type\":\"ReadAction\",\"target\":[\"https:\\\/\\\/caluanieoxidizeusa.com\\\/product\\\/caluanie-muelear-oxidize-1-5liter\\\/\"]}]},{\"@type\":\"ImageObject\",\"inLanguage\":\"az\",\"@id\":\"https:\\\/\\\/caluanieoxidizeusa.com\\\/product\\\/caluanie-muelear-oxidize-1-5liter\\\/#primaryimage\",\"url\":\"https:\\\/\\\/caluanieoxidizeusa.com\\\/wp-content\\\/uploads\\\/2024\\\/04\\\/caluanie-muelear-1.5L.webp\",\"contentUrl\":\"https:\\\/\\\/caluanieoxidizeusa.com\\\/wp-content\\\/uploads\\\/2024\\\/04\\\/caluanie-muelear-1.5L.webp\",\"width\":2048,\"height\":2048,\"caption\":\"Buy Caluanie Muelear 1.5Liter\"},{\"@type\":\"BreadcrumbList\",\"@id\":\"https:\\\/\\\/caluanieoxidizeusa.com\\\/product\\\/caluanie-muelear-oxidize-1-5liter\\\/#breadcrumb\",\"itemListElement\":[{\"@type\":\"ListItem\",\"position\":1,\"name\":\"Home\",\"item\":\"https:\\\/\\\/caluanieoxidizeusa.com\\\/\"},{\"@type\":\"ListItem\",\"position\":2,\"name\":\"Chemicals\",\"item\":\"https:\\\/\\\/caluanieoxidizeusa.com\\\/chemicals\\\/\"},{\"@type\":\"ListItem\",\"position\":3,\"name\":\"Caluanie Muelear Oxidize 1.5Liter\"}]},{\"@type\":\"WebSite\",\"@id\":\"https:\\\/\\\/caluanieoxidizeusa.com\\\/#website\",\"url\":\"https:\\\/\\\/caluanieoxidizeusa.com\\\/\",\"name\":\"Caluanie Oxidize USA\",\"description\":\"Caluanie Muelear Oxidize\",\"publisher\":{\"@id\":\"https:\\\/\\\/caluanieoxidizeusa.com\\\/#organization\"},\"potentialAction\":[{\"@type\":\"SearchAction\",\"target\":{\"@type\":\"EntryPoint\",\"urlTemplate\":\"https:\\\/\\\/caluanieoxidizeusa.com\\\/?s={search_term_string}\"},\"query-input\":{\"@type\":\"PropertyValueSpecification\",\"valueRequired\":true,\"valueName\":\"search_term_string\"}}],\"inLanguage\":\"az\"},{\"@type\":\"Organization\",\"@id\":\"https:\\\/\\\/caluanieoxidizeusa.com\\\/#organization\",\"name\":\"Caluanie Oxidize USA\",\"url\":\"https:\\\/\\\/caluanieoxidizeusa.com\\\/\",\"logo\":{\"@type\":\"ImageObject\",\"inLanguage\":\"az\",\"@id\":\"https:\\\/\\\/caluanieoxidizeusa.com\\\/#\\\/schema\\\/logo\\\/image\\\/\",\"url\":\"https:\\\/\\\/caluanieoxidizeusa.com\\\/wp-content\\\/uploads\\\/2024\\\/03\\\/cropped-image_2024-03-31_081852907.png\",\"contentUrl\":\"https:\\\/\\\/caluanieoxidizeusa.com\\\/wp-content\\\/uploads\\\/2024\\\/03\\\/cropped-image_2024-03-31_081852907.png\",\"width\":1127,\"height\":1118,\"caption\":\"Caluanie Oxidize USA\"},\"image\":{\"@id\":\"https:\\\/\\\/caluanieoxidizeusa.com\\\/#\\\/schema\\\/logo\\\/image\\\/\"}}]}<\/script>\n<!-- \/ Yoast SEO Premium plugin. -->","yoast_head_json":{"title":"Caluanie Muelear oksidl\u0259\u015fdirici 1,5 litr | Kaluani AB\u015e-\u0131 oksidl\u0259\u015fdirir","description":"Caluanie Muelear Oxidize 1.5Liter, m\u00fcst\u0259sna x\u00fcsusiyy\u0259tl\u0259ri il\u0259 geni\u015f \u015f\u0259kild\u0259 tan\u0131nan g\u00fccl\u00fc v\u0259 effektiv oksidl\u0259\u015fdirici agentdir. \u0130st\u0259r s\u0259n","robots":{"index":"index","follow":"follow","max-snippet":"max-snippet:-1","max-image-preview":"max-image-preview:large","max-video-preview":"max-video-preview:-1"},"canonical":"https:\/\/caluanieoxidizeusa.com\/az\/product\/caluanie-muelear-oksidl\u0259sir-1-5-litr\/","og_locale":"az_AZ","og_type":"article","og_title":"Caluanie Muelear Oxidize 1.5Liter","og_description":"The Caluanie Muelear Oxidize 1.5Liter is a powerful and effective oxidizing agent which is widely recognized for its exceptional properties. Whether you","og_url":"https:\/\/caluanieoxidizeusa.com\/az\/product\/caluanie-muelear-oksidl\u0259sir-1-5-litr\/","og_site_name":"Caluanie Oxidize USA","article_modified_time":"2026-03-31T12:44:21+00:00","og_image":[{"width":2048,"height":2048,"url":"https:\/\/caluanieoxidizeusa.com\/wp-content\/uploads\/2024\/04\/caluanie-muelear-1.5L.webp","type":"image\/webp"}],"twitter_card":"summary_large_image","twitter_misc":{"Est. reading time":"3 minutes"},"schema":{"@context":"https:\/\/schema.org","@graph":[{"@type":"WebPage","@id":"https:\/\/caluanieoxidizeusa.com\/product\/caluanie-muelear-oxidize-1-5liter\/","url":"https:\/\/caluanieoxidizeusa.com\/product\/caluanie-muelear-oxidize-1-5liter\/","name":"Caluanie Muelear oksidl\u0259\u015fdirici 1,5 litr | Kaluani AB\u015e-\u0131 oksidl\u0259\u015fdirir","isPartOf":{"@id":"https:\/\/caluanieoxidizeusa.com\/#website"},"primaryImageOfPage":{"@id":"https:\/\/caluanieoxidizeusa.com\/product\/caluanie-muelear-oxidize-1-5liter\/#primaryimage"},"image":{"@id":"https:\/\/caluanieoxidizeusa.com\/product\/caluanie-muelear-oxidize-1-5liter\/#primaryimage"},"thumbnailUrl":"https:\/\/caluanieoxidizeusa.com\/wp-content\/uploads\/2024\/04\/caluanie-muelear-1.5L.webp","datePublished":"2024-04-02T04:04:53+00:00","dateModified":"2026-03-31T12:44:21+00:00","description":"Caluanie Muelear Oxidize 1.5Liter, m\u00fcst\u0259sna x\u00fcsusiyy\u0259tl\u0259ri il\u0259 geni\u015f \u015f\u0259kild\u0259 tan\u0131nan g\u00fccl\u00fc v\u0259 effektiv oksidl\u0259\u015fdirici agentdir. \u0130st\u0259r s\u0259n","breadcrumb":{"@id":"https:\/\/caluanieoxidizeusa.com\/product\/caluanie-muelear-oxidize-1-5liter\/#breadcrumb"},"inLanguage":"az","potentialAction":[{"@type":"ReadAction","target":["https:\/\/caluanieoxidizeusa.com\/product\/caluanie-muelear-oxidize-1-5liter\/"]}]},{"@type":"ImageObject","inLanguage":"az","@id":"https:\/\/caluanieoxidizeusa.com\/product\/caluanie-muelear-oxidize-1-5liter\/#primaryimage","url":"https:\/\/caluanieoxidizeusa.com\/wp-content\/uploads\/2024\/04\/caluanie-muelear-1.5L.webp","contentUrl":"https:\/\/caluanieoxidizeusa.com\/wp-content\/uploads\/2024\/04\/caluanie-muelear-1.5L.webp","width":2048,"height":2048,"caption":"Buy Caluanie Muelear 1.5Liter"},{"@type":"BreadcrumbList","@id":"https:\/\/caluanieoxidizeusa.com\/product\/caluanie-muelear-oxidize-1-5liter\/#breadcrumb","itemListElement":[{"@type":"ListItem","position":1,"name":"Home","item":"https:\/\/caluanieoxidizeusa.com\/"},{"@type":"ListItem","position":2,"name":"Chemicals","item":"https:\/\/caluanieoxidizeusa.com\/chemicals\/"},{"@type":"ListItem","position":3,"name":"Caluanie Muelear Oxidize 1.5Liter"}]},{"@type":"WebSite","@id":"https:\/\/caluanieoxidizeusa.com\/#website","url":"https:\/\/caluanieoxidizeusa.com\/","name":"Kaluani AB\u015e-\u0131 oksidl\u0259\u015fdirir","description":"Caluanie Muelear oksidl\u0259\u015fdirici","publisher":{"@id":"https:\/\/caluanieoxidizeusa.com\/#organization"},"potentialAction":[{"@type":"SearchAction","target":{"@type":"EntryPoint","urlTemplate":"https:\/\/caluanieoxidizeusa.com\/?s={search_term_string}"},"query-input":{"@type":"PropertyValueSpecification","valueRequired":true,"valueName":"search_term_string"}}],"inLanguage":"az"},{"@type":"Organization","@id":"https:\/\/caluanieoxidizeusa.com\/#organization","name":"Kaluani AB\u015e-\u0131 oksidl\u0259\u015fdirir","url":"https:\/\/caluanieoxidizeusa.com\/","logo":{"@type":"ImageObject","inLanguage":"az","@id":"https:\/\/caluanieoxidizeusa.com\/#\/schema\/logo\/image\/","url":"https:\/\/caluanieoxidizeusa.com\/wp-content\/uploads\/2024\/03\/cropped-image_2024-03-31_081852907.png","contentUrl":"https:\/\/caluanieoxidizeusa.com\/wp-content\/uploads\/2024\/03\/cropped-image_2024-03-31_081852907.png","width":1127,"height":1118,"caption":"Caluanie Oxidize USA"},"image":{"@id":"https:\/\/caluanieoxidizeusa.com\/#\/schema\/logo\/image\/"}}]}},"_links":{"self":[{"href":"https:\/\/caluanieoxidizeusa.com\/az\/wp-json\/wp\/v2\/product\/930","targetHints":{"allow":["GET"]}}],"collection":[{"href":"https:\/\/caluanieoxidizeusa.com\/az\/wp-json\/wp\/v2\/product"}],"about":[{"href":"https:\/\/caluanieoxidizeusa.com\/az\/wp-json\/wp\/v2\/types\/product"}],"replies":[{"embeddable":true,"href":"https:\/\/caluanieoxidizeusa.com\/az\/wp-json\/wp\/v2\/comments?post=930"}],"wp:featuredmedia":[{"embeddable":true,"href":"https:\/\/caluanieoxidizeusa.com\/az\/wp-json\/wp\/v2\/media\/931"}],"wp:attachment":[{"href":"https:\/\/caluanieoxidizeusa.com\/az\/wp-json\/wp\/v2\/media?parent=930"}],"wp:term":[{"taxonomy":"product_brand","embeddable":true,"href":"https:\/\/caluanieoxidizeusa.com\/az\/wp-json\/wp\/v2\/product_brand?post=930"},{"taxonomy":"product_cat","embeddable":true,"href":"https:\/\/caluanieoxidizeusa.com\/az\/wp-json\/wp\/v2\/product_cat?post=930"},{"taxonomy":"product_tag","embeddable":true,"href":"https:\/\/caluanieoxidizeusa.com\/az\/wp-json\/wp\/v2\/product_tag?post=930"}],"curies":[{"name":"wp","href":"https:\/\/api.w.org\/{rel}","templated":true}]}}